{"id":1420,"date":"2024-04-05T16:42:16","date_gmt":"2024-04-05T16:42:16","guid":{"rendered":"https:\/\/migracion.annp.gov.py\/?page_id=1420"},"modified":"2025-06-30T13:12:26","modified_gmt":"2025-06-30T13:12:26","slug":"plan-anual-de-contrataciones","status":"publish","type":"page","link":"https:\/\/annp.gov.py\/?page_id=1420","title":{"rendered":"Plan Anual de Contrataciones"},"content":{"rendered":"\t\t<div data-elementor-type=\"wp-page\" data-elementor-id=\"1420\" class=\"elementor elementor-1420\">\n\t\t\t\t\t\t<section class=\"elementor-section elementor-top-section elementor-element elementor-element-3e565889 elementor-section-boxed elementor-section-height-default elementor-section-height-default\" data-id=\"3e565889\" data-element_type=\"section\" data-e-type=\"section\">\n\t\t\t\t\t\t<div class=\"elementor-container elementor-column-gap-default\">\n\t\t\t\t\t<div class=\"elementor-column elementor-col-100 elementor-top-column elementor-element elementor-element-4da238ac\" data-id=\"4da238ac\" data-element_type=\"column\" data-e-type=\"column\">\n\t\t\t<div class=\"elementor-widget-wrap elementor-element-populated\">\n\t\t\t\t\t\t<div class=\"elementor-element elementor-element-64ea48d elementor-widget elementor-widget-spacer\" data-id=\"64ea48d\" data-element_type=\"widget\" data-e-type=\"widget\" data-widget_type=\"spacer.default\">\n\t\t\t\t<div class=\"elementor-widget-container\">\n\t\t\t\t\t\t\t<div class=\"elementor-spacer\">\n\t\t\t<div class=\"elementor-spacer-inner\"><\/div>\n\t\t<\/div>\n\t\t\t\t\t\t<\/div>\n\t\t\t\t<\/div>\n\t\t\t\t\t<\/div>\n\t\t<\/div>\n\t\t\t\t\t<\/div>\n\t\t<\/section>\n\t\t\t\t<section class=\"elementor-section elementor-top-section elementor-element elementor-element-2d3e2f7 elementor-section-boxed elementor-section-height-default elementor-section-height-default\" data-id=\"2d3e2f7\" data-element_type=\"section\" data-e-type=\"section\" data-settings=\"{&quot;background_background&quot;:&quot;slideshow&quot;,&quot;background_slideshow_gallery&quot;:[{&quot;id&quot;:781,&quot;url&quot;:&quot;https:\\\/\\\/annp.gov.py\\\/wp-content\\\/uploads\\\/2023\\\/10\\\/Pto-PJC-4.jpeg&quot;}],&quot;background_slideshow_loop&quot;:&quot;yes&quot;,&quot;background_slideshow_slide_duration&quot;:5000,&quot;background_slideshow_slide_transition&quot;:&quot;fade&quot;,&quot;background_slideshow_transition_duration&quot;:500}\">\n\t\t\t\t\t\t\t<div class=\"elementor-background-overlay\"><\/div>\n\t\t\t\t\t\t\t<div class=\"elementor-container elementor-column-gap-default\">\n\t\t\t\t\t<div class=\"elementor-column elementor-col-100 elementor-top-column elementor-element elementor-element-f9439c5\" data-id=\"f9439c5\" data-element_type=\"column\" data-e-type=\"column\">\n\t\t\t<div class=\"elementor-widget-wrap elementor-element-populated\">\n\t\t\t\t\t\t<div class=\"elementor-element elementor-element-4eba9ad elementor-widget elementor-widget-spacer\" data-id=\"4eba9ad\" data-element_type=\"widget\" data-e-type=\"widget\" data-widget_type=\"spacer.default\">\n\t\t\t\t<div class=\"elementor-widget-container\">\n\t\t\t\t\t\t\t<div class=\"elementor-spacer\">\n\t\t\t<div class=\"elementor-spacer-inner\"><\/div>\n\t\t<\/div>\n\t\t\t\t\t\t<\/div>\n\t\t\t\t<\/div>\n\t\t\t\t<div class=\"elementor-element elementor-element-25a64dc e-transform elementor-widget elementor-widget-text-editor\" data-id=\"25a64dc\" data-element_type=\"widget\" data-e-type=\"widget\" data-settings=\"{&quot;_transform_skewX_effect_hover&quot;:{&quot;unit&quot;:&quot;px&quot;,&quot;size&quot;:0,&quot;sizes&quot;:[]},&quot;_transform_skewX_effect_hover_tablet&quot;:{&quot;unit&quot;:&quot;deg&quot;,&quot;size&quot;:&quot;&quot;,&quot;sizes&quot;:[]},&quot;_transform_skewX_effect_hover_mobile&quot;:{&quot;unit&quot;:&quot;deg&quot;,&quot;size&quot;:&quot;&quot;,&quot;sizes&quot;:[]},&quot;_transform_skewY_effect_hover&quot;:{&quot;unit&quot;:&quot;px&quot;,&quot;size&quot;:&quot;&quot;,&quot;sizes&quot;:[]},&quot;_transform_skewY_effect_hover_tablet&quot;:{&quot;unit&quot;:&quot;deg&quot;,&quot;size&quot;:&quot;&quot;,&quot;sizes&quot;:[]},&quot;_transform_skewY_effect_hover_mobile&quot;:{&quot;unit&quot;:&quot;deg&quot;,&quot;size&quot;:&quot;&quot;,&quot;sizes&quot;:[]}}\" data-widget_type=\"text-editor.default\">\n\t\t\t\t<div class=\"elementor-widget-container\">\n\t\t\t\t\t\t\t\t\t<h1>Plan Anual de Contrataci\u00f3n<\/h1><div><div class=\"txt2\">\u00a0<\/div><\/div>\t\t\t\t\t\t\t\t<\/div>\n\t\t\t\t<\/div>\n\t\t\t\t<div class=\"elementor-element elementor-element-73aad12 elementor-widget elementor-widget-spacer\" data-id=\"73aad12\" data-element_type=\"widget\" data-e-type=\"widget\" data-widget_type=\"spacer.default\">\n\t\t\t\t<div class=\"elementor-widget-container\">\n\t\t\t\t\t\t\t<div class=\"elementor-spacer\">\n\t\t\t<div class=\"elementor-spacer-inner\"><\/div>\n\t\t<\/div>\n\t\t\t\t\t\t<\/div>\n\t\t\t\t<\/div>\n\t\t\t\t\t<\/div>\n\t\t<\/div>\n\t\t\t\t\t<\/div>\n\t\t<\/section>\n\t\t\t\t<section class=\"elementor-section elementor-top-section elementor-element elementor-element-42e2ef0 elementor-section-boxed elementor-section-height-default elementor-section-height-default\" data-id=\"42e2ef0\" data-element_type=\"section\" data-e-type=\"section\">\n\t\t\t\t\t\t<div class=\"elementor-container elementor-column-gap-default\">\n\t\t\t\t\t<div class=\"elementor-column elementor-col-100 elementor-top-column elementor-element elementor-element-61bdd3f\" data-id=\"61bdd3f\" data-element_type=\"column\" data-e-type=\"column\">\n\t\t\t<div class=\"elementor-widget-wrap elementor-element-populated\">\n\t\t\t\t\t\t<div class=\"elementor-element elementor-element-c2b6be2 elementor-widget__width-initial elementor-widget elementor-widget-text-editor\" data-id=\"c2b6be2\" data-element_type=\"widget\" data-e-type=\"widget\" data-widget_type=\"text-editor.default\">\n\t\t\t\t<div class=\"elementor-widget-container\">\n\t\t\t\t\t\t\t\t\t<h3 class=\"media-heading\" style=\"text-align: center;\">Plan Anual de Contrataciones<\/h3><div id=\"copete\" class=\"txt2\"><p style=\"text-align: center;\"><br \/><br \/><strong>PROGRAMA ANUAL DE CONTRATACIONES P\u00daBLICAS<br \/><br \/>ADMINISTRACI\u00d3N NACIONAL DE NAVEGACI\u00d3N Y PUERTOS<br \/><br \/>(EJERCICIO FISCAL 2018)<\/strong><\/p><br \/><table class=\" alignright\" border=\"0\" width=\"641\" cellspacing=\"0\" cellpadding=\"0\"><tbody><tr><td><ul><li style=\"text-align: center;\">Para consultar las licitaciones de la ANNP en la Web de Contrataciones P\u00fablicas haga click en la imagen.<\/li><\/ul><\/td><td style=\"text-align: center;\"><a href=\"https:\/\/www.contrataciones.gov.py\/buscador\/licitaciones.html\"><img decoding=\"async\" src=\"https:\/\/www.contrataciones.gov.py\/images\/logos\/logo-dncp.jpg\" alt=\"\" \/><\/a><\/td><\/tr><tr><td>\u00a0<\/td><td>\u00a0<\/td><\/tr><tr><td>\u00a0<\/td><td>\u00a0<\/td><\/tr><\/tbody><\/table><\/div><div class=\"espacio20\">\u00a0<\/div>\t\t\t\t\t\t\t\t<\/div>\n\t\t\t\t<\/div>\n\t\t\t\t\t<\/div>\n\t\t<\/div>\n\t\t\t\t\t<\/div>\n\t\t<\/section>\n\t\t\t\t<section class=\"elementor-section elementor-top-section elementor-element elementor-element-f6e85b5 elementor-section-boxed elementor-section-height-default elementor-section-height-default\" data-id=\"f6e85b5\" data-element_type=\"section\" data-e-type=\"section\">\n\t\t\t\t\t\t<div class=\"elementor-container elementor-column-gap-default\">\n\t\t\t\t\t<div class=\"elementor-column elementor-col-100 elementor-top-column elementor-element elementor-element-6c06f1a\" data-id=\"6c06f1a\" data-element_type=\"column\" data-e-type=\"column\">\n\t\t\t<div class=\"elementor-widget-wrap elementor-element-populated\">\n\t\t\t\t\t\t<div class=\"elementor-element elementor-element-0026ab7 elementor-widget elementor-widget-html\" data-id=\"0026ab7\" data-element_type=\"widget\" data-e-type=\"widget\" data-widget_type=\"html.default\">\n\t\t\t\t<div class=\"elementor-widget-container\">\n\t\t\t\t\t<!-- El iframe donde se carga el contenido din\u00e1mico -->\n<iframe id=\"visorDocumentos\" src=\"https:\/\/annp.gov.py\/include\/finanzas.php?carpeta=plan_anual_de_contrataciones\" width=\"100%\" height=\"500\" style=\"border: none;\"><\/iframe>\n\n<script>\nfunction cargarDocumentos(carpeta) {\n    document.getElementById('visorDocumentos').src = 'https:\/\/annp.gov.py\/include\/prueba.php?carpeta=' + encodeURIComponent(carpeta);\n}\n<\/script>\t\t\t\t<\/div>\n\t\t\t\t<\/div>\n\t\t\t\t\t<\/div>\n\t\t<\/div>\n\t\t\t\t\t<\/div>\n\t\t<\/section>\n\t\t\t\t<\/div>\n\t\t","protected":false},"excerpt":{"rendered":"<p>Plan Anual de Contrataci\u00f3n\u00a0 Plan Anual de ContratacionesPROGRAMA ANUAL DE CONTRATACIONES P\u00daBLICASADMINISTRACI\u00d3N NACIONAL DE NAVEGACI\u00d3N Y PUERTOS(EJERCICIO FISCAL 2018)Para consultar las licitaciones de la ANNP en la Web de Contrataciones P\u00fablicas haga click en la imagen.\u00a0\u00a0\u00a0\u00a0\u00a0<\/p>\n","protected":false},"author":2,"featured_media":0,"parent":0,"menu_order":0,"comment_status":"closed","ping_status":"closed","template":"page-templates\/home-1.php","meta":{"inline_featured_image":false,"footnotes":""},"class_list":["post-1420","page","type-page","status-publish","hentry"],"_links":{"self":[{"href":"https:\/\/annp.gov.py\/index.php?rest_route=\/wp\/v2\/pages\/1420","targetHints":{"allow":["GET"]}}],"collection":[{"href":"https:\/\/annp.gov.py\/index.php?rest_route=\/wp\/v2\/pages"}],"about":[{"href":"https:\/\/annp.gov.py\/index.php?rest_route=\/wp\/v2\/types\/page"}],"author":[{"embeddable":true,"href":"https:\/\/annp.gov.py\/index.php?rest_route=\/wp\/v2\/users\/2"}],"replies":[{"embeddable":true,"href":"https:\/\/annp.gov.py\/index.php?rest_route=%2Fwp%2Fv2%2Fcomments&post=1420"}],"version-history":[{"count":21,"href":"https:\/\/annp.gov.py\/index.php?rest_route=\/wp\/v2\/pages\/1420\/revisions"}],"predecessor-version":[{"id":4419,"href":"https:\/\/annp.gov.py\/index.php?rest_route=\/wp\/v2\/pages\/1420\/revisions\/4419"}],"wp:attachment":[{"href":"https:\/\/annp.gov.py\/index.php?rest_route=%2Fwp%2Fv2%2Fmedia&parent=1420"}],"curies":[{"name":"wp","href":"https:\/\/api.w.org\/{rel}","templated":true}]}}