{"id":1574,"date":"2024-04-05T18:49:21","date_gmt":"2024-04-05T18:49:21","guid":{"rendered":"https:\/\/migracion.annp.gov.py\/?page_id=1574"},"modified":"2026-04-20T12:38:04","modified_gmt":"2026-04-20T15:38:04","slug":"rendicion-de-cuentas","status":"publish","type":"page","link":"https:\/\/annp.gov.py\/?page_id=1574","title":{"rendered":"Rendici\u00f3n de Cuentas"},"content":{"rendered":"\t\t<div data-elementor-type=\"wp-page\" data-elementor-id=\"1574\" class=\"elementor elementor-1574\">\n\t\t\t\t\t\t<section class=\"elementor-section elementor-top-section elementor-element elementor-element-3e565889 elementor-section-boxed elementor-section-height-default elementor-section-height-default\" data-id=\"3e565889\" data-element_type=\"section\" data-e-type=\"section\">\n\t\t\t\t\t\t<div class=\"elementor-container elementor-column-gap-default\">\n\t\t\t\t\t<div class=\"elementor-column elementor-col-100 elementor-top-column elementor-element elementor-element-4da238ac\" data-id=\"4da238ac\" data-element_type=\"column\" data-e-type=\"column\">\n\t\t\t<div class=\"elementor-widget-wrap elementor-element-populated\">\n\t\t\t\t\t\t<div class=\"elementor-element elementor-element-64ea48d elementor-widget elementor-widget-spacer\" data-id=\"64ea48d\" data-element_type=\"widget\" data-e-type=\"widget\" data-widget_type=\"spacer.default\">\n\t\t\t\t<div class=\"elementor-widget-container\">\n\t\t\t\t\t\t\t<div class=\"elementor-spacer\">\n\t\t\t<div class=\"elementor-spacer-inner\"><\/div>\n\t\t<\/div>\n\t\t\t\t\t\t<\/div>\n\t\t\t\t<\/div>\n\t\t\t\t\t<\/div>\n\t\t<\/div>\n\t\t\t\t\t<\/div>\n\t\t<\/section>\n\t\t\t\t<section class=\"elementor-section elementor-top-section elementor-element elementor-element-2d3e2f7 elementor-section-boxed elementor-section-height-default elementor-section-height-default\" data-id=\"2d3e2f7\" data-element_type=\"section\" data-e-type=\"section\" data-settings=\"{&quot;background_background&quot;:&quot;slideshow&quot;,&quot;background_slideshow_gallery&quot;:[{&quot;id&quot;:781,&quot;url&quot;:&quot;https:\\\/\\\/annp.gov.py\\\/wp-content\\\/uploads\\\/2023\\\/10\\\/Pto-PJC-4.jpeg&quot;}],&quot;background_slideshow_loop&quot;:&quot;yes&quot;,&quot;background_slideshow_slide_duration&quot;:5000,&quot;background_slideshow_slide_transition&quot;:&quot;fade&quot;,&quot;background_slideshow_transition_duration&quot;:500}\">\n\t\t\t\t\t\t\t<div class=\"elementor-background-overlay\"><\/div>\n\t\t\t\t\t\t\t<div class=\"elementor-container elementor-column-gap-default\">\n\t\t\t\t\t<div class=\"elementor-column elementor-col-100 elementor-top-column elementor-element elementor-element-f9439c5\" data-id=\"f9439c5\" data-element_type=\"column\" data-e-type=\"column\">\n\t\t\t<div class=\"elementor-widget-wrap elementor-element-populated\">\n\t\t\t\t\t\t<div class=\"elementor-element elementor-element-4eba9ad elementor-widget elementor-widget-spacer\" data-id=\"4eba9ad\" data-element_type=\"widget\" data-e-type=\"widget\" data-widget_type=\"spacer.default\">\n\t\t\t\t<div class=\"elementor-widget-container\">\n\t\t\t\t\t\t\t<div class=\"elementor-spacer\">\n\t\t\t<div class=\"elementor-spacer-inner\"><\/div>\n\t\t<\/div>\n\t\t\t\t\t\t<\/div>\n\t\t\t\t<\/div>\n\t\t\t\t<div class=\"elementor-element elementor-element-25a64dc e-transform elementor-widget elementor-widget-text-editor\" data-id=\"25a64dc\" data-element_type=\"widget\" data-e-type=\"widget\" data-settings=\"{&quot;_transform_skewX_effect_hover&quot;:{&quot;unit&quot;:&quot;px&quot;,&quot;size&quot;:0,&quot;sizes&quot;:[]},&quot;_transform_skewX_effect_hover_tablet&quot;:{&quot;unit&quot;:&quot;deg&quot;,&quot;size&quot;:&quot;&quot;,&quot;sizes&quot;:[]},&quot;_transform_skewX_effect_hover_mobile&quot;:{&quot;unit&quot;:&quot;deg&quot;,&quot;size&quot;:&quot;&quot;,&quot;sizes&quot;:[]},&quot;_transform_skewY_effect_hover&quot;:{&quot;unit&quot;:&quot;px&quot;,&quot;size&quot;:&quot;&quot;,&quot;sizes&quot;:[]},&quot;_transform_skewY_effect_hover_tablet&quot;:{&quot;unit&quot;:&quot;deg&quot;,&quot;size&quot;:&quot;&quot;,&quot;sizes&quot;:[]},&quot;_transform_skewY_effect_hover_mobile&quot;:{&quot;unit&quot;:&quot;deg&quot;,&quot;size&quot;:&quot;&quot;,&quot;sizes&quot;:[]}}\" data-widget_type=\"text-editor.default\">\n\t\t\t\t<div class=\"elementor-widget-container\">\n\t\t\t\t\t\t\t\t\t<h2 class=\"media-heading\">Rendici\u00f3n de Cuentas<\/h2>\t\t\t\t\t\t\t\t<\/div>\n\t\t\t\t<\/div>\n\t\t\t\t<div class=\"elementor-element elementor-element-73aad12 elementor-widget elementor-widget-spacer\" data-id=\"73aad12\" data-element_type=\"widget\" data-e-type=\"widget\" data-widget_type=\"spacer.default\">\n\t\t\t\t<div class=\"elementor-widget-container\">\n\t\t\t\t\t\t\t<div class=\"elementor-spacer\">\n\t\t\t<div class=\"elementor-spacer-inner\"><\/div>\n\t\t<\/div>\n\t\t\t\t\t\t<\/div>\n\t\t\t\t<\/div>\n\t\t\t\t\t<\/div>\n\t\t<\/div>\n\t\t\t\t\t<\/div>\n\t\t<\/section>\n\t\t\t\t<section class=\"elementor-section elementor-top-section elementor-element elementor-element-0b5cb72 elementor-section-boxed elementor-section-height-default elementor-section-height-default\" data-id=\"0b5cb72\" data-element_type=\"section\" data-e-type=\"section\">\n\t\t\t\t\t\t<div class=\"elementor-container elementor-column-gap-default\">\n\t\t\t\t\t<div class=\"elementor-column elementor-col-100 elementor-top-column elementor-element elementor-element-b858ed4\" data-id=\"b858ed4\" data-element_type=\"column\" data-e-type=\"column\">\n\t\t\t<div class=\"elementor-widget-wrap elementor-element-populated\">\n\t\t\t\t\t\t<div class=\"elementor-element elementor-element-1d1ae93 elementor-widget elementor-widget-spacer\" data-id=\"1d1ae93\" data-element_type=\"widget\" data-e-type=\"widget\" data-widget_type=\"spacer.default\">\n\t\t\t\t<div class=\"elementor-widget-container\">\n\t\t\t\t\t\t\t<div class=\"elementor-spacer\">\n\t\t\t<div class=\"elementor-spacer-inner\"><\/div>\n\t\t<\/div>\n\t\t\t\t\t\t<\/div>\n\t\t\t\t<\/div>\n\t\t\t\t\t<\/div>\n\t\t<\/div>\n\t\t\t\t\t<\/div>\n\t\t<\/section>\n\t\t\t\t<section class=\"elementor-section elementor-top-section elementor-element elementor-element-f7ed902 elementor-section-boxed elementor-section-height-default elementor-section-height-default\" data-id=\"f7ed902\" data-element_type=\"section\" data-e-type=\"section\">\n\t\t\t\t\t\t<div class=\"elementor-container elementor-column-gap-default\">\n\t\t\t\t\t<div class=\"elementor-column elementor-col-100 elementor-top-column elementor-element elementor-element-d08dd9b\" data-id=\"d08dd9b\" data-element_type=\"column\" data-e-type=\"column\">\n\t\t\t<div class=\"elementor-widget-wrap elementor-element-populated\">\n\t\t\t\t\t\t<div class=\"elementor-element elementor-element-a89a631 elementor-widget elementor-widget-text-editor\" data-id=\"a89a631\" data-element_type=\"widget\" data-e-type=\"widget\" data-widget_type=\"text-editor.default\">\n\t\t\t\t<div class=\"elementor-widget-container\">\n\t\t\t\t\t\t\t\t\t<div class=\"espacio10\"><div class=\"espacio10\"><div id=\"copete\" class=\"txt2\"><h4><strong>Rendici\u00f3n de Cuentas al Ciudadano<\/strong><\/h4><hr \/><\/div><div class=\"espacio20\">\u00a0<\/div><div class=\"espacio10\">\u00a0<\/div><div id=\"cuerpo\" class=\"txt2\"><p>El nuevo modelo de rendici\u00f3n de cuentas se desarrolla en base a la metodolog\u00eda establecida en el manual aprobado por el <strong><a href=\"https:\/\/drive.google.com\/file\/d\/1Uux7xTw7wcucllPqpui6v7juA7ezRTKP\/view?usp=drive_link\">Decreto N\u00ba 2991\/19<\/a><\/strong>, que encarga a las autoridades de las instituciones del Poder Ejecutivo, a impulsar actividades de rendici\u00f3n sobre su gesti\u00f3n, dirigidos al sujeto destinatario del servicio (el ciudadano), de forma sencilla, amigable y en forma constante, motivando su colaboraci\u00f3n en los procesos de toma de decisiones.<\/p><p>La coordinaci\u00f3n de las acciones recae sobre el Comit\u00e9 de Rendici\u00f3n de Cuentas al Ciudadano (CRCC), instancia constituida en las instituciones, con la misi\u00f3n de elaborar el plan de rendici\u00f3n de cuentas institucional y gestionar los mecanismos necesarios para dar avances al mismo, con la colaboraci\u00f3n activa y coordinada de todos sus miembros.<\/p><p>El CRCC tiene el encargo de elaborar informes parciales peri\u00f3dicos y un informe final, con sus respetivas evidencias, que se ponen a disposici\u00f3n de la ciudadan\u00eda para el libre acceso y control.\u00a0<\/p><ul><li><h5><a href=\"https:\/\/drive.google.com\/file\/d\/1__kLjeimKPgCu4g5LrXrnK57BQAw3UEE\/view?usp=drive_link\"><span style=\"color: #333399;\">Resoluci\u00f3n N\u00b0<\/span><span style=\"color: #333399;\"> 93 \/ 2020<\/span><\/a><\/h5><\/li><\/ul><\/div><\/div><\/div><div class=\"espacio10\"><div class=\"espacio10\"><div id=\"cuerpo\" class=\"txt2\"><hr \/><\/div><div id=\"cuerpo\" class=\"txt2\"><h3><strong>EJERCICIO FISCAL 2026<\/strong><\/h3><ul><li><strong><a href=\"https:\/\/drive.google.com\/file\/d\/1Vi-a6xNa0Mi4BWSf1vJKVmAR8czUcjvT\/view?usp=drive_link\">N\u00f3mina de Integrantes<\/a><a href=\"https:\/\/drive.google.com\/file\/d\/1Vi-a6xNa0Mi4BWSf1vJKVmAR8czUcjvT\/view?usp=drive_link\"> d<\/a><a href=\"https:\/\/drive.google.com\/file\/d\/1Vi-a6xNa0Mi4BWSf1vJKVmAR8czUcjvT\/view?usp=drive_link\">el<\/a><a href=\"https:\/\/drive.google.com\/file\/d\/11gIm80L0ooqfolpfUb9OlrGkmo5W7c30\/view?usp=drive_link\"> Comit\u00e9 de Rendici\u00f3n de Cuentas, Resoluci\u00f3n N\u00b0 51\/2025<\/a><\/strong><\/li><li><strong><a href=\"https:\/\/drive.google.com\/file\/d\/1Vi-a6xNa0Mi4BWSf1vJKVmAR8czUcjvT\/view?usp=drive_link\">Plan de Rendici\u00f3n de Cuentas al Ciudadano, Resoluci\u00f3n N\u00b007\/2026<\/a><\/strong><\/li><li><strong><a href=\"https:\/\/drive.google.com\/file\/d\/1BDwGoWQ0o3zxjrQ8wbio8RS0_g6ajvDQ\/view?usp=drive_link\">Primer Informe Parcial (Enero, Febrero, Marzo )<\/a><\/strong><\/li><\/ul><hr \/><h3><strong>EJERCICIO FISCAL 2025<\/strong><\/h3><ul><li><a href=\"https:\/\/drive.google.com\/file\/d\/1WYzU9kV20CSunevqSPDns4nlpAXjeb-q\/view?usp=drive_link\"><strong>N\u00f3mina de Integrantes del Comit\u00e9 de Rendici\u00f3n de Cuentas, Resoluci\u00f3n N\u00b0 51\/2025<\/strong><\/a><\/li><li><a href=\"https:\/\/drive.google.com\/file\/d\/1SUJ4DmqSFSiT3vdMhK0uGI-hZP160M3e\/view?usp=drive_link\"><strong>Plan de Rendici\u00f3n de Cuentas al Ciudadano, Resoluci\u00f3n N\u00b0 53\/2025<\/strong><\/a><\/li><li><a href=\"https:\/\/drive.google.com\/file\/d\/1yOCLhLoRUYeoMoz7zTFUuPPCrzicbADa\/view?usp=drive_link\"><strong>Primer Informe Parcial (Enero, Febrero, Marzo)<\/strong><\/a><\/li><li><a href=\"https:\/\/drive.google.com\/file\/d\/1saemT3yPvsdPvZ2f7FDnQG9SfH8cva2B\/view?usp=drive_link\"><strong>Segundo Informe Parcial (Abril,Mayo,Junio)<\/strong><\/a><\/li><li><strong><a href=\"https:\/\/drive.google.com\/file\/d\/1T8Gxq1Q0Yj-jSnJJcIksUMtYS8maD0pK\/view?usp=sharing\">Tercer Informe Parcial ( Julio, Agosto, Septiembre )<\/a><\/strong><\/li><li><strong><a href=\"https:\/\/annp.gov.py\/audiencia-publica\/\">Audiencia P\u00fablica 2025<\/a><\/strong><\/li><li><strong><a href=\"https:\/\/drive.google.com\/file\/d\/1ipbClq-hS2rTxiAEEg5RsfxaubODzzvH\/view?usp=drive_link\">Informe Final<\/a> 2025<\/strong><\/li><li><a href=\"https:\/\/drive.google.com\/file\/d\/1fnUUw6LGMpmGPp3z7KjOOg2KvOLjjLnj\/view?usp=drive_link\"><strong>Memoria Anual <\/strong><\/a><\/li><li><a href=\"https:\/\/drive.google.com\/file\/d\/1CJTWqaFXLgqdI4X6SHnfHRO7XX_WNM26\/view?usp=drive_link\"><strong>Matriz de Indicadores 2025<\/strong><\/a><\/li><\/ul><\/div><hr \/><div id=\"cuerpo\" class=\"txt2\"><h3>\u00a0<\/h3><h3><strong>EJERCICIO FISCAL 2024<\/strong><\/h3><ul><li><a href=\"https:\/\/drive.google.com\/file\/d\/1hWS-BVG-_QetFlbScbDpsoUJBsG38Uef\/view?usp=drive_link\"><strong>Plan de Rendici\u00f3n de Cuentas al Ciudadano, Resoluci\u00f3n Nro 35\/2024<\/strong><\/a><\/li><li><a href=\"https:\/\/drive.google.com\/file\/d\/1cJ2iHpgv8uO-R-gXKFiJhkjjXAHwGoft\/view?usp=drive_link\"><strong>Primer Informe Parcial (Enero, Febrero, Marzo)<\/strong><\/a><\/li><li><a href=\"https:\/\/drive.google.com\/file\/d\/1ptiyLafz73kzlZ5G_mZxKV6InxF3Splx\/view?usp=drive_link\"><strong>Segundo Informe Parcial (Abril, Mayo, Junio)<\/strong><\/a><\/li><li><a href=\"https:\/\/drive.google.com\/file\/d\/18xtOi_zEJ_u7tc1Nxku-LiZG1XK8cEXm\/view?usp=drive_link\"><strong>Tercer Informe Parcial (Julio, Agosto, Septiembre)<\/strong><\/a><\/li><li><a href=\"https:\/\/drive.google.com\/file\/d\/1rwXyGwXeJ8pkjeO1cz3zc8st2ECHNgse\/view?usp=drive_link\"><strong>Informe Final<\/strong><\/a> <strong>2024<\/strong><\/li><li><strong><a href=\"https:\/\/drive.google.com\/file\/d\/1PNADdnKD_9fkxMH17kc_c1Aj4wiQW7b3\/view?usp=drive_link\">Memoria Anual<\/a><\/strong><\/li><li><strong><a href=\"https:\/\/drive.google.com\/file\/d\/1m02pKrAEovdI5FEp1sMvY2hIic1IRzfw\/view?usp=drive_link\">Matriz de Indicadores<\/a> 2024<\/strong><\/li><\/ul><\/div><\/div><div id=\"cuerpo\" class=\"txt2\">\u00a0<\/div><\/div>\t\t\t\t\t\t\t\t<\/div>\n\t\t\t\t<\/div>\n\t\t\t\t<div class=\"elementor-element elementor-element-638c7f4 elementor-widget elementor-widget-spacer\" data-id=\"638c7f4\" data-element_type=\"widget\" data-e-type=\"widget\" data-widget_type=\"spacer.default\">\n\t\t\t\t<div class=\"elementor-widget-container\">\n\t\t\t\t\t\t\t<div class=\"elementor-spacer\">\n\t\t\t<div class=\"elementor-spacer-inner\"><\/div>\n\t\t<\/div>\n\t\t\t\t\t\t<\/div>\n\t\t\t\t<\/div>\n\t\t\t\t\t<\/div>\n\t\t<\/div>\n\t\t\t\t\t<\/div>\n\t\t<\/section>\n\t\t\t\t<\/div>\n\t\t","protected":false},"excerpt":{"rendered":"<p>Rendici\u00f3n de Cuentas Rendici\u00f3n de Cuentas al Ciudadano\u00a0\u00a0El nuevo modelo de rendici\u00f3n de cuentas se desarrolla en base a la metodolog\u00eda establecida en el manual aprobado por el Decreto N\u00ba 2991\/19, que encarga a las autoridades de las instituciones del Poder Ejecutivo, a impulsar actividades de rendici\u00f3n sobre su gesti\u00f3n, dirigidos al sujeto destinatario del [&hellip;]<\/p>\n","protected":false},"author":2,"featured_media":0,"parent":0,"menu_order":0,"comment_status":"closed","ping_status":"closed","template":"page-templates\/home-1.php","meta":{"inline_featured_image":false,"footnotes":""},"class_list":["post-1574","page","type-page","status-publish","hentry"],"_links":{"self":[{"href":"https:\/\/annp.gov.py\/index.php?rest_route=\/wp\/v2\/pages\/1574","targetHints":{"allow":["GET"]}}],"collection":[{"href":"https:\/\/annp.gov.py\/index.php?rest_route=\/wp\/v2\/pages"}],"about":[{"href":"https:\/\/annp.gov.py\/index.php?rest_route=\/wp\/v2\/types\/page"}],"author":[{"embeddable":true,"href":"https:\/\/annp.gov.py\/index.php?rest_route=\/wp\/v2\/users\/2"}],"replies":[{"embeddable":true,"href":"https:\/\/annp.gov.py\/index.php?rest_route=%2Fwp%2Fv2%2Fcomments&post=1574"}],"version-history":[{"count":187,"href":"https:\/\/annp.gov.py\/index.php?rest_route=\/wp\/v2\/pages\/1574\/revisions"}],"predecessor-version":[{"id":22245,"href":"https:\/\/annp.gov.py\/index.php?rest_route=\/wp\/v2\/pages\/1574\/revisions\/22245"}],"wp:attachment":[{"href":"https:\/\/annp.gov.py\/index.php?rest_route=%2Fwp%2Fv2%2Fmedia&parent=1574"}],"curies":[{"name":"wp","href":"https:\/\/api.w.org\/{rel}","templated":true}]}}