{"id":1809,"date":"2024-04-22T14:35:04","date_gmt":"2024-04-22T14:35:04","guid":{"rendered":"https:\/\/migracion.annp.gov.py\/?page_id=1809"},"modified":"2026-03-26T12:04:03","modified_gmt":"2026-03-26T15:04:03","slug":"terminal-portuaria-de-jose-a-falcon","status":"publish","type":"page","link":"https:\/\/annp.gov.py\/?page_id=1809","title":{"rendered":"TERMINAL PORTUARIA DE JOS\u00c9 A. FALC\u00d3N"},"content":{"rendered":"\t\t<div data-elementor-type=\"wp-page\" data-elementor-id=\"1809\" class=\"elementor elementor-1809\">\n\t\t\t\t\t\t<section class=\"elementor-section elementor-top-section elementor-element elementor-element-634655be elementor-section-boxed elementor-section-height-default elementor-section-height-default\" data-id=\"634655be\" data-element_type=\"section\" data-e-type=\"section\">\n\t\t\t\t\t\t<div class=\"elementor-container elementor-column-gap-default\">\n\t\t\t\t\t<div class=\"elementor-column elementor-col-100 elementor-top-column elementor-element elementor-element-496c02e7\" data-id=\"496c02e7\" data-element_type=\"column\" data-e-type=\"column\">\n\t\t\t<div class=\"elementor-widget-wrap elementor-element-populated\">\n\t\t\t\t\t\t<div class=\"elementor-element elementor-element-eab1a22 elementor-widget elementor-widget-spacer\" data-id=\"eab1a22\" data-element_type=\"widget\" data-e-type=\"widget\" data-widget_type=\"spacer.default\">\n\t\t\t\t<div class=\"elementor-widget-container\">\n\t\t\t\t\t\t\t<div class=\"elementor-spacer\">\n\t\t\t<div class=\"elementor-spacer-inner\"><\/div>\n\t\t<\/div>\n\t\t\t\t\t\t<\/div>\n\t\t\t\t<\/div>\n\t\t\t\t<div class=\"elementor-element elementor-element-05dea4d elementor-widget elementor-widget-heading\" data-id=\"05dea4d\" data-element_type=\"widget\" data-e-type=\"widget\" data-widget_type=\"heading.default\">\n\t\t\t\t<div class=\"elementor-widget-container\">\n\t\t\t\t\t<h2 class=\"elementor-heading-title elementor-size-default\">TERMINAL PORTUARIA DE JOS\u00c9 A. FALC\u00d3N<\/h2>\t\t\t\t<\/div>\n\t\t\t\t<\/div>\n\t\t\t\t<div class=\"elementor-element elementor-element-522a0e2 elementor-widget elementor-widget-spacer\" data-id=\"522a0e2\" data-element_type=\"widget\" data-e-type=\"widget\" data-widget_type=\"spacer.default\">\n\t\t\t\t<div class=\"elementor-widget-container\">\n\t\t\t\t\t\t\t<div class=\"elementor-spacer\">\n\t\t\t<div class=\"elementor-spacer-inner\"><\/div>\n\t\t<\/div>\n\t\t\t\t\t\t<\/div>\n\t\t\t\t<\/div>\n\t\t\t\t\t<\/div>\n\t\t<\/div>\n\t\t\t\t\t<\/div>\n\t\t<\/section>\n\t\t\t\t<section class=\"elementor-section elementor-top-section elementor-element elementor-element-c446b9f elementor-section-boxed elementor-section-height-default elementor-section-height-default\" data-id=\"c446b9f\" data-element_type=\"section\" data-e-type=\"section\" data-settings=\"{&quot;background_background&quot;:&quot;classic&quot;}\">\n\t\t\t\t\t\t<div class=\"elementor-container elementor-column-gap-default\">\n\t\t\t\t\t<div class=\"elementor-column elementor-col-50 elementor-top-column elementor-element elementor-element-075d89c\" data-id=\"075d89c\" data-element_type=\"column\" data-e-type=\"column\">\n\t\t\t<div class=\"elementor-widget-wrap elementor-element-populated\">\n\t\t\t\t\t\t<div class=\"elementor-element elementor-element-18dfc5f elementor-widget elementor-widget-spacer\" data-id=\"18dfc5f\" data-element_type=\"widget\" data-e-type=\"widget\" data-widget_type=\"spacer.default\">\n\t\t\t\t<div class=\"elementor-widget-container\">\n\t\t\t\t\t\t\t<div class=\"elementor-spacer\">\n\t\t\t<div class=\"elementor-spacer-inner\"><\/div>\n\t\t<\/div>\n\t\t\t\t\t\t<\/div>\n\t\t\t\t<\/div>\n\t\t\t\t<div class=\"elementor-element elementor-element-f44d4a0 elementor-widget elementor-widget-text-editor\" data-id=\"f44d4a0\" data-element_type=\"widget\" data-e-type=\"widget\" data-widget_type=\"text-editor.default\">\n\t\t\t\t<div class=\"elementor-widget-container\">\n\t\t\t\t\t\t\t\t\t<p class=\"cvGsUA direction-ltr align-justify para-style-body\"><strong><span class=\"OYPEnA text-decoration-none text-strikethrough-none\">Localizaci\u00f3n:<\/span><\/strong><span class=\"OYPEnA text-decoration-none text-strikethrough-none\"> Ubicado a 40 km de Asunci\u00f3n. Es una Terminal Terrestre, a la cual se llega a trav\u00e9s de la Ruta Internacional que pasa por el Puente San Ignacio de Loyola sobre el R\u00edo Pilcomayo.<\/span><\/p><p class=\"cvGsUA direction-ltr align-justify para-style-body\"><strong><span class=\"OYPEnA text-decoration-none text-strikethrough-none\">Dimensi\u00f3n:<\/span><\/strong><span class=\"OYPEnA text-decoration-none text-strikethrough-none\"> 12 Hect\u00e1reas. La Ruta Internacional, divide al Recinto en \u00e1reas bien diferenciadas: a) \u00c1rea de Mercader\u00edas de Importaci\u00f3n, ACI, Sector Este. \u00c1rea de Turismo s\/Ruta Internacional y Sector b) Mercader\u00edas de Exportaci\u00f3n, Sector Oeste.<\/span><\/p><p class=\"cvGsUA direction-ltr align-justify para-style-body\"><strong><span class=\"OYPEnA text-decoration-none text-strikethrough-none\">Tipo de Operaci\u00f3n:<\/span><\/strong><span class=\"OYPEnA text-decoration-none text-strikethrough-none\"> Importaci\u00f3n, mercader\u00edas en tr\u00e1nsito y en lastre.<\/span><\/p><p class=\"cvGsUA direction-ltr align-justify para-style-body\"><span class=\"OYPEnA text-decoration-none text-strikethrough-none\"><strong>Ventajas:<\/strong> <\/span><span class=\"OYPEnA text-decoration-none text-strikethrough-none\">Su mayor fortaleza es la ubicaci\u00f3n geogr\u00e1fica. Principal punto de ingreso como Puerto Terrestre de productos provenientes de los puertos tanto del Atl\u00e1ntico como del Pac\u00edfico, asimismo la salida de productos nacionales v\u00eda terrestre hac\u00eda esos destinos.<\/span><\/p><p class=\"cvGsUA direction-ltr align-justify para-style-body\"><strong><span class=\"OYPEnA text-decoration-none text-strikethrough-none\">Infraestructura: <\/span><\/strong><span class=\"OYPEnA text-decoration-none text-strikethrough-none\">Sector A \u2013 Lado Este: Oficinas Administrativas de ANNP y Aduanas. Dep\u00f3sito para almacenamiento. Patio de estacionamiento para camiones, incluye \u00e1rea de estacionamiento, verificaci\u00f3n, y maniobras. And\u00e9n Multimodal de verificaci\u00f3n de cargas. \u00c1rea p\/ estacionamiento de veh\u00edculos importados. \u00c1rea p\/ estacionamiento de mercader\u00edas peligrosas. Casetas de control de acceso. Ba\u00f1os p\u00fablicos sexados. \u00c1rea de Control Integrado de frontera, con oficinas administrativas. M\u00e1quina WEKAM (Capacidad 2.500 kl). B\u00e1scula de 100 ton, sanitarios sexados. B\u00e1scula MTB BCH Series 60 Ton. Cierre Perimetral. Sector s\/ Ruta INAC. \u00c1rea de Turismo. Oficinas p\/ ANNP y Aduanas, Migraciones, Polic\u00eda Nacional, Aduana y Migraciones Argentina, Seguridad y Vigilancia de ANNP, Control de Exportaciones. SECTOR B \u2013 Lado Oeste: Edificio de Agencias Mar\u00edtimas y de Transporte. Restaurant y Comedor. Planta de Tratamiento de Agua, cuenta con 3 reservorios:(50.000, 80.000 y 160.000 litros). Motor Generador de corriente el\u00e9ctrica. Caseta de Control de Acceso. Cerco Perimetral de cerramiento.<\/span><\/p>\t\t\t\t\t\t\t\t<\/div>\n\t\t\t\t<\/div>\n\t\t\t\t<div class=\"elementor-element elementor-element-e6d7a38 elementor-widget elementor-widget-spacer\" data-id=\"e6d7a38\" data-element_type=\"widget\" data-e-type=\"widget\" data-widget_type=\"spacer.default\">\n\t\t\t\t<div class=\"elementor-widget-container\">\n\t\t\t\t\t\t\t<div class=\"elementor-spacer\">\n\t\t\t<div class=\"elementor-spacer-inner\"><\/div>\n\t\t<\/div>\n\t\t\t\t\t\t<\/div>\n\t\t\t\t<\/div>\n\t\t\t\t\t<\/div>\n\t\t<\/div>\n\t\t\t\t<div class=\"elementor-column elementor-col-50 elementor-top-column elementor-element elementor-element-6a46d76\" data-id=\"6a46d76\" data-element_type=\"column\" data-e-type=\"column\">\n\t\t\t<div class=\"elementor-widget-wrap elementor-element-populated\">\n\t\t\t\t\t\t<div class=\"elementor-element elementor-element-59dbd67 elementor-widget elementor-widget-spacer\" data-id=\"59dbd67\" data-element_type=\"widget\" data-e-type=\"widget\" data-widget_type=\"spacer.default\">\n\t\t\t\t<div class=\"elementor-widget-container\">\n\t\t\t\t\t\t\t<div class=\"elementor-spacer\">\n\t\t\t<div class=\"elementor-spacer-inner\"><\/div>\n\t\t<\/div>\n\t\t\t\t\t\t<\/div>\n\t\t\t\t<\/div>\n\t\t\t\t<div class=\"elementor-element elementor-element-fe02e20 elementor-arrows-position-inside elementor-pagination-position-outside elementor-widget elementor-widget-image-carousel\" data-id=\"fe02e20\" data-element_type=\"widget\" data-e-type=\"widget\" data-settings=\"{&quot;slides_to_show&quot;:&quot;1&quot;,&quot;navigation&quot;:&quot;both&quot;,&quot;autoplay&quot;:&quot;yes&quot;,&quot;pause_on_hover&quot;:&quot;yes&quot;,&quot;pause_on_interaction&quot;:&quot;yes&quot;,&quot;autoplay_speed&quot;:5000,&quot;infinite&quot;:&quot;yes&quot;,&quot;effect&quot;:&quot;slide&quot;,&quot;speed&quot;:500}\" data-widget_type=\"image-carousel.default\">\n\t\t\t\t<div class=\"elementor-widget-container\">\n\t\t\t\t\t\t\t<div class=\"elementor-image-carousel-wrapper swiper\" role=\"region\" aria-roledescription=\"carousel\" aria-label=\"Carrusel de im\u00e1genes\" dir=\"ltr\">\n\t\t\t<div class=\"elementor-image-carousel swiper-wrapper swiper-image-stretch\" aria-live=\"off\">\n\t\t\t\t\t\t\t\t<div class=\"swiper-slide\" role=\"group\" aria-roledescription=\"slide\" aria-label=\"1 de 3\"><figure class=\"swiper-slide-inner\"><img decoding=\"async\" class=\"swiper-slide-image\" src=\"https:\/\/annp.gov.py\/wp-content\/uploads\/elementor\/thumbs\/Captura-de-pantalla-2024-04-22-103837-qn38g7y3az2pzcx664669goyd5eprxn7nv1stm8ia0.png\" alt=\"Captura de pantalla 2024-04-22 103837\" \/><\/figure><\/div><div class=\"swiper-slide\" role=\"group\" aria-roledescription=\"slide\" aria-label=\"2 de 3\"><figure class=\"swiper-slide-inner\"><img decoding=\"async\" class=\"swiper-slide-image\" src=\"https:\/\/annp.gov.py\/wp-content\/uploads\/elementor\/thumbs\/Captura-de-pantalla-2024-04-22-103920-qn38g62exb05c4zwh3cx4h616dnzcjfqzlqtv2bamg.png\" alt=\"Captura de pantalla 2024-04-22 103920\" \/><\/figure><\/div><div class=\"swiper-slide\" role=\"group\" aria-roledescription=\"slide\" aria-label=\"3 de 3\"><figure class=\"swiper-slide-inner\"><img decoding=\"async\" class=\"swiper-slide-image\" src=\"https:\/\/annp.gov.py\/wp-content\/uploads\/elementor\/thumbs\/Captura-de-pantalla-2024-04-22-103901-qn38g8vxht40ayvt0mkstygeyja2zmqxzzpaaw743s.png\" alt=\"Captura de pantalla 2024-04-22 103901\" \/><\/figure><\/div>\t\t\t<\/div>\n\t\t\t\t\t\t\t\t\t\t\t\t<div class=\"elementor-swiper-button elementor-swiper-button-prev\" role=\"button\" tabindex=\"0\">\n\t\t\t\t\t\t<i aria-hidden=\"true\" class=\"eicon-chevron-left\"><\/i>\t\t\t\t\t<\/div>\n\t\t\t\t\t<div class=\"elementor-swiper-button elementor-swiper-button-next\" role=\"button\" tabindex=\"0\">\n\t\t\t\t\t\t<i aria-hidden=\"true\" class=\"eicon-chevron-right\"><\/i>\t\t\t\t\t<\/div>\n\t\t\t\t\n\t\t\t\t\t\t\t\t\t<div class=\"swiper-pagination\"><\/div>\n\t\t\t\t\t\t\t\t\t<\/div>\n\t\t\t\t\t\t<\/div>\n\t\t\t\t<\/div>\n\t\t\t\t<div class=\"elementor-element elementor-element-a4fbb06 elementor-view-default elementor-widget elementor-widget-icon\" data-id=\"a4fbb06\" data-element_type=\"widget\" data-e-type=\"widget\" data-widget_type=\"icon.default\">\n\t\t\t\t<div class=\"elementor-widget-container\">\n\t\t\t\t\t\t\t<div class=\"elementor-icon-wrapper\">\n\t\t\t<div class=\"elementor-icon\">\n\t\t\t<i aria-hidden=\"true\" class=\"fas fa-phone-square-alt\"><\/i>\t\t\t<\/div>\n\t\t<\/div>\n\t\t\t\t\t\t<\/div>\n\t\t\t\t<\/div>\n\t\t\t\t<div class=\"elementor-element elementor-element-f68ad49 elementor-widget elementor-widget-text-editor\" data-id=\"f68ad49\" data-element_type=\"widget\" data-e-type=\"widget\" data-widget_type=\"text-editor.default\">\n\t\t\t\t<div class=\"elementor-widget-container\">\n\t\t\t\t\t\t\t\t\t<h2 style=\"text-align: center;\"><span class=\"OYPEnA text-decoration-none text-strikethrough-none\">+595 981 928772<\/span><\/h2>\t\t\t\t\t\t\t\t<\/div>\n\t\t\t\t<\/div>\n\t\t\t\t<div class=\"elementor-element elementor-element-7a776fb elementor-widget elementor-widget-spacer\" data-id=\"7a776fb\" data-element_type=\"widget\" data-e-type=\"widget\" data-widget_type=\"spacer.default\">\n\t\t\t\t<div class=\"elementor-widget-container\">\n\t\t\t\t\t\t\t<div class=\"elementor-spacer\">\n\t\t\t<div class=\"elementor-spacer-inner\"><\/div>\n\t\t<\/div>\n\t\t\t\t\t\t<\/div>\n\t\t\t\t<\/div>\n\t\t\t\t\t<\/div>\n\t\t<\/div>\n\t\t\t\t\t<\/div>\n\t\t<\/section>\n\t\t\t\t<\/div>\n\t\t","protected":false},"excerpt":{"rendered":"<p>TERMINAL PORTUARIA DE JOS\u00c9 A. FALC\u00d3N Localizaci\u00f3n: Ubicado a 40 km de Asunci\u00f3n. Es una Terminal Terrestre, a la cual se llega a trav\u00e9s de la Ruta Internacional que pasa por el Puente San Ignacio de Loyola sobre el R\u00edo Pilcomayo.Dimensi\u00f3n: 12 Hect\u00e1reas. La Ruta Internacional, divide al Recinto en \u00e1reas bien diferenciadas: a) \u00c1rea [&hellip;]<\/p>\n","protected":false},"author":2,"featured_media":635,"parent":0,"menu_order":0,"comment_status":"closed","ping_status":"closed","template":"page-templates\/home-1.php","meta":{"inline_featured_image":false,"footnotes":""},"class_list":["post-1809","page","type-page","status-publish","has-post-thumbnail","hentry"],"_links":{"self":[{"href":"https:\/\/annp.gov.py\/index.php?rest_route=\/wp\/v2\/pages\/1809","targetHints":{"allow":["GET"]}}],"collection":[{"href":"https:\/\/annp.gov.py\/index.php?rest_route=\/wp\/v2\/pages"}],"about":[{"href":"https:\/\/annp.gov.py\/index.php?rest_route=\/wp\/v2\/types\/page"}],"author":[{"embeddable":true,"href":"https:\/\/annp.gov.py\/index.php?rest_route=\/wp\/v2\/users\/2"}],"replies":[{"embeddable":true,"href":"https:\/\/annp.gov.py\/index.php?rest_route=%2Fwp%2Fv2%2Fcomments&post=1809"}],"version-history":[{"count":13,"href":"https:\/\/annp.gov.py\/index.php?rest_route=\/wp\/v2\/pages\/1809\/revisions"}],"predecessor-version":[{"id":21978,"href":"https:\/\/annp.gov.py\/index.php?rest_route=\/wp\/v2\/pages\/1809\/revisions\/21978"}],"wp:featuredmedia":[{"embeddable":true,"href":"https:\/\/annp.gov.py\/index.php?rest_route=\/wp\/v2\/media\/635"}],"wp:attachment":[{"href":"https:\/\/annp.gov.py\/index.php?rest_route=%2Fwp%2Fv2%2Fmedia&parent=1809"}],"curies":[{"name":"wp","href":"https:\/\/api.w.org\/{rel}","templated":true}]}}