{"id":22219,"date":"2026-04-20T11:33:09","date_gmt":"2026-04-20T14:33:09","guid":{"rendered":"https:\/\/annp.gov.py\/?page_id=22219"},"modified":"2026-04-20T11:53:18","modified_gmt":"2026-04-20T14:53:18","slug":"marzo-2026-ley-5189-2014","status":"publish","type":"page","link":"https:\/\/annp.gov.py\/?page_id=22219","title":{"rendered":"MARZO 2026 &#8211; Ley 5189\/2014"},"content":{"rendered":"\t\t<div data-elementor-type=\"wp-page\" data-elementor-id=\"22219\" class=\"elementor elementor-22219\">\n\t\t\t\t\t\t<section class=\"elementor-section elementor-top-section elementor-element elementor-element-634655be elementor-section-boxed elementor-section-height-default elementor-section-height-default\" data-id=\"634655be\" data-element_type=\"section\" data-e-type=\"section\">\n\t\t\t\t\t\t<div class=\"elementor-container elementor-column-gap-default\">\n\t\t\t\t\t<div class=\"elementor-column elementor-col-100 elementor-top-column elementor-element elementor-element-496c02e7\" data-id=\"496c02e7\" data-element_type=\"column\" data-e-type=\"column\">\n\t\t\t<div class=\"elementor-widget-wrap elementor-element-populated\">\n\t\t\t\t\t\t<div class=\"elementor-element elementor-element-eab1a22 elementor-widget elementor-widget-spacer\" data-id=\"eab1a22\" data-element_type=\"widget\" data-e-type=\"widget\" data-widget_type=\"spacer.default\">\n\t\t\t\t<div class=\"elementor-widget-container\">\n\t\t\t\t\t\t\t<div class=\"elementor-spacer\">\n\t\t\t<div class=\"elementor-spacer-inner\"><\/div>\n\t\t<\/div>\n\t\t\t\t\t\t<\/div>\n\t\t\t\t<\/div>\n\t\t\t\t<div class=\"elementor-element elementor-element-05dea4d elementor-widget elementor-widget-heading\" data-id=\"05dea4d\" data-element_type=\"widget\" data-e-type=\"widget\" data-widget_type=\"heading.default\">\n\t\t\t\t<div class=\"elementor-widget-container\">\n\t\t\t\t\t<h2 class=\"elementor-heading-title elementor-size-default\">Ley de Transparencia N\u00b0 5189 \/ 2014<\/h2>\t\t\t\t<\/div>\n\t\t\t\t<\/div>\n\t\t\t\t\t<\/div>\n\t\t<\/div>\n\t\t\t\t\t<\/div>\n\t\t<\/section>\n\t\t\t\t<section class=\"elementor-section elementor-top-section elementor-element elementor-element-c446b9f elementor-section-boxed elementor-section-height-default elementor-section-height-default\" data-id=\"c446b9f\" data-element_type=\"section\" data-e-type=\"section\">\n\t\t\t\t\t\t<div class=\"elementor-container elementor-column-gap-default\">\n\t\t\t\t\t<div class=\"elementor-column elementor-col-50 elementor-top-column elementor-element elementor-element-075d89c\" data-id=\"075d89c\" data-element_type=\"column\" data-e-type=\"column\">\n\t\t\t<div class=\"elementor-widget-wrap elementor-element-populated\">\n\t\t\t\t\t\t<div class=\"elementor-element elementor-element-f44d4a0 elementor-widget__width-initial elementor-widget elementor-widget-text-editor\" data-id=\"f44d4a0\" data-element_type=\"widget\" data-e-type=\"widget\" data-widget_type=\"text-editor.default\">\n\t\t\t\t<div class=\"elementor-widget-container\">\n\t\t\t\t\t\t\t\t\t<div class=\"row\"><div class=\"span12\"><div class=\"row\"><div class=\"span9\"><div class=\"media\"><div class=\"media-body\"><article><ul><li><strong>MARZO 2026<\/strong><\/li><\/ul><p><strong>Ley N\u00b0 5189\/2014<\/strong>\u00a0\u00abQue establece la obligatoriedad de la provisi\u00f3n de informaciones en el uso de los recursos p\u00fablicos sobre remuneraciones y otras retribuciones asignadas al servidor p\u00fablico de la Rep\u00fablica del Paraguay\u00bb.<a href=\"https:\/\/annp.gov.py\/?direct_file=eyJpZCI6IjF2NHhWRGZKeWJIakczNlNCYVhkSXNaSFNnNzIyT0ZKXyIsImFjY291bnRJZCI6IjExNzM5OTgwMjE3NDgwMzI2MDA2In0=\" target=\"_blank\" rel=\"noopener\"><span style=\"text-decoration: underline;\"><strong>\u00a0Ver aqu\u00ed<\/strong><\/span><\/a><\/p><hr \/><p><a href=\"https:\/\/drive.google.com\/file\/d\/1P-ItUotm84uW2uFV2D75Pf32mpm6ibBq\/view?usp=drive_link\"><strong>A1.<\/strong> Estructura Org\u00e1nica<\/a><\/p><p><a href=\"https:\/\/drive.google.com\/file\/d\/1YfovTaIqi2oppxyR5Fod_TGmdkdXwwGk\/view?usp=drive_link\"><strong>A.2<\/strong> Funciones de todas las dependencias<\/a><\/p><p><a href=\"https:\/\/drive.google.com\/file\/d\/14vkbum4g6S9_AmSxbRDqQZuYB1EJOhOy\/view?usp=drive_link\"><strong>A.3<\/strong> Manual de Procedimientos<\/a><br \/><a href=\"https:\/\/drive.google.com\/file\/d\/1JpNC_Dv75cqbrpTBqLIIOmvsc8ZWL64P\/view?usp=drive_link\"><strong>B. <\/strong>Direcci\u00f3n y tel\u00e9fono de la Entidad<\/a><br \/><a href=\"https:\/\/drive.google.com\/file\/d\/1fF9xT7FHUdM09TpBKa8val_IWhIk8PaG\/view?usp=drive_link\"><strong>C. <\/strong>N\u00f3mina de Funcionarios<\/a><\/p><p><a href=\"https:\/\/drive.google.com\/file\/d\/1sy1rfI-yqqInHu1qdTFZPCi5AeYBMeBI\/view?usp=drive_link\"><strong>C.1<\/strong> Resumen Anual<\/a><\/p><p><a href=\"https:\/\/drive.google.com\/file\/d\/1TcHt6He7i0AuA8F24aA5nUVAI2GyV0Vm\/view?usp=drive_link\"><strong>D.1.a<\/strong> Presupuesto de Ingresos Asignados<\/a><br \/><a href=\"https:\/\/drive.google.com\/file\/d\/1TSSO3CaW8Eu461rBEUVYGDuI4TX6JVvl\/view?usp=drive_link\"><strong>D.1.b<\/strong> Ejecuci\u00f3n Presupuestaria de Ingresos<\/a><br \/><a href=\"https:\/\/drive.google.com\/file\/d\/1TLMZfKDT2aqAVEsQAQHUlr2khvQ25JFu\/view?usp=drive_link\"><strong>D.2<\/strong> Presupuesto de Gastos Asignados<\/a><br \/><a href=\"https:\/\/drive.google.com\/file\/d\/1x-jQq8Gw1sUQbYUbABISZJ0CRYAnNezL\/view?usp=drive_link\"><strong>D.3<\/strong> Ejecuci\u00f3n Presupuestaria de Gastos<\/a><br \/><a href=\"https:\/\/drive.google.com\/file\/d\/17Kt5eCtoVpGcniDsG4ND5FziGtbv5g5G\/view?usp=drive_link\"><strong>D.4<\/strong> Anexo de personal<\/a><\/p><p><a href=\"https:\/\/drive.google.com\/file\/d\/1XX8JRrLkY7s1xl_NyRRRPmo7sGQ8h9FF\/view?usp=drive_link\"><strong>E.<\/strong> Viajes nacionales e internacionales<\/a><br \/><a href=\"https:\/\/drive.google.com\/file\/d\/1lnC0xGxRo6-Gzt25kMDrDzICphDpiDPP\/view?usp=drive_link\"><strong>E.1.a<\/strong> Vi\u00e1ticos<\/a><\/p><p><a href=\"https:\/\/drive.google.com\/file\/d\/1y27WUzg5hLHVidrimbTH85YZDMKiSUho\/view?usp=drive_link\"><strong>E.1.b<\/strong>\u00a0Informes de Vi\u00e1ticos<\/a><\/p><p><a href=\"https:\/\/drive.google.com\/file\/d\/1POAj0PchAfZl2tWsr0E5HMLlcrBtGBqy\/view?usp=drive_link\"><strong>F.<\/strong> Inventario de bienes<\/a><br \/><a href=\"https:\/\/drive.google.com\/file\/d\/1bmvLqCUlSx_yRwOldNjs2DpgjwzEjNsq\/view?usp=drive_link\"><strong>G.<\/strong> Listado completo de funcionarios comisionados a prestar servicios en otras instituciones, per\u00edodo de comisi\u00f3n y entidad de destino.<\/a><\/p><p><a href=\"https:\/\/drive.google.com\/file\/d\/1jIlEvwashj2BMQnrQd2Mm7Z4PjhYo7-q\/view?usp=drive_link\"><strong>H.<\/strong> Listado completo de funcionarios comisionados de otras instituciones, fecha de inicio y finalizaci\u00f3n de la comisi\u00f3n, entidad de origen y funciones que desempe\u00f1an<\/a><\/p><p><strong>I.1<\/strong> Rubros:<\/p><p><a href=\"https:\/\/drive.google.com\/file\/d\/1g0FQSoom4rvP5J1B7EAeSE-qzY3jhAQW\/view?usp=drive_link\"><strong>I.1.a<\/strong> Rubro 845<\/a><\/p><p><a href=\"https:\/\/drive.google.com\/file\/d\/1TS1-UJmKPlMnQ7vWspnM778c-pNs5xGQ\/view?usp=drive_link\"><strong>I.1.b<\/strong> Rubro 812<\/a><\/p><p><a href=\"https:\/\/drive.google.com\/file\/d\/1G76kbTUsXLp8dvBEGnT2gokyoob0iDcA\/view?usp=drive_link\"><strong>I.2<\/strong> Aporte Patronal<\/a><\/p><\/article><\/div><\/div><\/div><\/div><\/div><\/div>\t\t\t\t\t\t\t\t<\/div>\n\t\t\t\t<\/div>\n\t\t\t\t\t<\/div>\n\t\t<\/div>\n\t\t\t\t<div class=\"elementor-column elementor-col-50 elementor-top-column elementor-element elementor-element-6a46d76\" data-id=\"6a46d76\" data-element_type=\"column\" data-e-type=\"column\">\n\t\t\t<div class=\"elementor-widget-wrap elementor-element-populated\">\n\t\t\t\t\t\t<div class=\"elementor-element elementor-element-5cac560 elementor-widget elementor-widget-image\" data-id=\"5cac560\" data-element_type=\"widget\" data-e-type=\"widget\" data-widget_type=\"image.default\">\n\t\t\t\t<div class=\"elementor-widget-container\">\n\t\t\t\t\t\t\t\t\t\t\t\t\t\t\t<img fetchpriority=\"high\" decoding=\"async\" width=\"900\" height=\"680\" src=\"https:\/\/annp.gov.py\/wp-content\/uploads\/2023\/10\/WhatsApp-Image-2023-10-24-at-13.32.07-1024x774.jpeg\" class=\"attachment-large size-large wp-image-639\" alt=\"\" srcset=\"https:\/\/annp.gov.py\/wp-content\/uploads\/2023\/10\/WhatsApp-Image-2023-10-24-at-13.32.07-1024x774.jpeg 1024w, https:\/\/annp.gov.py\/wp-content\/uploads\/2023\/10\/WhatsApp-Image-2023-10-24-at-13.32.07-300x227.jpeg 300w, https:\/\/annp.gov.py\/wp-content\/uploads\/2023\/10\/WhatsApp-Image-2023-10-24-at-13.32.07-768x581.jpeg 768w, https:\/\/annp.gov.py\/wp-content\/uploads\/2023\/10\/WhatsApp-Image-2023-10-24-at-13.32.07-1536x1162.jpeg 1536w, https:\/\/annp.gov.py\/wp-content\/uploads\/2023\/10\/WhatsApp-Image-2023-10-24-at-13.32.07.jpeg 1600w\" sizes=\"(max-width: 900px) 100vw, 900px\" \/>\t\t\t\t\t\t\t\t\t\t\t\t\t\t\t<\/div>\n\t\t\t\t<\/div>\n\t\t\t\t\t<\/div>\n\t\t<\/div>\n\t\t\t\t\t<\/div>\n\t\t<\/section>\n\t\t\t\t<section class=\"elementor-section elementor-top-section elementor-element elementor-element-115ad77 elementor-section-boxed elementor-section-height-default elementor-section-height-default\" data-id=\"115ad77\" data-element_type=\"section\" data-e-type=\"section\">\n\t\t\t\t\t\t<div class=\"elementor-container elementor-column-gap-default\">\n\t\t\t\t\t<div class=\"elementor-column elementor-col-100 elementor-top-column elementor-element elementor-element-548e945\" data-id=\"548e945\" data-element_type=\"column\" data-e-type=\"column\">\n\t\t\t<div class=\"elementor-widget-wrap elementor-element-populated\">\n\t\t\t\t\t\t<div class=\"elementor-element elementor-element-758db1c elementor-widget elementor-widget-spacer\" data-id=\"758db1c\" data-element_type=\"widget\" data-e-type=\"widget\" data-widget_type=\"spacer.default\">\n\t\t\t\t<div class=\"elementor-widget-container\">\n\t\t\t\t\t\t\t<div class=\"elementor-spacer\">\n\t\t\t<div class=\"elementor-spacer-inner\"><\/div>\n\t\t<\/div>\n\t\t\t\t\t\t<\/div>\n\t\t\t\t<\/div>\n\t\t\t\t\t<\/div>\n\t\t<\/div>\n\t\t\t\t\t<\/div>\n\t\t<\/section>\n\t\t\t\t<\/div>\n\t\t","protected":false},"excerpt":{"rendered":"<p>Ley de Transparencia N\u00b0 5189 \/ 2014 MARZO 2026Ley N\u00b0 5189\/2014\u00a0\u00abQue establece la obligatoriedad de la provisi\u00f3n de informaciones en el uso de los recursos p\u00fablicos sobre remuneraciones y otras retribuciones asignadas al servidor p\u00fablico de la Rep\u00fablica del Paraguay\u00bb.\u00a0Ver aqu\u00edA1. Estructura Org\u00e1nicaA.2 Funciones de todas las dependenciasA.3 Manual de ProcedimientosB. Direcci\u00f3n y tel\u00e9fono de [&hellip;]<\/p>\n","protected":false},"author":8,"featured_media":635,"parent":2,"menu_order":0,"comment_status":"closed","ping_status":"closed","template":"page-templates\/home-1.php","meta":{"inline_featured_image":false,"footnotes":""},"class_list":["post-22219","page","type-page","status-publish","has-post-thumbnail","hentry"],"_links":{"self":[{"href":"https:\/\/annp.gov.py\/index.php?rest_route=\/wp\/v2\/pages\/22219","targetHints":{"allow":["GET"]}}],"collection":[{"href":"https:\/\/annp.gov.py\/index.php?rest_route=\/wp\/v2\/pages"}],"about":[{"href":"https:\/\/annp.gov.py\/index.php?rest_route=\/wp\/v2\/types\/page"}],"author":[{"embeddable":true,"href":"https:\/\/annp.gov.py\/index.php?rest_route=\/wp\/v2\/users\/8"}],"replies":[{"embeddable":true,"href":"https:\/\/annp.gov.py\/index.php?rest_route=%2Fwp%2Fv2%2Fcomments&post=22219"}],"version-history":[{"count":4,"href":"https:\/\/annp.gov.py\/index.php?rest_route=\/wp\/v2\/pages\/22219\/revisions"}],"predecessor-version":[{"id":22223,"href":"https:\/\/annp.gov.py\/index.php?rest_route=\/wp\/v2\/pages\/22219\/revisions\/22223"}],"up":[{"embeddable":true,"href":"https:\/\/annp.gov.py\/index.php?rest_route=\/wp\/v2\/pages\/2"}],"wp:featuredmedia":[{"embeddable":true,"href":"https:\/\/annp.gov.py\/index.php?rest_route=\/wp\/v2\/media\/635"}],"wp:attachment":[{"href":"https:\/\/annp.gov.py\/index.php?rest_route=%2Fwp%2Fv2%2Fmedia&parent=22219"}],"curies":[{"name":"wp","href":"https:\/\/api.w.org\/{rel}","templated":true}]}}