{"id":2644,"date":"2025-05-21T17:22:41","date_gmt":"2025-05-21T17:22:41","guid":{"rendered":"https:\/\/annp.gov.py\/?page_id=2644"},"modified":"2025-05-23T11:54:17","modified_gmt":"2025-05-23T11:54:17","slug":"julio-2024-ley-5189-2014","status":"publish","type":"page","link":"https:\/\/annp.gov.py\/?page_id=2644","title":{"rendered":"JULIO 2024 &#8211; Ley 5189\/2014"},"content":{"rendered":"\t\t<div data-elementor-type=\"wp-page\" data-elementor-id=\"2644\" class=\"elementor elementor-2644\">\n\t\t\t\t\t\t<section class=\"elementor-section elementor-top-section elementor-element elementor-element-634655be elementor-section-boxed elementor-section-height-default elementor-section-height-default\" data-id=\"634655be\" data-element_type=\"section\" data-e-type=\"section\">\n\t\t\t\t\t\t<div class=\"elementor-container elementor-column-gap-default\">\n\t\t\t\t\t<div class=\"elementor-column elementor-col-100 elementor-top-column elementor-element elementor-element-496c02e7\" data-id=\"496c02e7\" data-element_type=\"column\" data-e-type=\"column\">\n\t\t\t<div class=\"elementor-widget-wrap elementor-element-populated\">\n\t\t\t\t\t\t<div class=\"elementor-element elementor-element-eab1a22 elementor-widget elementor-widget-spacer\" data-id=\"eab1a22\" data-element_type=\"widget\" data-e-type=\"widget\" data-widget_type=\"spacer.default\">\n\t\t\t\t<div class=\"elementor-widget-container\">\n\t\t\t\t\t\t\t<div class=\"elementor-spacer\">\n\t\t\t<div class=\"elementor-spacer-inner\"><\/div>\n\t\t<\/div>\n\t\t\t\t\t\t<\/div>\n\t\t\t\t<\/div>\n\t\t\t\t<div class=\"elementor-element elementor-element-05dea4d elementor-widget elementor-widget-heading\" data-id=\"05dea4d\" data-element_type=\"widget\" data-e-type=\"widget\" data-widget_type=\"heading.default\">\n\t\t\t\t<div class=\"elementor-widget-container\">\n\t\t\t\t\t<h2 class=\"elementor-heading-title elementor-size-default\">Ley de Transparencia N\u00b0 5189 \/ 2014<\/h2>\t\t\t\t<\/div>\n\t\t\t\t<\/div>\n\t\t\t\t\t<\/div>\n\t\t<\/div>\n\t\t\t\t\t<\/div>\n\t\t<\/section>\n\t\t\t\t<section class=\"elementor-section elementor-top-section elementor-element elementor-element-c446b9f elementor-section-boxed elementor-section-height-default elementor-section-height-default\" data-id=\"c446b9f\" data-element_type=\"section\" data-e-type=\"section\">\n\t\t\t\t\t\t<div class=\"elementor-container elementor-column-gap-default\">\n\t\t\t\t\t<div class=\"elementor-column elementor-col-50 elementor-top-column elementor-element elementor-element-075d89c\" data-id=\"075d89c\" data-element_type=\"column\" data-e-type=\"column\">\n\t\t\t<div class=\"elementor-widget-wrap elementor-element-populated\">\n\t\t\t\t\t\t<div class=\"elementor-element elementor-element-f44d4a0 elementor-widget__width-initial elementor-widget elementor-widget-text-editor\" data-id=\"f44d4a0\" data-element_type=\"widget\" data-e-type=\"widget\" data-widget_type=\"text-editor.default\">\n\t\t\t\t<div class=\"elementor-widget-container\">\n\t\t\t\t\t\t\t\t\t<div class=\"row\"><div class=\"span12\"><div class=\"row\"><div class=\"span9\"><div class=\"media\"><div class=\"media-body\"><article><ul><li><strong>JULIO 2024<\/strong><\/li><\/ul><p><strong>Ley N\u00b0 5189\/2014<\/strong>\u00a0\u00abQue establece la obligatoriedad de la provisi\u00f3n de informaciones en el uso de los recursos p\u00fablicos sobre remuneraciones y otras retribuciones asignadas al servidor p\u00fablico de la Rep\u00fablica del Paraguay\u00bb.<a href=\"https:\/\/annp.gov.py\/?direct_file=eyJpZCI6IjF2NHhWRGZKeWJIakczNlNCYVhkSXNaSFNnNzIyT0ZKXyIsImFjY291bnRJZCI6IjExNzM5OTgwMjE3NDgwMzI2MDA2In0=\" target=\"_blank\" rel=\"noopener\"><span style=\"text-decoration: underline;\"><strong>\u00a0Ver aqu\u00ed<\/strong><\/span><\/a><\/p><hr \/><p>\u00a0<\/p><p><strong>A1.<\/strong> <a href=\"https:\/\/annp.gov.py\/?direct_file=eyJpZCI6IjFURGoycDRzcEQtcTdEdkpjVTgwRS1Bc2pleTRoX0lBZyIsImFjY291bnRJZCI6IjExNzM5OTgwMjE3NDgwMzI2MDA2In0=\" target=\"_blank\" rel=\"noopener\">Estructura Org\u00e1nica<\/a><\/p><p><strong>A.2<\/strong> <a href=\"https:\/\/annp.gov.py\/?direct_file=eyJpZCI6IjExUjJhYWxkRzc4a1I0ZGl5TnNvSlNIeC0ySnBSdUtkaSIsImFjY291bnRJZCI6IjExNzM5OTgwMjE3NDgwMzI2MDA2In0=\" target=\"_blank\" rel=\"noopener\">Funciones de todas las dependencias<\/a><br \/><strong>B. <\/strong><a href=\"https:\/\/annp.gov.py\/?direct_file=eyJpZCI6IjE1Nm4xRlY3VTFCQl9uX3drSk9hTUJlTDJjRWRLb0dEaSIsImFjY291bnRJZCI6IjExNzM5OTgwMjE3NDgwMzI2MDA2In0=\" target=\"_blank\" rel=\"noopener\">Direcci\u00f3n y tel\u00e9fono de la Entidad<\/a><br \/><strong>C.<\/strong> <a href=\"https:\/\/annp.gov.py\/?direct_file=eyJpZCI6IjFDZTlxWGRQLW5sT1JXcDU0RldCTFVEdmxEd3pkWnM1RSIsImFjY291bnRJZCI6IjExNzM5OTgwMjE3NDgwMzI2MDA2In0=\" target=\"_blank\" rel=\"noopener\">N\u00f3mina de Funcionarios<\/a><\/p><p><strong>D.1.a<\/strong> <a href=\"https:\/\/annp.gov.py\/?direct_file=eyJpZCI6IjFKZjhVaHU5ZEdraUo5bktiOTlNbUQwbHNzc3ktSnBkbiIsImFjY291bnRJZCI6IjExNzM5OTgwMjE3NDgwMzI2MDA2In0=\" target=\"_blank\" rel=\"noopener\">Presupuesto de Ingresos Asignados<\/a><br \/><strong>D.1.b<\/strong> <a href=\"https:\/\/annp.gov.py\/?direct_file=eyJpZCI6IjF3cUgybTRKeHNLV1R1TTlCTGI1STAxMVlGbGZZczh5ZyIsImFjY291bnRJZCI6IjExNzM5OTgwMjE3NDgwMzI2MDA2In0=\" target=\"_blank\" rel=\"noopener\">Ejecuci\u00f3n Presupuestaria de Ingresos<\/a><br \/><strong>D.2<\/strong> <a href=\"https:\/\/annp.gov.py\/?direct_file=eyJpZCI6IjFTRi1GbTVac1F3OV9iYVlLZS05bVF0Ung5cmNmemxrTCIsImFjY291bnRJZCI6IjExNzM5OTgwMjE3NDgwMzI2MDA2In0=\" target=\"_blank\" rel=\"noopener\">Presupuesto de Gastos Asignados<\/a><br \/><strong>D.3<\/strong> <a href=\"https:\/\/annp.gov.py\/?direct_file=eyJpZCI6IjFlUnN5bm8xZlpJbmVSbGd6ZVNQWGJkYmZwU3FFbFRuTyIsImFjY291bnRJZCI6IjExNzM5OTgwMjE3NDgwMzI2MDA2In0=\" target=\"_blank\" rel=\"noopener\">Ejecuci\u00f3n Presupuestaria de Gastos<\/a><br \/><strong>D.4<\/strong> <a href=\"https:\/\/annp.gov.py\/?direct_file=eyJpZCI6IjF1dmFBVk9KNjhtS3NhLWJvME9tMkxiVzI4cjVSRjR5LSIsImFjY291bnRJZCI6IjExNzM5OTgwMjE3NDgwMzI2MDA2In0=\" target=\"_blank\" rel=\"noopener\">Anexo de personal<\/a><br \/><strong>E.<\/strong> \u00a0 <a href=\"https:\/\/annp.gov.py\/?direct_file=eyJpZCI6IjFSemprODRZTlBueWcyU09WYXdWZUhyenVwTldxZDBuWiIsImFjY291bnRJZCI6IjExNzM5OTgwMjE3NDgwMzI2MDA2In0=\" target=\"_blank\" rel=\"noopener\">Viajes nacionales e internacionales<\/a><br \/><strong>E.1.a<\/strong> <a href=\"https:\/\/annp.gov.py\/?direct_file=eyJpZCI6IjFjcDRyZXhza3c2WWx3NG5sUW5HVnNvZkVJNzZoc3lncSIsImFjY291bnRJZCI6IjExNzM5OTgwMjE3NDgwMzI2MDA2In0=\" target=\"_blank\" rel=\"noopener\">Vi\u00e1ticos<\/a><\/p><p><strong>E.1.b<\/strong> <a href=\"https:\/\/annp.gov.py\/?direct_file=eyJpZCI6IjFsWHJBNEY5anZLSTI1aFB0b2R4TllqVzY2eEMxLTVJVyIsImFjY291bnRJZCI6IjExNzM5OTgwMjE3NDgwMzI2MDA2In0=\" target=\"_blank\" rel=\"noopener\">Informes de Vi\u00e1ticos<\/a><\/p><p><strong>F.<\/strong> <a href=\"https:\/\/annp.gov.py\/?direct_file=eyJpZCI6IjFrNW41TXNRSi1INF9EdGlTWE9RNUxYY3JBbWlqLXVNVyIsImFjY291bnRJZCI6IjExNzM5OTgwMjE3NDgwMzI2MDA2In0=\" target=\"_blank\" rel=\"noopener\">Inventario de bienes<\/a><br \/><strong>G.<\/strong> <a href=\"https:\/\/annp.gov.py\/?direct_file=eyJpZCI6IjFVVTVEMnU2MW45OWJyWXZNdFVSWlJCLW96WUl4NU5tSCIsImFjY291bnRJZCI6IjExNzM5OTgwMjE3NDgwMzI2MDA2In0=\" target=\"_blank\" rel=\"noopener\">Listado completo de funcionarios comisionados a prestar servicios en otras instituciones, per\u00edodo de comisi\u00f3n y entidad de destino<\/a><\/p><p><strong>H.<\/strong> <a href=\"https:\/\/annp.gov.py\/?direct_file=eyJpZCI6IjFBcWtCakdIMndyOUZ4WVZTMy1oU3lsUE81ZFRtT0t5WiIsImFjY291bnRJZCI6IjExNzM5OTgwMjE3NDgwMzI2MDA2In0=\" target=\"_blank\" rel=\"noopener\">Listado completo de funcionarios comisionados de otras instituciones, fecha de inicio y finalizaci\u00f3n de la comisi\u00f3n, entidad de origen y funciones que desempe\u00f1an<\/a><\/p><p><strong>I<\/strong>. Cualquier otra informaci\u00f3n que la entidad considere necesaria para dar a conocer el cumplimiento de su misi\u00f3n y objetivos institucionales<\/p><p><strong>I.1.a<\/strong> <a href=\"https:\/\/annp.gov.py\/?direct_file=eyJpZCI6IjFXVHpjYkdQZFkzVm4wSms0SmNjSXRnLXBoX1lGWTRadyIsImFjY291bnRJZCI6IjExNzM5OTgwMjE3NDgwMzI2MDA2In0=\" target=\"_blank\" rel=\"noopener\">Rubro 845<\/a><\/p><p><strong>I.1.b<\/strong> <a href=\"https:\/\/annp.gov.py\/?direct_file=eyJpZCI6IjFpUVktMXBBLVZySW1HZk91cmFBUmRKNHhwY2tTUzk5OSIsImFjY291bnRJZCI6IjExNzM5OTgwMjE3NDgwMzI2MDA2In0=\" target=\"_blank\" rel=\"noopener\">Rubro 812<\/a><\/p><p><strong>I.2<\/strong> <a href=\"https:\/\/annp.gov.py\/?direct_file=eyJpZCI6IjF3cmNLZTFtYklITVpQNi04a1RLa3JrUG5MelpCTFJ6SyIsImFjY291bnRJZCI6IjExNzM5OTgwMjE3NDgwMzI2MDA2In0=\" target=\"_blank\" rel=\"noopener\">Aporte Patronal<\/a><\/p><\/article><\/div><\/div><\/div><\/div><\/div><\/div>\t\t\t\t\t\t\t\t<\/div>\n\t\t\t\t<\/div>\n\t\t\t\t\t<\/div>\n\t\t<\/div>\n\t\t\t\t<div class=\"elementor-column elementor-col-50 elementor-top-column elementor-element elementor-element-6a46d76\" data-id=\"6a46d76\" data-element_type=\"column\" data-e-type=\"column\">\n\t\t\t<div class=\"elementor-widget-wrap elementor-element-populated\">\n\t\t\t\t\t\t<div class=\"elementor-element elementor-element-5cac560 elementor-widget elementor-widget-image\" data-id=\"5cac560\" data-element_type=\"widget\" data-e-type=\"widget\" data-widget_type=\"image.default\">\n\t\t\t\t<div class=\"elementor-widget-container\">\n\t\t\t\t\t\t\t\t\t\t\t\t\t\t\t<img fetchpriority=\"high\" decoding=\"async\" width=\"900\" height=\"680\" src=\"https:\/\/annp.gov.py\/wp-content\/uploads\/2023\/10\/WhatsApp-Image-2023-10-24-at-13.32.07-1024x774.jpeg\" class=\"attachment-large size-large wp-image-639\" alt=\"\" srcset=\"https:\/\/annp.gov.py\/wp-content\/uploads\/2023\/10\/WhatsApp-Image-2023-10-24-at-13.32.07-1024x774.jpeg 1024w, https:\/\/annp.gov.py\/wp-content\/uploads\/2023\/10\/WhatsApp-Image-2023-10-24-at-13.32.07-300x227.jpeg 300w, https:\/\/annp.gov.py\/wp-content\/uploads\/2023\/10\/WhatsApp-Image-2023-10-24-at-13.32.07-768x581.jpeg 768w, https:\/\/annp.gov.py\/wp-content\/uploads\/2023\/10\/WhatsApp-Image-2023-10-24-at-13.32.07-1536x1162.jpeg 1536w, https:\/\/annp.gov.py\/wp-content\/uploads\/2023\/10\/WhatsApp-Image-2023-10-24-at-13.32.07.jpeg 1600w\" sizes=\"(max-width: 900px) 100vw, 900px\" \/>\t\t\t\t\t\t\t\t\t\t\t\t\t\t\t<\/div>\n\t\t\t\t<\/div>\n\t\t\t\t\t<\/div>\n\t\t<\/div>\n\t\t\t\t\t<\/div>\n\t\t<\/section>\n\t\t\t\t<section class=\"elementor-section elementor-top-section elementor-element elementor-element-115ad77 elementor-section-boxed elementor-section-height-default elementor-section-height-default\" data-id=\"115ad77\" data-element_type=\"section\" data-e-type=\"section\">\n\t\t\t\t\t\t<div class=\"elementor-container elementor-column-gap-default\">\n\t\t\t\t\t<div class=\"elementor-column elementor-col-100 elementor-top-column elementor-element elementor-element-548e945\" data-id=\"548e945\" data-element_type=\"column\" data-e-type=\"column\">\n\t\t\t<div class=\"elementor-widget-wrap elementor-element-populated\">\n\t\t\t\t\t\t<div class=\"elementor-element elementor-element-758db1c elementor-widget elementor-widget-spacer\" data-id=\"758db1c\" data-element_type=\"widget\" data-e-type=\"widget\" data-widget_type=\"spacer.default\">\n\t\t\t\t<div class=\"elementor-widget-container\">\n\t\t\t\t\t\t\t<div class=\"elementor-spacer\">\n\t\t\t<div class=\"elementor-spacer-inner\"><\/div>\n\t\t<\/div>\n\t\t\t\t\t\t<\/div>\n\t\t\t\t<\/div>\n\t\t\t\t\t<\/div>\n\t\t<\/div>\n\t\t\t\t\t<\/div>\n\t\t<\/section>\n\t\t\t\t<\/div>\n\t\t","protected":false},"excerpt":{"rendered":"<p>Ley de Transparencia N\u00b0 5189 \/ 2014 JULIO 2024Ley N\u00b0 5189\/2014\u00a0\u00abQue establece la obligatoriedad de la provisi\u00f3n de informaciones en el uso de los recursos p\u00fablicos sobre remuneraciones y otras retribuciones asignadas al servidor p\u00fablico de la Rep\u00fablica del Paraguay\u00bb.\u00a0Ver aqu\u00ed\u00a0A1. Estructura Org\u00e1nicaA.2 Funciones de todas las dependenciasB. Direcci\u00f3n y tel\u00e9fono de la EntidadC. N\u00f3mina [&hellip;]<\/p>\n","protected":false},"author":2,"featured_media":635,"parent":2,"menu_order":0,"comment_status":"closed","ping_status":"closed","template":"page-templates\/home-1.php","meta":{"inline_featured_image":false,"footnotes":""},"class_list":["post-2644","page","type-page","status-publish","has-post-thumbnail","hentry"],"_links":{"self":[{"href":"https:\/\/annp.gov.py\/index.php?rest_route=\/wp\/v2\/pages\/2644","targetHints":{"allow":["GET"]}}],"collection":[{"href":"https:\/\/annp.gov.py\/index.php?rest_route=\/wp\/v2\/pages"}],"about":[{"href":"https:\/\/annp.gov.py\/index.php?rest_route=\/wp\/v2\/types\/page"}],"author":[{"embeddable":true,"href":"https:\/\/annp.gov.py\/index.php?rest_route=\/wp\/v2\/users\/2"}],"replies":[{"embeddable":true,"href":"https:\/\/annp.gov.py\/index.php?rest_route=%2Fwp%2Fv2%2Fcomments&post=2644"}],"version-history":[{"count":10,"href":"https:\/\/annp.gov.py\/index.php?rest_route=\/wp\/v2\/pages\/2644\/revisions"}],"predecessor-version":[{"id":3008,"href":"https:\/\/annp.gov.py\/index.php?rest_route=\/wp\/v2\/pages\/2644\/revisions\/3008"}],"up":[{"embeddable":true,"href":"https:\/\/annp.gov.py\/index.php?rest_route=\/wp\/v2\/pages\/2"}],"wp:featuredmedia":[{"embeddable":true,"href":"https:\/\/annp.gov.py\/index.php?rest_route=\/wp\/v2\/media\/635"}],"wp:attachment":[{"href":"https:\/\/annp.gov.py\/index.php?rest_route=%2Fwp%2Fv2%2Fmedia&parent=2644"}],"curies":[{"name":"wp","href":"https:\/\/api.w.org\/{rel}","templated":true}]}}