{"id":2709,"date":"2025-05-21T18:50:35","date_gmt":"2025-05-21T18:50:35","guid":{"rendered":"https:\/\/annp.gov.py\/?page_id=2709"},"modified":"2025-05-21T18:54:34","modified_gmt":"2025-05-21T18:54:34","slug":"nuestra-historia","status":"publish","type":"page","link":"https:\/\/annp.gov.py\/?page_id=2709","title":{"rendered":"Nuestra Historia"},"content":{"rendered":"\t\t<div data-elementor-type=\"wp-page\" data-elementor-id=\"2709\" class=\"elementor elementor-2709\">\n\t\t\t\t\t\t<section class=\"elementor-section elementor-top-section elementor-element elementor-element-08ecc36 elementor-section-full_width elementor-section-height-default elementor-section-height-default\" data-id=\"08ecc36\" data-element_type=\"section\" data-e-type=\"section\">\n\t\t\t\t\t\t<div class=\"elementor-container elementor-column-gap-no\">\n\t\t\t\t\t<div class=\"elementor-column elementor-col-100 elementor-top-column elementor-element elementor-element-9e9477a\" data-id=\"9e9477a\" data-element_type=\"column\" data-e-type=\"column\">\n\t\t\t<div class=\"elementor-widget-wrap elementor-element-populated\">\n\t\t\t\t\t\t<div class=\"elementor-element elementor-element-e19be12 elementor-align-left elementor-widget elementor-widget-bdevs-banner\" data-id=\"e19be12\" data-element_type=\"widget\" data-e-type=\"widget\" data-widget_type=\"bdevs-banner.default\">\n\t\t\t\t<div class=\"elementor-widget-container\">\n\t\t\t\t\t\t\t<!-- breadcrumb-area-start -->\n        <div class=\"breadcrumb-area pt-230 pb-200\" style=\"background-image:url(https:\/\/annp.gov.py\/wp-content\/uploads\/2023\/12\/fondo-1.png)\">\n            <div class=\"container\">\n                <div class=\"row\">\n                    <div class=\"col-xl-12\">\n                        <div class=\"breadcrumb-text text-center\">\n                            <h1>Nuestra Historia<\/h1>\n                                                        <ul class=\"breadcrumb-menu\">\n                                <li><a href=\"https:\/\/annp.gov.py\/\">Inicio<\/a><\/li>\n                                <li><span>Sobre nosotros<\/span><\/li>\n                            <\/ul>\n                        \t                        <\/div>\n                    <\/div>\n                <\/div>\n            <\/div>\n        <\/div>\n\t\t\t\t\t<\/div>\n\t\t\t\t<\/div>\n\t\t\t\t\t<\/div>\n\t\t<\/div>\n\t\t\t\t\t<\/div>\n\t\t<\/section>\n\t\t\t\t<section class=\"elementor-section elementor-top-section elementor-element elementor-element-e0afa49 elementor-section-full_width elementor-section-height-default elementor-section-height-default\" data-id=\"e0afa49\" data-element_type=\"section\" data-e-type=\"section\">\n\t\t\t\t\t\t<div class=\"elementor-container elementor-column-gap-no\">\n\t\t\t\t\t<div class=\"elementor-column elementor-col-100 elementor-top-column elementor-element elementor-element-c39e842\" data-id=\"c39e842\" data-element_type=\"column\" data-e-type=\"column\">\n\t\t\t<div class=\"elementor-widget-wrap elementor-element-populated\">\n\t\t\t\t\t\t<div class=\"elementor-element elementor-element-960a9d5 elementor-align-left elementor-widget elementor-widget-bdevs-about\" data-id=\"960a9d5\" data-element_type=\"widget\" data-e-type=\"widget\" data-widget_type=\"bdevs-about.default\">\n\t\t\t\t<div class=\"elementor-widget-container\">\n\t\t\t\t\t\t\t\t\t<div class=\"about-us-area pos-rel grey-bg pb-210 pt-120\">\r\n            <div class=\"container\">\r\n                <div class=\"row\">\r\n                    <div class=\"col-xl-6 col-lg-6\">\r\n                        <div class=\"about-us-img pos-rel mb-30\">\r\n                            <div class=\"ab-image fix\">\r\n                                <img decoding=\"async\" src=\"https:\/\/annp.gov.py\/wp-content\/uploads\/2023\/12\/historia.png\" alt=\"\">\r\n                            <\/div>\r\n                                                        <div class=\"about-info\">\r\n                                <h2>Desde el<\/h2><h5>23 de Agosto del 1965<\/h5>                            <\/div>\r\n                        \t                        <\/div>\r\n                    <\/div>\r\n                    <div class=\"col-xl-6 col-lg-6\">\r\n                        <div class=\"about-us-wrapper mb-30\">\r\n                            <div class=\"section-title mb-45\">\r\n                            \t                                <h5><span><\/span> Rese\u00f1a hist\u00f3rica<\/h5>\r\n                                                                                                <h2><\/h2>\r\n                                                            <\/div>\r\n                            <p class=\"p1\">Nuestro puerto naci\u00f3 con la patria misma. El Paraguay surgi\u00f3 a la vera del r\u00edo, del cual tom\u00f3 su nombre, el 15 de agosto de 1537, cuando Juan de Salazar y Espinoza fund\u00f3 la ciudad \u201cNuestra Se\u00f1ora Santa Mar\u00eda de la Asunci\u00f3n\u201d.<\/p><p class=\"p1\">Ese primer puerto estaba ubicado en el lugar que actualmente se conoce como \u201cPlaya Montevideo\u201d, donde se erigi\u00f3 la primera \u201cCasa Fuerte\u201d. En la d\u00e9cada de 1890 se construyeron un s\u00f3lido murall\u00f3n, muelles de madera y galpones. A comienzos de 1900 fueron encaradas las obras de oficinas y dependencias de la Aduana.<\/p><p class=\"p1\">En 1927 el Estado Paraguayo contrat\u00f3 a la firma norteamericana \u201cAsunci\u00f3n Port Concession Corporation\u201d, para la construcci\u00f3n y equipamiento de un puerto moderno en la bah\u00eda de la capital. Dicha firma tuvo la concesi\u00f3n para la administraci\u00f3n y explotaci\u00f3n hasta el a\u00f1o 1940, a\u00f1o en que el gobierno asumi\u00f3 la administraci\u00f3n portuaria.<\/p><p class=\"p1\">La actual Administraci\u00f3n Nacional de Navegaci\u00f3n y Puertos fue creada por Ley N\u00ba 1.066 del 23 de agosto de 1965, como una empresa del Estado Paraguayo, de car\u00e1cter aut\u00e1rquico, con personer\u00eda y patrimonio propio.<\/p>                            <div class=\"about-button d-md-flex\">\r\n                            \t                                                                <div class=\"about-cta\">\r\n                                                                    <\/div>\r\n                                                            <\/div>\r\n                            \r\n                        <\/div>\r\n                    <\/div>\r\n                <\/div>\r\n            <\/div>\r\n        <\/div>\r\n        \t\t\t\t\t<\/div>\n\t\t\t\t<\/div>\n\t\t\t\t\t<\/div>\n\t\t<\/div>\n\t\t\t\t\t<\/div>\n\t\t<\/section>\n\t\t\t\t<section class=\"elementor-section elementor-top-section elementor-element elementor-element-61c4f4a elementor-section-boxed elementor-section-height-default elementor-section-height-default\" data-id=\"61c4f4a\" data-element_type=\"section\" data-e-type=\"section\">\n\t\t\t\t\t\t<div class=\"elementor-container elementor-column-gap-default\">\n\t\t\t\t\t<div class=\"elementor-column elementor-col-33 elementor-top-column elementor-element elementor-element-1596ed7\" data-id=\"1596ed7\" data-element_type=\"column\" data-e-type=\"column\">\n\t\t\t<div class=\"elementor-widget-wrap elementor-element-populated\">\n\t\t\t\t\t\t<div class=\"elementor-element elementor-element-4a392cb elementor-widget elementor-widget-image\" data-id=\"4a392cb\" data-element_type=\"widget\" data-e-type=\"widget\" data-widget_type=\"image.default\">\n\t\t\t\t<div class=\"elementor-widget-container\">\n\t\t\t\t\t\t\t\t\t\t\t\t\t\t\t<img decoding=\"async\" width=\"106\" height=\"166\" src=\"https:\/\/annp.gov.py\/wp-content\/uploads\/2023\/10\/images-7-e1701693312836.jpeg\" class=\"attachment-large size-large wp-image-536\" alt=\"\" \/>\t\t\t\t\t\t\t\t\t\t\t\t\t\t\t<\/div>\n\t\t\t\t<\/div>\n\t\t\t\t\t<\/div>\n\t\t<\/div>\n\t\t\t\t<div class=\"elementor-column elementor-col-33 elementor-top-column elementor-element elementor-element-0d6aa6d\" data-id=\"0d6aa6d\" data-element_type=\"column\" data-e-type=\"column\">\n\t\t\t<div class=\"elementor-widget-wrap elementor-element-populated\">\n\t\t\t\t\t\t<div class=\"elementor-element elementor-element-7b52882 elementor-widget elementor-widget-image\" data-id=\"7b52882\" data-element_type=\"widget\" data-e-type=\"widget\" data-widget_type=\"image.default\">\n\t\t\t\t<div class=\"elementor-widget-container\">\n\t\t\t\t\t\t\t\t\t\t\t\t\t\t\t<img fetchpriority=\"high\" decoding=\"async\" width=\"260\" height=\"194\" src=\"https:\/\/annp.gov.py\/wp-content\/uploads\/2023\/10\/images-14.jpeg\" class=\"attachment-large size-large wp-image-538\" alt=\"\" \/>\t\t\t\t\t\t\t\t\t\t\t\t\t\t\t<\/div>\n\t\t\t\t<\/div>\n\t\t\t\t\t<\/div>\n\t\t<\/div>\n\t\t\t\t<div class=\"elementor-column elementor-col-33 elementor-top-column elementor-element elementor-element-54cb648\" data-id=\"54cb648\" data-element_type=\"column\" data-e-type=\"column\">\n\t\t\t<div class=\"elementor-widget-wrap elementor-element-populated\">\n\t\t\t\t\t\t<div class=\"elementor-element elementor-element-f2e6db9 elementor-widget elementor-widget-image\" data-id=\"f2e6db9\" data-element_type=\"widget\" data-e-type=\"widget\" data-widget_type=\"image.default\">\n\t\t\t\t<div class=\"elementor-widget-container\">\n\t\t\t\t\t\t\t\t\t\t\t\t\t\t\t<img decoding=\"async\" width=\"293\" height=\"172\" src=\"https:\/\/annp.gov.py\/wp-content\/uploads\/2023\/10\/images-8.jpeg\" class=\"attachment-large size-large wp-image-539\" alt=\"\" \/>\t\t\t\t\t\t\t\t\t\t\t\t\t\t\t<\/div>\n\t\t\t\t<\/div>\n\t\t\t\t\t<\/div>\n\t\t<\/div>\n\t\t\t\t\t<\/div>\n\t\t<\/section>\n\t\t\t\t<\/div>\n\t\t","protected":false},"excerpt":{"rendered":"<p>Nuestra Historia Inicio Sobre nosotros Desde el23 de Agosto del 1965 Rese\u00f1a hist\u00f3rica Nuestro puerto naci\u00f3 con la patria misma. El Paraguay surgi\u00f3 a la vera del r\u00edo, del cual tom\u00f3 su nombre, el 15 de agosto de 1537, cuando Juan de Salazar y Espinoza fund\u00f3 la ciudad \u201cNuestra Se\u00f1ora Santa Mar\u00eda de la Asunci\u00f3n\u201d.Ese [&hellip;]<\/p>\n","protected":false},"author":2,"featured_media":0,"parent":0,"menu_order":0,"comment_status":"closed","ping_status":"closed","template":"page-templates\/home-1.php","meta":{"inline_featured_image":false,"footnotes":""},"class_list":["post-2709","page","type-page","status-publish","hentry"],"_links":{"self":[{"href":"https:\/\/annp.gov.py\/index.php?rest_route=\/wp\/v2\/pages\/2709","targetHints":{"allow":["GET"]}}],"collection":[{"href":"https:\/\/annp.gov.py\/index.php?rest_route=\/wp\/v2\/pages"}],"about":[{"href":"https:\/\/annp.gov.py\/index.php?rest_route=\/wp\/v2\/types\/page"}],"author":[{"embeddable":true,"href":"https:\/\/annp.gov.py\/index.php?rest_route=\/wp\/v2\/users\/2"}],"replies":[{"embeddable":true,"href":"https:\/\/annp.gov.py\/index.php?rest_route=%2Fwp%2Fv2%2Fcomments&post=2709"}],"version-history":[{"count":4,"href":"https:\/\/annp.gov.py\/index.php?rest_route=\/wp\/v2\/pages\/2709\/revisions"}],"predecessor-version":[{"id":2713,"href":"https:\/\/annp.gov.py\/index.php?rest_route=\/wp\/v2\/pages\/2709\/revisions\/2713"}],"wp:attachment":[{"href":"https:\/\/annp.gov.py\/index.php?rest_route=%2Fwp%2Fv2%2Fmedia&parent=2709"}],"curies":[{"name":"wp","href":"https:\/\/api.w.org\/{rel}","templated":true}]}}