{"id":2955,"date":"2025-05-22T18:29:59","date_gmt":"2025-05-22T18:29:59","guid":{"rendered":"https:\/\/annp.gov.py\/?page_id=2955"},"modified":"2025-06-23T13:08:35","modified_gmt":"2025-06-23T13:08:35","slug":"diciembre-2024-ley-5189-2014","status":"publish","type":"page","link":"https:\/\/annp.gov.py\/?page_id=2955","title":{"rendered":"DICIEMBRE 2024 &#8211; Ley 5189\/2014"},"content":{"rendered":"\t\t<div data-elementor-type=\"wp-page\" data-elementor-id=\"2955\" class=\"elementor elementor-2955\">\n\t\t\t\t\t\t<section class=\"elementor-section elementor-top-section elementor-element elementor-element-634655be elementor-section-boxed elementor-section-height-default elementor-section-height-default\" data-id=\"634655be\" data-element_type=\"section\" data-e-type=\"section\">\n\t\t\t\t\t\t<div class=\"elementor-container elementor-column-gap-default\">\n\t\t\t\t\t<div class=\"elementor-column elementor-col-100 elementor-top-column elementor-element elementor-element-496c02e7\" data-id=\"496c02e7\" data-element_type=\"column\" data-e-type=\"column\">\n\t\t\t<div class=\"elementor-widget-wrap elementor-element-populated\">\n\t\t\t\t\t\t<div class=\"elementor-element elementor-element-eab1a22 elementor-widget elementor-widget-spacer\" data-id=\"eab1a22\" data-element_type=\"widget\" data-e-type=\"widget\" data-widget_type=\"spacer.default\">\n\t\t\t\t<div class=\"elementor-widget-container\">\n\t\t\t\t\t\t\t<div class=\"elementor-spacer\">\n\t\t\t<div class=\"elementor-spacer-inner\"><\/div>\n\t\t<\/div>\n\t\t\t\t\t\t<\/div>\n\t\t\t\t<\/div>\n\t\t\t\t<div class=\"elementor-element elementor-element-05dea4d elementor-widget elementor-widget-heading\" data-id=\"05dea4d\" data-element_type=\"widget\" data-e-type=\"widget\" data-widget_type=\"heading.default\">\n\t\t\t\t<div class=\"elementor-widget-container\">\n\t\t\t\t\t<h2 class=\"elementor-heading-title elementor-size-default\">Ley de Transparencia N\u00b0 5189 \/ 2014<\/h2>\t\t\t\t<\/div>\n\t\t\t\t<\/div>\n\t\t\t\t\t<\/div>\n\t\t<\/div>\n\t\t\t\t\t<\/div>\n\t\t<\/section>\n\t\t\t\t<section class=\"elementor-section elementor-top-section elementor-element elementor-element-c446b9f elementor-section-boxed elementor-section-height-default elementor-section-height-default\" data-id=\"c446b9f\" data-element_type=\"section\" data-e-type=\"section\">\n\t\t\t\t\t\t<div class=\"elementor-container elementor-column-gap-default\">\n\t\t\t\t\t<div class=\"elementor-column elementor-col-50 elementor-top-column elementor-element elementor-element-075d89c\" data-id=\"075d89c\" data-element_type=\"column\" data-e-type=\"column\">\n\t\t\t<div class=\"elementor-widget-wrap elementor-element-populated\">\n\t\t\t\t\t\t<div class=\"elementor-element elementor-element-f44d4a0 elementor-widget__width-initial elementor-widget elementor-widget-text-editor\" data-id=\"f44d4a0\" data-element_type=\"widget\" data-e-type=\"widget\" data-widget_type=\"text-editor.default\">\n\t\t\t\t<div class=\"elementor-widget-container\">\n\t\t\t\t\t\t\t\t\t<div class=\"row\"><div class=\"span12\"><div class=\"row\"><div class=\"span9\"><div class=\"media\"><div class=\"media-body\"><article><ul><li><strong>DICIEMBRE 2024<\/strong><\/li><\/ul><p><strong>Ley N\u00b0 5189\/2014<\/strong>\u00a0\u00abQue establece la obligatoriedad de la provisi\u00f3n de informaciones en el uso de los recursos p\u00fablicos sobre remuneraciones y otras retribuciones asignadas al servidor p\u00fablico de la Rep\u00fablica del Paraguay\u00bb.<a href=\"https:\/\/annp.gov.py\/?direct_file=eyJpZCI6IjF2NHhWRGZKeWJIakczNlNCYVhkSXNaSFNnNzIyT0ZKXyIsImFjY291bnRJZCI6IjExNzM5OTgwMjE3NDgwMzI2MDA2In0=\" target=\"_blank\" rel=\"noopener\"><span style=\"text-decoration: underline;\"><strong>\u00a0Ver aqu\u00ed<\/strong><\/span><\/a><\/p><hr \/><p><a href=\"https:\/\/drive.google.com\/file\/d\/1gj5PyU0SmwqN8eJWP5CEpHBiGS3Ek8Sg\/view?usp=drive_link\"><strong>A.1<\/strong> Estructura Org\u00e1nica<\/a><\/p><p><a href=\"https:\/\/drive.google.com\/file\/d\/1m2f8FGY56y5sh8U80JnKIf1C8hUUzDed\/view?usp=drive_link\"><strong>A.2<\/strong> Funciones de todas las dependencias<\/a><br \/><a href=\"https:\/\/drive.google.com\/file\/d\/1v_idiKZNdQvZqXHqLyQP4nlFdW-RyTbD\/view?usp=drive_link\"><strong>B.<\/strong> Direcci\u00f3n y tel\u00e9fono de la Entidad<\/a><br \/><a href=\"https:\/\/drive.google.com\/file\/d\/1OXkR0G2uo7Tkn6rFzL4Iy3NLV8Zav-mT\/view?usp=drive_link\"><strong>C.<\/strong> Nomina de Funcionarios<\/a><\/p><p><a href=\"https:\/\/drive.google.com\/file\/d\/1X1GfzMG6NfpN4Ci2qXgi_RvigF-XboiH\/view?usp=drive_link\"><strong>D.1.a<\/strong> Presupuesto de Ingresos Asignados<\/a><br \/><a href=\"https:\/\/drive.google.com\/file\/d\/1Q7wY6YMoZ1JHbDbVqXAoLp-K2Iag2Vji\/view?usp=drive_link\"><strong>D.1.b<\/strong> Ejecuci\u00f3n Presupuestaria de Ingresos<\/a><br \/><a href=\"https:\/\/drive.google.com\/file\/d\/1kFarpRz7QVWUoZXJVba-98WkctNRZgrD\/view?usp=drive_link\"><strong>D.2<\/strong> Presupuesto de Gastos Asignados<\/a><br \/><a href=\"https:\/\/drive.google.com\/file\/d\/1pDta0zkUqI_iCxxdNOTjreFp49POmz9B\/view?usp=drive_link\"><strong>D.3<\/strong> Ejecuci\u00f3n Presupuestaria de Gastos<\/a><br \/><a href=\"https:\/\/drive.google.com\/file\/d\/1E4bXd9ce8noR3NV1F3ASVIZ4dWhC_vFQ\/view?usp=drive_link\"><strong>D.4<\/strong> Anexo de personal<\/a><\/p><p><a href=\"https:\/\/drive.google.com\/file\/d\/1j5xWMp47YdzDNTyiysx5L3Tbyfr0gmox\/view?usp=drive_link\"><strong>E.<\/strong> Viajes nacionales e internacionales<\/a><br \/><a href=\"https:\/\/drive.google.com\/file\/d\/1nfwpAeZ23g25yI6J_ZjZlZbq5XnXe2bZ\/view?usp=drive_link\"><strong>E.1.a<\/strong> Vi\u00e1ticos<\/a><\/p><p><a href=\"https:\/\/drive.google.com\/file\/d\/1mdBYB-UfHoouPn6LkUzYcYYI_uZtaA7P\/view?usp=drive_link\"><strong>E.1.b\u00a0<\/strong>Informes de Vi\u00e1ticos<\/a><\/p><p><a href=\"https:\/\/drive.google.com\/file\/d\/1TRhFMUHnv-_gyLZXPawyzPdgFeAGMei2\/view?usp=drive_link\"><strong>F.<\/strong> Inventario de bienes<\/a><br \/><a href=\"https:\/\/drive.google.com\/file\/d\/1ntIW2I8hXW3Mg-bpU5T6LVc-0Kt25PnV\/view?usp=drive_link\"><strong>G.<\/strong> Listado completo de funcionarios comisionados a prestar servicios en otras instituciones, per\u00edodo de comisi\u00f3n y entidad de destino<\/a><\/p><p><a href=\"https:\/\/drive.google.com\/file\/d\/1GGaoGEDRlXhYf8rzIv1SqfFPHy6OZ1Y_\/view?usp=drive_link\"><strong>H.<\/strong> Listado completo de funcionarios comisionados de otras instituciones, fecha de inicio y finalizaci\u00f3n de la comisi\u00f3n, entidad de origen y funciones que desempe\u00f1an<\/a><\/p><p><strong>I<\/strong>. Cualquier otra informaci\u00f3n que la entidad considere necesaria para dar a conocer el cumplimiento de su misi\u00f3n y objetivos institucionales<\/p><p><a href=\"https:\/\/drive.google.com\/file\/d\/1OiPa_1ojUlq0MTlfWnHpA7nwv8W3SQf6\/view?usp=drive_link\"><strong>I.1.a<\/strong> Rubro 845<\/a><\/p><p><a href=\"https:\/\/drive.google.com\/file\/d\/1ORWrAHLpKQXGqlUQBNHuoQbl9HtLa6Rl\/view?usp=drive_link\"><strong>I.1.b<\/strong> Rubro 812<\/a><\/p><p><a href=\"https:\/\/drive.google.com\/file\/d\/1rGnjNnVAB30yowiUIwoUgp8scgXTP29c\/view?usp=drive_link\"><strong>I.2<\/strong> Aporte Patronal<\/a><\/p><\/article><\/div><\/div><\/div><\/div><\/div><\/div>\t\t\t\t\t\t\t\t<\/div>\n\t\t\t\t<\/div>\n\t\t\t\t\t<\/div>\n\t\t<\/div>\n\t\t\t\t<div class=\"elementor-column elementor-col-50 elementor-top-column elementor-element elementor-element-6a46d76\" data-id=\"6a46d76\" data-element_type=\"column\" data-e-type=\"column\">\n\t\t\t<div class=\"elementor-widget-wrap elementor-element-populated\">\n\t\t\t\t\t\t<div class=\"elementor-element elementor-element-5cac560 elementor-widget elementor-widget-image\" data-id=\"5cac560\" data-element_type=\"widget\" data-e-type=\"widget\" data-widget_type=\"image.default\">\n\t\t\t\t<div class=\"elementor-widget-container\">\n\t\t\t\t\t\t\t\t\t\t\t\t\t\t\t<img fetchpriority=\"high\" decoding=\"async\" width=\"900\" height=\"680\" src=\"https:\/\/annp.gov.py\/wp-content\/uploads\/2023\/10\/WhatsApp-Image-2023-10-24-at-13.32.07-1024x774.jpeg\" class=\"attachment-large size-large wp-image-639\" alt=\"\" srcset=\"https:\/\/annp.gov.py\/wp-content\/uploads\/2023\/10\/WhatsApp-Image-2023-10-24-at-13.32.07-1024x774.jpeg 1024w, https:\/\/annp.gov.py\/wp-content\/uploads\/2023\/10\/WhatsApp-Image-2023-10-24-at-13.32.07-300x227.jpeg 300w, https:\/\/annp.gov.py\/wp-content\/uploads\/2023\/10\/WhatsApp-Image-2023-10-24-at-13.32.07-768x581.jpeg 768w, https:\/\/annp.gov.py\/wp-content\/uploads\/2023\/10\/WhatsApp-Image-2023-10-24-at-13.32.07-1536x1162.jpeg 1536w, https:\/\/annp.gov.py\/wp-content\/uploads\/2023\/10\/WhatsApp-Image-2023-10-24-at-13.32.07.jpeg 1600w\" sizes=\"(max-width: 900px) 100vw, 900px\" \/>\t\t\t\t\t\t\t\t\t\t\t\t\t\t\t<\/div>\n\t\t\t\t<\/div>\n\t\t\t\t\t<\/div>\n\t\t<\/div>\n\t\t\t\t\t<\/div>\n\t\t<\/section>\n\t\t\t\t<section class=\"elementor-section elementor-top-section elementor-element elementor-element-115ad77 elementor-section-boxed elementor-section-height-default elementor-section-height-default\" data-id=\"115ad77\" data-element_type=\"section\" data-e-type=\"section\">\n\t\t\t\t\t\t<div class=\"elementor-container elementor-column-gap-default\">\n\t\t\t\t\t<div class=\"elementor-column elementor-col-100 elementor-top-column elementor-element elementor-element-548e945\" data-id=\"548e945\" data-element_type=\"column\" data-e-type=\"column\">\n\t\t\t<div class=\"elementor-widget-wrap elementor-element-populated\">\n\t\t\t\t\t\t<div class=\"elementor-element elementor-element-758db1c elementor-widget elementor-widget-spacer\" data-id=\"758db1c\" data-element_type=\"widget\" data-e-type=\"widget\" data-widget_type=\"spacer.default\">\n\t\t\t\t<div class=\"elementor-widget-container\">\n\t\t\t\t\t\t\t<div class=\"elementor-spacer\">\n\t\t\t<div class=\"elementor-spacer-inner\"><\/div>\n\t\t<\/div>\n\t\t\t\t\t\t<\/div>\n\t\t\t\t<\/div>\n\t\t\t\t\t<\/div>\n\t\t<\/div>\n\t\t\t\t\t<\/div>\n\t\t<\/section>\n\t\t\t\t<\/div>\n\t\t","protected":false},"excerpt":{"rendered":"<p>Ley de Transparencia N\u00b0 5189 \/ 2014 DICIEMBRE 2024Ley N\u00b0 5189\/2014\u00a0\u00abQue establece la obligatoriedad de la provisi\u00f3n de informaciones en el uso de los recursos p\u00fablicos sobre remuneraciones y otras retribuciones asignadas al servidor p\u00fablico de la Rep\u00fablica del Paraguay\u00bb.\u00a0Ver aqu\u00edA.1 Estructura Org\u00e1nicaA.2 Funciones de todas las dependenciasB. Direcci\u00f3n y tel\u00e9fono de la EntidadC. Nomina [&hellip;]<\/p>\n","protected":false},"author":2,"featured_media":635,"parent":2,"menu_order":0,"comment_status":"closed","ping_status":"closed","template":"page-templates\/home-1.php","meta":{"inline_featured_image":false,"footnotes":""},"class_list":["post-2955","page","type-page","status-publish","has-post-thumbnail","hentry"],"_links":{"self":[{"href":"https:\/\/annp.gov.py\/index.php?rest_route=\/wp\/v2\/pages\/2955","targetHints":{"allow":["GET"]}}],"collection":[{"href":"https:\/\/annp.gov.py\/index.php?rest_route=\/wp\/v2\/pages"}],"about":[{"href":"https:\/\/annp.gov.py\/index.php?rest_route=\/wp\/v2\/types\/page"}],"author":[{"embeddable":true,"href":"https:\/\/annp.gov.py\/index.php?rest_route=\/wp\/v2\/users\/2"}],"replies":[{"embeddable":true,"href":"https:\/\/annp.gov.py\/index.php?rest_route=%2Fwp%2Fv2%2Fcomments&post=2955"}],"version-history":[{"count":22,"href":"https:\/\/annp.gov.py\/index.php?rest_route=\/wp\/v2\/pages\/2955\/revisions"}],"predecessor-version":[{"id":4086,"href":"https:\/\/annp.gov.py\/index.php?rest_route=\/wp\/v2\/pages\/2955\/revisions\/4086"}],"up":[{"embeddable":true,"href":"https:\/\/annp.gov.py\/index.php?rest_route=\/wp\/v2\/pages\/2"}],"wp:featuredmedia":[{"embeddable":true,"href":"https:\/\/annp.gov.py\/index.php?rest_route=\/wp\/v2\/media\/635"}],"wp:attachment":[{"href":"https:\/\/annp.gov.py\/index.php?rest_route=%2Fwp%2Fv2%2Fmedia&parent=2955"}],"curies":[{"name":"wp","href":"https:\/\/api.w.org\/{rel}","templated":true}]}}