{"id":5337,"date":"2025-08-18T11:51:58","date_gmt":"2025-08-18T14:51:58","guid":{"rendered":"https:\/\/annp.gov.py\/?page_id=5337"},"modified":"2025-08-18T11:56:17","modified_gmt":"2025-08-18T14:56:17","slug":"julio-2025-ley-5282-2014","status":"publish","type":"page","link":"https:\/\/annp.gov.py\/?page_id=5337","title":{"rendered":"JULIO 2025 &#8211; Ley 5282\/2014"},"content":{"rendered":"\t\t<div data-elementor-type=\"wp-page\" data-elementor-id=\"5337\" class=\"elementor elementor-5337\">\n\t\t\t\t\t\t<section class=\"elementor-section elementor-top-section elementor-element elementor-element-3e565889 elementor-section-boxed elementor-section-height-default elementor-section-height-default\" data-id=\"3e565889\" data-element_type=\"section\" data-e-type=\"section\">\n\t\t\t\t\t\t<div class=\"elementor-container elementor-column-gap-default\">\n\t\t\t\t\t<div class=\"elementor-column elementor-col-100 elementor-top-column elementor-element elementor-element-4da238ac\" data-id=\"4da238ac\" data-element_type=\"column\" data-e-type=\"column\">\n\t\t\t<div class=\"elementor-widget-wrap elementor-element-populated\">\n\t\t\t\t\t\t<div class=\"elementor-element elementor-element-64ea48d elementor-widget elementor-widget-spacer\" data-id=\"64ea48d\" data-element_type=\"widget\" data-e-type=\"widget\" data-widget_type=\"spacer.default\">\n\t\t\t\t<div class=\"elementor-widget-container\">\n\t\t\t\t\t\t\t<div class=\"elementor-spacer\">\n\t\t\t<div class=\"elementor-spacer-inner\"><\/div>\n\t\t<\/div>\n\t\t\t\t\t\t<\/div>\n\t\t\t\t<\/div>\n\t\t\t\t\t<\/div>\n\t\t<\/div>\n\t\t\t\t\t<\/div>\n\t\t<\/section>\n\t\t\t\t<section class=\"elementor-section elementor-top-section elementor-element elementor-element-a032f03 elementor-section-boxed elementor-section-height-default elementor-section-height-default\" data-id=\"a032f03\" data-element_type=\"section\" data-e-type=\"section\">\n\t\t\t\t\t\t<div class=\"elementor-container elementor-column-gap-default\">\n\t\t\t\t\t<div class=\"elementor-column elementor-col-100 elementor-top-column elementor-element elementor-element-a40098b\" data-id=\"a40098b\" data-element_type=\"column\" data-e-type=\"column\">\n\t\t\t<div class=\"elementor-widget-wrap elementor-element-populated\">\n\t\t\t\t\t\t<div class=\"elementor-element elementor-element-90d6bd9 elementor-widget elementor-widget-spacer\" data-id=\"90d6bd9\" data-element_type=\"widget\" data-e-type=\"widget\" data-widget_type=\"spacer.default\">\n\t\t\t\t<div class=\"elementor-widget-container\">\n\t\t\t\t\t\t\t<div class=\"elementor-spacer\">\n\t\t\t<div class=\"elementor-spacer-inner\"><\/div>\n\t\t<\/div>\n\t\t\t\t\t\t<\/div>\n\t\t\t\t<\/div>\n\t\t\t\t\t<\/div>\n\t\t<\/div>\n\t\t\t\t\t<\/div>\n\t\t<\/section>\n\t\t\t\t<section class=\"elementor-section elementor-top-section elementor-element elementor-element-81c09bc elementor-section-boxed elementor-section-height-default elementor-section-height-default\" data-id=\"81c09bc\" data-element_type=\"section\" data-e-type=\"section\">\n\t\t\t\t\t\t<div class=\"elementor-container elementor-column-gap-default\">\n\t\t\t\t\t<div class=\"elementor-column elementor-col-100 elementor-top-column elementor-element elementor-element-de371c2\" data-id=\"de371c2\" data-element_type=\"column\" data-e-type=\"column\">\n\t\t\t<div class=\"elementor-widget-wrap elementor-element-populated\">\n\t\t\t\t\t\t<div class=\"elementor-element elementor-element-f2afd83 elementor-widget elementor-widget-heading\" data-id=\"f2afd83\" data-element_type=\"widget\" data-e-type=\"widget\" data-widget_type=\"heading.default\">\n\t\t\t\t<div class=\"elementor-widget-container\">\n\t\t\t\t\t<h2 class=\"elementor-heading-title elementor-size-default\">Ley de Transparencia N\u00b0 5282 \/ 2014<\/h2>\t\t\t\t<\/div>\n\t\t\t\t<\/div>\n\t\t\t\t\t<\/div>\n\t\t<\/div>\n\t\t\t\t\t<\/div>\n\t\t<\/section>\n\t\t\t\t<section class=\"elementor-section elementor-top-section elementor-element elementor-element-a9ccfcd elementor-section-boxed elementor-section-height-default elementor-section-height-default\" data-id=\"a9ccfcd\" data-element_type=\"section\" data-e-type=\"section\">\n\t\t\t\t\t\t<div class=\"elementor-container elementor-column-gap-default\">\n\t\t\t\t\t<div class=\"elementor-column elementor-col-100 elementor-top-column elementor-element elementor-element-ed99fd6\" data-id=\"ed99fd6\" data-element_type=\"column\" data-e-type=\"column\">\n\t\t\t<div class=\"elementor-widget-wrap\">\n\t\t\t\t\t\t\t<\/div>\n\t\t<\/div>\n\t\t\t\t\t<\/div>\n\t\t<\/section>\n\t\t\t\t<section class=\"elementor-section elementor-top-section elementor-element elementor-element-2d3e2f7 elementor-section-boxed elementor-section-height-default elementor-section-height-default\" data-id=\"2d3e2f7\" data-element_type=\"section\" data-e-type=\"section\">\n\t\t\t\t\t\t<div class=\"elementor-container elementor-column-gap-default\">\n\t\t\t\t\t<div class=\"elementor-column elementor-col-50 elementor-top-column elementor-element elementor-element-f9439c5\" data-id=\"f9439c5\" data-element_type=\"column\" data-e-type=\"column\">\n\t\t\t<div class=\"elementor-widget-wrap elementor-element-populated\">\n\t\t\t\t\t\t<div class=\"elementor-element elementor-element-25a64dc elementor-widget elementor-widget-text-editor\" data-id=\"25a64dc\" data-element_type=\"widget\" data-e-type=\"widget\" data-widget_type=\"text-editor.default\">\n\t\t\t\t<div class=\"elementor-widget-container\">\n\t\t\t\t\t\t\t\t\t<ul><li class=\"media-heading\"><strong>JULIO 2025<\/strong><\/li><\/ul><p><strong>Decreto N\u00b0 4064\/2015<\/strong> \u00abQue reglamenta la Ley N\u00b0 5282\/2014\u00bb<\/p><p><strong>Ley 5282\/2014<\/strong> \u00abDe libre acceso ciudadano a la informaci\u00f3n p\u00fablica y transparencia\u00bb. <span style=\"text-decoration: underline;\"><strong><a href=\"https:\/\/annp.gov.py\/?direct_file=eyJpZCI6IjFCQWNIVWIwcnh1UEhIdUhGTTFuQVlzUWI2T1hvVGlnViIsImFjY291bnRJZCI6IjExNzM5OTgwMjE3NDgwMzI2MDA2In0=\" target=\"_blank\" rel=\"noopener\">Ver aqu\u00ed<\/a><\/strong><\/span><\/p><hr \/><div id=\"cuerpo\" class=\"txt2\"><p><a href=\"https:\/\/drive.google.com\/file\/d\/1lXA1NtyTJmygTwtSQPgn0_qpsZ19910P\/view?usp=drive_link\"><strong>a)\u00a0<\/strong>Estructura Org\u00e1nica<\/a><\/p><p><a href=\"https:\/\/drive.google.com\/file\/d\/1V0oUIZvokecuMJKZ6HNY4QOirapKOF9S\/view?usp=drive_link\"><strong>b)<\/strong>\u00a0Facultades, deberes, funciones y\/o atribuciones de sus \u00f3rganos y dependencias internas<\/a><\/p><p><a href=\"https:\/\/drive.google.com\/file\/d\/1g3ecm61HRct_jGIEcQ566dK-WxhrWvW8\/view?usp=drive_link\"><strong>c)<\/strong>\u00a0Marco normativo<\/a><\/p><p><a href=\"https:\/\/drive.google.com\/file\/d\/1ZTSMfWSAhc-GWiC8wE64u60ZyfReziig\/view?usp=drive_link\"><strong>d)<\/strong>\u00a0Descripci\u00f3n general de c\u00f3mo funciona y cu\u00e1l es el proceso de toma de\u00a0 decisiones.<\/a><\/p><p><a href=\"https:\/\/drive.google.com\/file\/d\/1eCsxK-ibMWoHVN8Pq4_S1KGAbynxNsG3\/view?usp=drive_link\"><u><strong>e)<\/strong>\u00a0<\/u>Listado actualizado de todas las personas que cumplan una funci\u00f3n p\u00fablica<\/a><\/p><p><a href=\"https:\/\/drive.google.com\/file\/d\/10f0Ux_Ob_azhgqJw6v3uqZRvfIV2ypjG\/view?usp=drive_link\"><strong>f)\u00a0<\/strong>Pol\u00edtica institucional y de los planes de acci\u00f3n.<\/a><\/p><p><a href=\"https:\/\/drive.google.com\/file\/d\/1a0ssTjUp8bjAINuv5dxMROLRPQuIU2vC\/view?usp=drive_link\"><strong>g)<\/strong>\u00a0Programas institucionales en ejecuci\u00f3n, con la definici\u00f3n de metas, el grado de ejecuci\u00f3n de las mismas y el presupuesto aplicado a\u00a0\u00a0 dichos\u00a0\u00a0 programas,\u00a0 publicando trimestralmente informes de avance de\u00a0 resultados.<\/a><\/p><p><a href=\"https:\/\/drive.google.com\/file\/d\/1rdyLygjmGNGeVreNpZ-KvltVm_ERwXl7\/view?usp=drive_link\"><strong>g.1)<\/strong> Balance Anual de Gesti\u00f3n P\u00fablica 2024<\/a><\/p><p><a href=\"https:\/\/drive.google.com\/file\/d\/1kZZ1QmTd1Fhe5ctIFD0eqsWw-5E5guCQ\/view?usp=drive_link\"><strong>h)<\/strong>\u00a0Informes de Auditoria<\/a><\/p><p><a href=\"https:\/\/drive.google.com\/file\/d\/16ICtYGbhR86HrUgMj6_FSLUDXprtcLTd\/view?usp=drive_link\"><strong>i)<\/strong>\u00a0Informes de viajes Oficiales<\/a><\/p><p><a href=\"https:\/\/drive.google.com\/file\/d\/1uf9-If-V4Jf31O553EskfBEh-gQlGzKd\/view?usp=drive_link\"><strong>j)<\/strong>\u00a0\u00a0Convenios y contratos celebrados, fecha de celebraci\u00f3n, objeto, monto\u00a0 total de la contrataci\u00f3n, plazos de ejecuci\u00f3n, mecanismos de control\u00a0\u00a0 y\u00a0\u00a0 rendici\u00f3n de cuentas y, en su caso, estudios de impacto ambiental\u00a0\u00a0 y\/o\u00a0\u00a0 planes de gesti\u00f3n\u00a0 ambiental\u00a0<\/a><\/p><p><a href=\"https:\/\/drive.google.com\/file\/d\/1h1GFODeIas_mQ1mgqPQcVBM--60jykSA\/view?usp=drive_link\"><strong>k)<\/strong>\u00a0Cartas\u00a0Oficiales<\/a><\/p><p><a href=\"https:\/\/drive.google.com\/file\/d\/1TEhCDdHzxbiYfPNQIu81dQ8rKcgRHezS\/view?usp=drive_link\"><strong>l)<\/strong>\u00a0Informes Finales de Consultor\u00eda<\/a><\/p><p><a href=\"https:\/\/drive.google.com\/file\/d\/1qcESHvCV-WKhh4Dyt4QuNIqRTjXrnts1\/view?usp=drive_link\"><strong>m)<\/strong>\u00a0\u00a0Cuadro de Resultados<\/a><\/p><p><a href=\"https:\/\/drive.google.com\/file\/d\/15Pqzdx7Y5Via1EMnyHazZvAvOT71HSWJ\/view?usp=drive_link\"><strong>n<\/strong>)\u00a0Lista de poderes vigentes otorgados a abogados.<\/a><\/p><p><a href=\"https:\/\/drive.google.com\/file\/d\/1QGxWozA9Xs3l4IfTmAjnlqKR4MSGJPgU\/view?usp=drive_link\"><strong>o)<\/strong>\u00a0Sistema de mantenimiento, clasificaci\u00f3n e \u00edndice de los documentos existentes<\/a><\/p><p><a href=\"https:\/\/drive.google.com\/file\/d\/13k4sA6TS5ytTEIdgQQLO0XSCWwBI9bUB\/view?usp=drive_link\"><strong>p)<\/strong>\u00a0\u00a0Descripci\u00f3n de los procedimientos previstos para que personas\u00a0 interesadas puedan acceder a los documentos que obren en su poder,\u00a0 incluyendo el lugar donde est\u00e1n archivados y el nombre del funcionario\u00a0 responsable\u00a0<strong>\u00a0\u00a0\u00a0\u00a0<\/strong><\/a><\/p><p><a href=\"https:\/\/drive.google.com\/file\/d\/1t1bJxIqiHHRxEURsQu2dxzdnFywP6qyV\/view?usp=drive_link\"><strong>q)\u00a0<\/strong> Mecanismos de participaci\u00f3n ciudadana<\/a><\/p><\/div>\t\t\t\t\t\t\t\t<\/div>\n\t\t\t\t<\/div>\n\t\t\t\t<div class=\"elementor-element elementor-element-4eba9ad elementor-widget elementor-widget-spacer\" data-id=\"4eba9ad\" data-element_type=\"widget\" data-e-type=\"widget\" data-widget_type=\"spacer.default\">\n\t\t\t\t<div class=\"elementor-widget-container\">\n\t\t\t\t\t\t\t<div class=\"elementor-spacer\">\n\t\t\t<div class=\"elementor-spacer-inner\"><\/div>\n\t\t<\/div>\n\t\t\t\t\t\t<\/div>\n\t\t\t\t<\/div>\n\t\t\t\t\t<\/div>\n\t\t<\/div>\n\t\t\t\t<div class=\"elementor-column elementor-col-50 elementor-top-column elementor-element elementor-element-28b3cc4\" data-id=\"28b3cc4\" data-element_type=\"column\" data-e-type=\"column\">\n\t\t\t<div class=\"elementor-widget-wrap elementor-element-populated\">\n\t\t\t\t\t\t<div class=\"elementor-element elementor-element-3abb810 elementor-widget elementor-widget-image\" data-id=\"3abb810\" data-element_type=\"widget\" data-e-type=\"widget\" data-widget_type=\"image.default\">\n\t\t\t\t<div class=\"elementor-widget-container\">\n\t\t\t\t\t\t\t\t\t\t\t\t\t\t\t<img fetchpriority=\"high\" decoding=\"async\" width=\"900\" height=\"837\" src=\"https:\/\/annp.gov.py\/wp-content\/uploads\/2023\/10\/WhatsApp-Image-2023-10-24-at-13.24.29.jpeg\" class=\"attachment-large size-large wp-image-647\" alt=\"\" srcset=\"https:\/\/annp.gov.py\/wp-content\/uploads\/2023\/10\/WhatsApp-Image-2023-10-24-at-13.24.29.jpeg 960w, https:\/\/annp.gov.py\/wp-content\/uploads\/2023\/10\/WhatsApp-Image-2023-10-24-at-13.24.29-300x279.jpeg 300w, https:\/\/annp.gov.py\/wp-content\/uploads\/2023\/10\/WhatsApp-Image-2023-10-24-at-13.24.29-768x714.jpeg 768w\" sizes=\"(max-width: 900px) 100vw, 900px\" \/>\t\t\t\t\t\t\t\t\t\t\t\t\t\t\t<\/div>\n\t\t\t\t<\/div>\n\t\t\t\t\t<\/div>\n\t\t<\/div>\n\t\t\t\t\t<\/div>\n\t\t<\/section>\n\t\t\t\t<\/div>\n\t\t","protected":false},"excerpt":{"rendered":"<p>Ley de Transparencia N\u00b0 5282 \/ 2014 JULIO 2025Decreto N\u00b0 4064\/2015 \u00abQue reglamenta la Ley N\u00b0 5282\/2014\u00bbLey 5282\/2014 \u00abDe libre acceso ciudadano a la informaci\u00f3n p\u00fablica y transparencia\u00bb. Ver aqu\u00eda)\u00a0Estructura Org\u00e1nicab)\u00a0Facultades, deberes, funciones y\/o atribuciones de sus \u00f3rganos y dependencias internasc)\u00a0Marco normativod)\u00a0Descripci\u00f3n general de c\u00f3mo funciona y cu\u00e1l es el proceso de toma de\u00a0 decisiones.e)\u00a0Listado [&hellip;]<\/p>\n","protected":false},"author":8,"featured_media":0,"parent":0,"menu_order":0,"comment_status":"closed","ping_status":"closed","template":"page-templates\/home-1.php","meta":{"inline_featured_image":false,"footnotes":""},"class_list":["post-5337","page","type-page","status-publish","hentry"],"_links":{"self":[{"href":"https:\/\/annp.gov.py\/index.php?rest_route=\/wp\/v2\/pages\/5337","targetHints":{"allow":["GET"]}}],"collection":[{"href":"https:\/\/annp.gov.py\/index.php?rest_route=\/wp\/v2\/pages"}],"about":[{"href":"https:\/\/annp.gov.py\/index.php?rest_route=\/wp\/v2\/types\/page"}],"author":[{"embeddable":true,"href":"https:\/\/annp.gov.py\/index.php?rest_route=\/wp\/v2\/users\/8"}],"replies":[{"embeddable":true,"href":"https:\/\/annp.gov.py\/index.php?rest_route=%2Fwp%2Fv2%2Fcomments&post=5337"}],"version-history":[{"count":4,"href":"https:\/\/annp.gov.py\/index.php?rest_route=\/wp\/v2\/pages\/5337\/revisions"}],"predecessor-version":[{"id":5341,"href":"https:\/\/annp.gov.py\/index.php?rest_route=\/wp\/v2\/pages\/5337\/revisions\/5341"}],"wp:attachment":[{"href":"https:\/\/annp.gov.py\/index.php?rest_route=%2Fwp%2Fv2%2Fmedia&parent=5337"}],"curies":[{"name":"wp","href":"https:\/\/api.w.org\/{rel}","templated":true}]}}