{"id":603,"date":"2023-10-24T18:56:02","date_gmt":"2023-10-24T18:56:02","guid":{"rendered":"https:\/\/migracion.annp.gov.py\/?page_id=603"},"modified":"2026-04-20T11:55:27","modified_gmt":"2026-04-20T14:55:27","slug":"ley-de-transparencia-5-189","status":"publish","type":"page","link":"https:\/\/annp.gov.py\/?page_id=603","title":{"rendered":"Ley de transparencia N\u00b0 5189"},"content":{"rendered":"\t\t<div data-elementor-type=\"wp-page\" data-elementor-id=\"603\" class=\"elementor elementor-603\">\n\t\t\t\t\t\t<section class=\"elementor-section elementor-top-section elementor-element elementor-element-634655be elementor-section-boxed elementor-section-height-default elementor-section-height-default\" data-id=\"634655be\" data-element_type=\"section\" data-e-type=\"section\">\n\t\t\t\t\t\t<div class=\"elementor-container elementor-column-gap-default\">\n\t\t\t\t\t<div class=\"elementor-column elementor-col-100 elementor-top-column elementor-element elementor-element-496c02e7\" data-id=\"496c02e7\" data-element_type=\"column\" data-e-type=\"column\">\n\t\t\t<div class=\"elementor-widget-wrap elementor-element-populated\">\n\t\t\t\t\t\t<div class=\"elementor-element elementor-element-eab1a22 elementor-widget elementor-widget-spacer\" data-id=\"eab1a22\" data-element_type=\"widget\" data-e-type=\"widget\" data-widget_type=\"spacer.default\">\n\t\t\t\t<div class=\"elementor-widget-container\">\n\t\t\t\t\t\t\t<div class=\"elementor-spacer\">\n\t\t\t<div class=\"elementor-spacer-inner\"><\/div>\n\t\t<\/div>\n\t\t\t\t\t\t<\/div>\n\t\t\t\t<\/div>\n\t\t\t\t<div class=\"elementor-element elementor-element-05dea4d elementor-widget elementor-widget-heading\" data-id=\"05dea4d\" data-element_type=\"widget\" data-e-type=\"widget\" data-widget_type=\"heading.default\">\n\t\t\t\t<div class=\"elementor-widget-container\">\n\t\t\t\t\t<h2 class=\"elementor-heading-title elementor-size-default\">Ley de Transparencia N\u00b0 5189 \/ 2014<\/h2>\t\t\t\t<\/div>\n\t\t\t\t<\/div>\n\t\t\t\t\t<\/div>\n\t\t<\/div>\n\t\t\t\t\t<\/div>\n\t\t<\/section>\n\t\t\t\t<section class=\"elementor-section elementor-top-section elementor-element elementor-element-c446b9f elementor-section-boxed elementor-section-height-default elementor-section-height-default\" data-id=\"c446b9f\" data-element_type=\"section\" data-e-type=\"section\">\n\t\t\t\t\t\t<div class=\"elementor-container elementor-column-gap-default\">\n\t\t\t\t\t<div class=\"elementor-column elementor-col-50 elementor-top-column elementor-element elementor-element-075d89c\" data-id=\"075d89c\" data-element_type=\"column\" data-e-type=\"column\">\n\t\t\t<div class=\"elementor-widget-wrap elementor-element-populated\">\n\t\t\t\t\t\t<div class=\"elementor-element elementor-element-f44d4a0 elementor-widget__width-initial elementor-widget elementor-widget-text-editor\" data-id=\"f44d4a0\" data-element_type=\"widget\" data-e-type=\"widget\" data-widget_type=\"text-editor.default\">\n\t\t\t\t<div class=\"elementor-widget-container\">\n\t\t\t\t\t\t\t\t\t<div class=\"row\"><div class=\"span12\"><div class=\"row\"><div class=\"span9\"><div class=\"media\"><div class=\"media-body\"><article><p class=\"media-heading\"><span style=\"font-size: 16px;\">\u00abQue establece la obligatoriedad de la provisi\u00f3n de informaciones en el uso de los recursos p\u00fablicos sobre remuneraciones y otras retribuciones asignadas al servidor p\u00fablico de la Rep\u00fablica del Paraguay\u00bb. <\/span><strong style=\"font-size: 16px;\"><a href=\"https:\/\/annp.gov.py\/?direct_file=eyJpZCI6IjF2NHhWRGZKeWJIakczNlNCYVhkSXNaSFNnNzIyT0ZKXyIsImFjY291bnRJZCI6IjExNzM5OTgwMjE3NDgwMzI2MDA2In0=\" target=\"_blank\" rel=\"noopener\"><span style=\"font-family: Tahoma, Arial, sans-serif;\">Ver aqu\u00ed<\/span><\/a><\/strong><\/p><div id=\"copete\" class=\"txt2\"><hr \/><\/div><div class=\"espacio20\">\u00a0<\/div><h4>A\u00d1O 2026<\/h4><ul><li><a href=\"https:\/\/annp.gov.py\/?page_id=21667\" target=\"_blank\" rel=\"noopener\"><span style=\"text-decoration: underline;\">ENERO 2026<\/span><\/a><\/li><li><a href=\"https:\/\/annp.gov.py\/?page_id=21928\"><span style=\"text-decoration: underline;\">FEBRERO 2026<\/span><\/a><\/li><li><a href=\"https:\/\/annp.gov.py\/?page_id=22219\"><span style=\"text-decoration: underline;\">MARZO 2026<\/span><\/a><br \/><hr \/><\/li><\/ul><h4 class=\"espacio10\">A\u00d1O 2025<\/h4><div id=\"cuerpo\" class=\"txt2\"><ul><li><span style=\"text-decoration: underline;\"><a href=\"https:\/\/annp.gov.py\/?page_id=2377\" target=\"_blank\" rel=\"noopener\">ENERO 2025<\/a><\/span><\/li><li><span style=\"text-decoration: underline;\"><a href=\"https:\/\/annp.gov.py\/?page_id=2437\" target=\"_blank\" rel=\"noopener\">FEBRERO 2025<\/a><\/span><\/li><li><span style=\"text-decoration: underline;\"><a href=\"https:\/\/annp.gov.py\/?page_id=2450\" target=\"_blank\" rel=\"noopener\">MARZO 2025<\/a><\/span><\/li><li><span style=\"text-decoration: underline;\"><a href=\"https:\/\/annp.gov.py\/?page_id=2464\" target=\"_blank\" rel=\"noopener\">ABRIL 2025<\/a><\/span><\/li><li><span style=\"text-decoration: underline;\"><a href=\"https:\/\/annp.gov.py\/?page_id=3977\">MAYO 2025<\/a><\/span><\/li><li><span style=\"text-decoration: underline;\"><a href=\"https:\/\/annp.gov.py\/?page_id=4700\">JUNIO 2025<\/a><\/span><\/li><li><a href=\"https:\/\/annp.gov.py\/?page_id=5328\"><span style=\"text-decoration: underline;\">JULIO 2025<\/span><\/a><\/li><li><a href=\"https:\/\/annp.gov.py\/?page_id=5805\"><span style=\"text-decoration: underline;\">AGOSTO 2025<\/span><\/a><\/li><li><a href=\"https:\/\/annp.gov.py\/?page_id=6132\"><span style=\"text-decoration: underline;\">SEPTIEMBRE 2025<\/span><\/a><\/li><li><a href=\"https:\/\/annp.gov.py\/?page_id=9766\"><span style=\"text-decoration: underline;\">OCTUBRE 2025<\/span><\/a><\/li><li><a href=\"https:\/\/annp.gov.py\/?page_id=14823\"><span style=\"text-decoration: underline;\">NOVIEMBRE 2025<\/span><\/a><\/li><li><span style=\"text-decoration: underline;\"><a href=\"https:\/\/annp.gov.py\/?page_id=20542\">DICIEMBRE 2025<\/a><\/span><\/li><\/ul><hr \/><\/div><\/article><\/div><\/div><h4>\u00a0<\/h4><h4>A\u00d1O 2024<\/h4><ul><li><span style=\"text-decoration: underline;\"><a href=\"https:\/\/annp.gov.py\/?page_id=2476\" target=\"_blank\" rel=\"noopener\">ENERO 2024<\/a><\/span><\/li><li><span style=\"text-decoration: underline;\"><a href=\"https:\/\/annp.gov.py\/?page_id=2485\" target=\"_blank\" rel=\"noopener\">FEBRERO 2024<\/a><\/span><\/li><li><span style=\"text-decoration: underline;\"><a href=\"https:\/\/annp.gov.py\/?page_id=2511\" target=\"_blank\" rel=\"noopener\">MARZO 2024<\/a><\/span><\/li><li><span style=\"text-decoration: underline;\"><a href=\"https:\/\/annp.gov.py\/?page_id=2530\" target=\"_blank\" rel=\"noopener\">ABRIL 2024<\/a><\/span><\/li><li><span style=\"text-decoration: underline;\"><a href=\"https:\/\/annp.gov.py\/?page_id=2580\" target=\"_blank\" rel=\"noopener\">MAYO 2024<\/a><\/span><\/li><li><span style=\"text-decoration: underline;\"><a href=\"https:\/\/annp.gov.py\/?page_id=2636\" target=\"_blank\" rel=\"noopener\">JUNIO 2024<\/a><\/span><\/li><li><span style=\"text-decoration: underline;\"><a href=\"https:\/\/annp.gov.py\/?page_id=2644\" target=\"_blank\" rel=\"noopener\">JULIO 2024<\/a><\/span><\/li><li><span style=\"text-decoration: underline;\"><a href=\"https:\/\/annp.gov.py\/?page_id=2652\" target=\"_blank\" rel=\"noopener\">AGOSTO 2024<\/a><\/span><\/li><li><span style=\"text-decoration: underline;\"><a href=\"https:\/\/annp.gov.py\/?page_id=2667\" target=\"_blank\" rel=\"noopener\">SEPTIEMBRE 2024<\/a><\/span><\/li><li><span style=\"text-decoration: underline;\"><a href=\"https:\/\/annp.gov.py\/?page_id=2675\" target=\"_blank\" rel=\"noopener\">OCTUBRE 2024<\/a><\/span><\/li><li><span style=\"text-decoration: underline;\"><a href=\"https:\/\/annp.gov.py\/?page_id=2697\" target=\"_blank\" rel=\"noopener\">NOVIEMBRE 2024<\/a><\/span><\/li><li><span style=\"text-decoration: underline;\"><a href=\"https:\/\/annp.gov.py\/?page_id=2955\" target=\"_blank\" rel=\"noopener\">DICIEMBRE 2024<\/a><\/span><\/li><\/ul><hr \/><\/div><\/div><\/div><\/div>\t\t\t\t\t\t\t\t<\/div>\n\t\t\t\t<\/div>\n\t\t\t\t\t<\/div>\n\t\t<\/div>\n\t\t\t\t<div class=\"elementor-column elementor-col-50 elementor-top-column elementor-element elementor-element-6a46d76\" data-id=\"6a46d76\" data-element_type=\"column\" data-e-type=\"column\">\n\t\t\t<div class=\"elementor-widget-wrap elementor-element-populated\">\n\t\t\t\t\t\t<div class=\"elementor-element elementor-element-5cac560 elementor-widget__width-initial elementor-widget elementor-widget-image\" data-id=\"5cac560\" data-element_type=\"widget\" data-e-type=\"widget\" data-widget_type=\"image.default\">\n\t\t\t\t<div class=\"elementor-widget-container\">\n\t\t\t\t\t\t\t\t\t\t\t\t\t\t\t<img fetchpriority=\"high\" decoding=\"async\" width=\"900\" height=\"680\" src=\"https:\/\/annp.gov.py\/wp-content\/uploads\/2023\/10\/WhatsApp-Image-2023-10-24-at-13.32.07-1024x774.jpeg\" class=\"attachment-large size-large wp-image-639\" alt=\"\" srcset=\"https:\/\/annp.gov.py\/wp-content\/uploads\/2023\/10\/WhatsApp-Image-2023-10-24-at-13.32.07-1024x774.jpeg 1024w, https:\/\/annp.gov.py\/wp-content\/uploads\/2023\/10\/WhatsApp-Image-2023-10-24-at-13.32.07-300x227.jpeg 300w, https:\/\/annp.gov.py\/wp-content\/uploads\/2023\/10\/WhatsApp-Image-2023-10-24-at-13.32.07-768x581.jpeg 768w, https:\/\/annp.gov.py\/wp-content\/uploads\/2023\/10\/WhatsApp-Image-2023-10-24-at-13.32.07-1536x1162.jpeg 1536w, https:\/\/annp.gov.py\/wp-content\/uploads\/2023\/10\/WhatsApp-Image-2023-10-24-at-13.32.07.jpeg 1600w\" sizes=\"(max-width: 900px) 100vw, 900px\" \/>\t\t\t\t\t\t\t\t\t\t\t\t\t\t\t<\/div>\n\t\t\t\t<\/div>\n\t\t\t\t\t<\/div>\n\t\t<\/div>\n\t\t\t\t\t<\/div>\n\t\t<\/section>\n\t\t\t\t<section class=\"elementor-section elementor-top-section elementor-element elementor-element-115ad77 elementor-section-boxed elementor-section-height-default elementor-section-height-default\" data-id=\"115ad77\" data-element_type=\"section\" data-e-type=\"section\">\n\t\t\t\t\t\t<div class=\"elementor-container elementor-column-gap-default\">\n\t\t\t\t\t<div class=\"elementor-column elementor-col-100 elementor-top-column elementor-element elementor-element-548e945\" data-id=\"548e945\" data-element_type=\"column\" data-e-type=\"column\">\n\t\t\t<div class=\"elementor-widget-wrap elementor-element-populated\">\n\t\t\t\t\t\t<div class=\"elementor-element elementor-element-758db1c elementor-widget elementor-widget-spacer\" data-id=\"758db1c\" data-element_type=\"widget\" data-e-type=\"widget\" data-widget_type=\"spacer.default\">\n\t\t\t\t<div class=\"elementor-widget-container\">\n\t\t\t\t\t\t\t<div class=\"elementor-spacer\">\n\t\t\t<div class=\"elementor-spacer-inner\"><\/div>\n\t\t<\/div>\n\t\t\t\t\t\t<\/div>\n\t\t\t\t<\/div>\n\t\t\t\t\t<\/div>\n\t\t<\/div>\n\t\t\t\t\t<\/div>\n\t\t<\/section>\n\t\t\t\t<\/div>\n\t\t","protected":false},"excerpt":{"rendered":"<p>Ley de Transparencia N\u00b0 5189 \/ 2014 \u00abQue establece la obligatoriedad de la provisi\u00f3n de informaciones en el uso de los recursos p\u00fablicos sobre remuneraciones y otras retribuciones asignadas al servidor p\u00fablico de la Rep\u00fablica del Paraguay\u00bb. Ver aqu\u00ed\u00a0A\u00d1O 2026ENERO 2026FEBRERO 2026MARZO 2026A\u00d1O 2025ENERO 2025FEBRERO 2025MARZO 2025ABRIL 2025MAYO 2025JUNIO 2025JULIO 2025AGOSTO 2025SEPTIEMBRE 2025OCTUBRE 2025NOVIEMBRE 2025DICIEMBRE [&hellip;]<\/p>\n","protected":false},"author":2,"featured_media":635,"parent":2,"menu_order":0,"comment_status":"closed","ping_status":"closed","template":"page-templates\/home-1.php","meta":{"inline_featured_image":false,"footnotes":""},"class_list":["post-603","page","type-page","status-publish","has-post-thumbnail","hentry"],"_links":{"self":[{"href":"https:\/\/annp.gov.py\/index.php?rest_route=\/wp\/v2\/pages\/603","targetHints":{"allow":["GET"]}}],"collection":[{"href":"https:\/\/annp.gov.py\/index.php?rest_route=\/wp\/v2\/pages"}],"about":[{"href":"https:\/\/annp.gov.py\/index.php?rest_route=\/wp\/v2\/types\/page"}],"author":[{"embeddable":true,"href":"https:\/\/annp.gov.py\/index.php?rest_route=\/wp\/v2\/users\/2"}],"replies":[{"embeddable":true,"href":"https:\/\/annp.gov.py\/index.php?rest_route=%2Fwp%2Fv2%2Fcomments&post=603"}],"version-history":[{"count":164,"href":"https:\/\/annp.gov.py\/index.php?rest_route=\/wp\/v2\/pages\/603\/revisions"}],"predecessor-version":[{"id":22227,"href":"https:\/\/annp.gov.py\/index.php?rest_route=\/wp\/v2\/pages\/603\/revisions\/22227"}],"up":[{"embeddable":true,"href":"https:\/\/annp.gov.py\/index.php?rest_route=\/wp\/v2\/pages\/2"}],"wp:featuredmedia":[{"embeddable":true,"href":"https:\/\/annp.gov.py\/index.php?rest_route=\/wp\/v2\/media\/635"}],"wp:attachment":[{"href":"https:\/\/annp.gov.py\/index.php?rest_route=%2Fwp%2Fv2%2Fmedia&parent=603"}],"curies":[{"name":"wp","href":"https:\/\/api.w.org\/{rel}","templated":true}]}}