{"id":749,"date":"2023-10-25T18:42:07","date_gmt":"2023-10-25T18:42:07","guid":{"rendered":"https:\/\/migracion.annp.gov.py\/?page_id=749"},"modified":"2024-04-22T14:56:52","modified_gmt":"2024-04-22T14:56:52","slug":"puerto-villeta","status":"publish","type":"page","link":"https:\/\/annp.gov.py\/?page_id=749","title":{"rendered":"PUERTO VILLETA"},"content":{"rendered":"\t\t<div data-elementor-type=\"wp-page\" data-elementor-id=\"749\" class=\"elementor elementor-749\">\n\t\t\t\t\t\t<section class=\"elementor-section elementor-top-section elementor-element elementor-element-634655be elementor-section-boxed elementor-section-height-default elementor-section-height-default\" data-id=\"634655be\" data-element_type=\"section\" data-e-type=\"section\">\n\t\t\t\t\t\t<div class=\"elementor-container elementor-column-gap-default\">\n\t\t\t\t\t<div class=\"elementor-column elementor-col-100 elementor-top-column elementor-element elementor-element-496c02e7\" data-id=\"496c02e7\" data-element_type=\"column\" data-e-type=\"column\">\n\t\t\t<div class=\"elementor-widget-wrap elementor-element-populated\">\n\t\t\t\t\t\t<div class=\"elementor-element elementor-element-eab1a22 elementor-widget elementor-widget-spacer\" data-id=\"eab1a22\" data-element_type=\"widget\" data-e-type=\"widget\" data-widget_type=\"spacer.default\">\n\t\t\t\t<div class=\"elementor-widget-container\">\n\t\t\t\t\t\t\t<div class=\"elementor-spacer\">\n\t\t\t<div class=\"elementor-spacer-inner\"><\/div>\n\t\t<\/div>\n\t\t\t\t\t\t<\/div>\n\t\t\t\t<\/div>\n\t\t\t\t<div class=\"elementor-element elementor-element-05dea4d elementor-widget elementor-widget-heading\" data-id=\"05dea4d\" data-element_type=\"widget\" data-e-type=\"widget\" data-widget_type=\"heading.default\">\n\t\t\t\t<div class=\"elementor-widget-container\">\n\t\t\t\t\t<h2 class=\"elementor-heading-title elementor-size-default\">TERMINAL PORTUARIA DE VILLETA<\/h2>\t\t\t\t<\/div>\n\t\t\t\t<\/div>\n\t\t\t\t<div class=\"elementor-element elementor-element-522a0e2 elementor-widget elementor-widget-spacer\" data-id=\"522a0e2\" data-element_type=\"widget\" data-e-type=\"widget\" data-widget_type=\"spacer.default\">\n\t\t\t\t<div class=\"elementor-widget-container\">\n\t\t\t\t\t\t\t<div class=\"elementor-spacer\">\n\t\t\t<div class=\"elementor-spacer-inner\"><\/div>\n\t\t<\/div>\n\t\t\t\t\t\t<\/div>\n\t\t\t\t<\/div>\n\t\t\t\t\t<\/div>\n\t\t<\/div>\n\t\t\t\t\t<\/div>\n\t\t<\/section>\n\t\t\t\t<section class=\"elementor-section elementor-top-section elementor-element elementor-element-c446b9f elementor-section-boxed elementor-section-height-default elementor-section-height-default\" data-id=\"c446b9f\" data-element_type=\"section\" data-e-type=\"section\" data-settings=\"{&quot;background_background&quot;:&quot;classic&quot;}\">\n\t\t\t\t\t\t<div class=\"elementor-container elementor-column-gap-default\">\n\t\t\t\t\t<div class=\"elementor-column elementor-col-50 elementor-top-column elementor-element elementor-element-075d89c\" data-id=\"075d89c\" data-element_type=\"column\" data-e-type=\"column\">\n\t\t\t<div class=\"elementor-widget-wrap elementor-element-populated\">\n\t\t\t\t\t\t<div class=\"elementor-element elementor-element-9b3a64c elementor-widget elementor-widget-spacer\" data-id=\"9b3a64c\" data-element_type=\"widget\" data-e-type=\"widget\" data-widget_type=\"spacer.default\">\n\t\t\t\t<div class=\"elementor-widget-container\">\n\t\t\t\t\t\t\t<div class=\"elementor-spacer\">\n\t\t\t<div class=\"elementor-spacer-inner\"><\/div>\n\t\t<\/div>\n\t\t\t\t\t\t<\/div>\n\t\t\t\t<\/div>\n\t\t\t\t<div class=\"elementor-element elementor-element-f44d4a0 elementor-widget elementor-widget-text-editor\" data-id=\"f44d4a0\" data-element_type=\"widget\" data-e-type=\"widget\" data-widget_type=\"text-editor.default\">\n\t\t\t\t<div class=\"elementor-widget-container\">\n\t\t\t\t\t\t\t\t\t<p class=\"cvGsUA direction-ltr align-justify para-style-body\"><strong><span class=\"OYPEnA text-decoration-none text-strikethrough-none\">Localizaci\u00f3n:<\/span><\/strong><span class=\"OYPEnA text-decoration-none text-strikethrough-none\"> Departamento Central, a 28 Km de Asunci\u00f3n, en el Km 353 del R\u00edo Paraguay (Km 0 confluencia Paraguay \u2013 Paran\u00e1).<\/span><\/p><p class=\"cvGsUA direction-ltr align-justify para-style-body\"><strong><span class=\"OYPEnA text-decoration-none text-strikethrough-none\">Accesos:<\/span><\/strong><span class=\"OYPEnA text-decoration-none text-strikethrough-none\"> A trav\u00e9s de dos rutas por v\u00eda terrestre; por la ruta PY01, a 33,2 km al sur de Asunci\u00f3n y por Acceso Sur, una ruta amplia, segura y bien se\u00f1alizada, a 36,8 km.<\/span><\/p><p class=\"cvGsUA direction-ltr align-justify para-style-body\"><strong><span class=\"OYPEnA text-decoration-none text-strikethrough-none\">Dimensi\u00f3n:<\/span><\/strong><span class=\"OYPEnA text-decoration-none text-strikethrough-none\"> 13,5 hect\u00e1reas. Rellenado con refulado hidr\u00e1ulico hasta la cota 62,50m. (8,00m del hidr\u00f3metro local). Totalmente delimitado y cercado.<\/span><\/p><p class=\"cvGsUA direction-ltr align-justify para-style-body\"><strong><span class=\"OYPEnA text-decoration-none text-strikethrough-none\">Tipo de Operaci\u00f3n: <\/span><\/strong><span class=\"OYPEnA text-decoration-none text-strikethrough-none\">Importaci\u00f3n, Exportaci\u00f3n.<\/span><\/p><p class=\"cvGsUA direction-ltr align-justify para-style-body\"><strong><span class=\"OYPEnA text-decoration-none text-strikethrough-none\">Ventajas:<\/span><\/strong><span class=\"OYPEnA text-decoration-none text-strikethrough-none\"> Alianza Operativa con la firma Argentina PTP GROUP. Ubicaci\u00f3n estrat\u00e9gica. Conexi\u00f3n con dos rutas la N\u00b0 1 y N\u00b0 2. Equipamientos (gr\u00faas, guinches etc.). Muelle con un calado de 10 pies durante los 365 d\u00edas. Zona industrial. Zona franca de Bolivia para mercader\u00edas en tr\u00e1nsito.<\/span><\/p><p class=\"cvGsUA direction-ltr align-justify para-style-body\"><span class=\"OYPEnA text-decoration-none text-strikethrough-none\"><strong>Infraestructura:<\/strong> <\/span><span class=\"OYPEnA text-decoration-none text-strikethrough-none\">Muelles: 430 m de longitud de frente. Ancho de la plataforma de hormig\u00f3n es de 15m. Paralelo y al mismo nivel tiene una franja de 10 m pavimentada con hormig\u00f3n asf\u00e1ltico. Ancho total 25 m. Capacidad operativa de 4 tn\/m2. <\/span><\/p><p class=\"cvGsUA direction-ltr align-justify para-style-body\"><span class=\"OYPEnA text-decoration-none text-strikethrough-none\"><strong>Almacenamiento:<\/strong> Dep\u00f3sito cubierto para 20.000 m3, un \u00e1rea de 100m por 30m, con estructura de acero y piso de hormig\u00f3n armado. Oficinas de control en 2 niveles de 40m2. Sistema elevado de carga a granel, con p\u00f3rtico m\u00f3vil de 60m de recorrido longitudinal, alimentado por una cinta transportadora elevada, con una capacidad de 50 tn\/h. <\/span><\/p><p class=\"cvGsUA direction-ltr align-justify para-style-body\"><span class=\"OYPEnA text-decoration-none text-strikethrough-none\"><strong>Altura de carga:<\/strong> 9,5 m sobre el frente del muelle. Dep\u00f3sito p\/ Mercader\u00edas Peligrosas: 156,00m2. Silo Horizontal para 10.000 tn. de capacidad. <\/span><\/p><p class=\"cvGsUA direction-ltr align-justify para-style-body\"><span class=\"OYPEnA text-decoration-none text-strikethrough-none\">Otros: Edificio Administrativo (2 niveles de 800 m2). <strong>Caseta de control de acceso:<\/strong> 20,00m2. 2 Casetas de B\u00e1scula para pesar camiones: 15,00m2 c\/u. 2.400 m de caminos internos asfaltados. Ancho variable entre 14,5 y 8,5m. \u00c1rea total de 22.000 m2. SSHH y <strong>Vestuarios:<\/strong> 50,00m2. <\/span><\/p><p class=\"cvGsUA direction-ltr align-justify para-style-body\"><span class=\"OYPEnA text-decoration-none text-strikethrough-none\"><strong>Edificio Habitacional:<\/strong> 70,00m2. <\/span><\/p><p class=\"cvGsUA direction-ltr align-justify para-style-body\"><span class=\"OYPEnA text-decoration-none text-strikethrough-none\"><strong>Muralla Lindera:<\/strong> 350,00ml. Red de agua potable para conexi\u00f3n a embarcaciones. Sistema de comunicaciones telef\u00f3nicas desde la central a tomas en todo el frente del muelle. Servicio de Agua potable alimentado desde la red p\u00fablica con ca\u00f1os tipo PBA de 50 mm. Tanque elevado de H\u00baA\u00ba de 30.000 lts de capacidad.<\/span><\/p><p class=\"cvGsUA direction-ltr align-justify para-style-body\"><span class=\"OYPEnA text-decoration-none text-strikethrough-none\"><strong> Iluminaci\u00f3n del patio:<\/strong> Suministrada por la ANDE a trav\u00e9s de dos acometidas de 23.000 V y distribuidos en 380\/220 V por medio de dos transformadores: uno de ellos de 400 KVA que sirve a todo el \u00e1rea portuaria a excepci\u00f3n del Edificio Administrativo, el cual es alimentado a trav\u00e9s de otro transformador de 300 KVA.<\/span><\/p><p><strong><span class=\"OYPEnA text-decoration-none text-strikethrough-none\">Equipos y Maquinarias:<\/span><\/strong><span class=\"OYPEnA text-decoration-none text-strikethrough-none\"> Montacarga GP 04 (3 Ton). Montacarga GP 05 (3 Ton). Montacarga Wecan (3 Ton). Montacarga (15 Ton). Gr\u00faa fija sobre muelle Liebherr (45 Ton).<\/span> <span class=\"OYPEnA text-decoration-none text-strikethrough-none\">Gr\u00faa Manitowoc (120 Ton). Cami\u00f3n transportador de contenedor Capacity N\u00b01 (45 Ton). Cami\u00f3n transportador de contenedor Capacity N\u00b02 (45 Ton). Carreta Capacity N\u00b04 (45 Ton). Gr\u00faa Hitachi (40 Ton). 2 Portacontenedores SANY (45 Ton de capacidad c\/u). Tolva (A granel).<\/span><\/p>\t\t\t\t\t\t\t\t<\/div>\n\t\t\t\t<\/div>\n\t\t\t\t<div class=\"elementor-element elementor-element-81387b2 elementor-widget elementor-widget-spacer\" data-id=\"81387b2\" data-element_type=\"widget\" data-e-type=\"widget\" data-widget_type=\"spacer.default\">\n\t\t\t\t<div class=\"elementor-widget-container\">\n\t\t\t\t\t\t\t<div class=\"elementor-spacer\">\n\t\t\t<div class=\"elementor-spacer-inner\"><\/div>\n\t\t<\/div>\n\t\t\t\t\t\t<\/div>\n\t\t\t\t<\/div>\n\t\t\t\t\t<\/div>\n\t\t<\/div>\n\t\t\t\t<div class=\"elementor-column elementor-col-50 elementor-top-column elementor-element elementor-element-6a46d76\" data-id=\"6a46d76\" data-element_type=\"column\" data-e-type=\"column\">\n\t\t\t<div class=\"elementor-widget-wrap elementor-element-populated\">\n\t\t\t\t\t\t<div class=\"elementor-element elementor-element-d5d8525 elementor-widget elementor-widget-spacer\" data-id=\"d5d8525\" data-element_type=\"widget\" data-e-type=\"widget\" data-widget_type=\"spacer.default\">\n\t\t\t\t<div class=\"elementor-widget-container\">\n\t\t\t\t\t\t\t<div class=\"elementor-spacer\">\n\t\t\t<div class=\"elementor-spacer-inner\"><\/div>\n\t\t<\/div>\n\t\t\t\t\t\t<\/div>\n\t\t\t\t<\/div>\n\t\t\t\t<div class=\"elementor-element elementor-element-fe02e20 elementor-widget__width-initial elementor-arrows-position-inside elementor-pagination-position-outside elementor-widget elementor-widget-image-carousel\" data-id=\"fe02e20\" data-element_type=\"widget\" data-e-type=\"widget\" data-settings=\"{&quot;slides_to_show&quot;:&quot;1&quot;,&quot;navigation&quot;:&quot;both&quot;,&quot;autoplay&quot;:&quot;yes&quot;,&quot;pause_on_hover&quot;:&quot;yes&quot;,&quot;pause_on_interaction&quot;:&quot;yes&quot;,&quot;autoplay_speed&quot;:5000,&quot;infinite&quot;:&quot;yes&quot;,&quot;effect&quot;:&quot;slide&quot;,&quot;speed&quot;:500}\" data-widget_type=\"image-carousel.default\">\n\t\t\t\t<div class=\"elementor-widget-container\">\n\t\t\t\t\t\t\t<div class=\"elementor-image-carousel-wrapper swiper\" role=\"region\" aria-roledescription=\"carousel\" aria-label=\"Carrusel de im\u00e1genes\" dir=\"ltr\">\n\t\t\t<div class=\"elementor-image-carousel swiper-wrapper swiper-image-stretch\" aria-live=\"off\">\n\t\t\t\t\t\t\t\t<div class=\"swiper-slide\" role=\"group\" aria-roledescription=\"slide\" aria-label=\"1 de 7\"><figure class=\"swiper-slide-inner\"><img decoding=\"async\" class=\"swiper-slide-image\" src=\"https:\/\/annp.gov.py\/wp-content\/uploads\/elementor\/thumbs\/Pto-Villeta-12-qee7hhrvcg07k3ptd0wnll4grhxl9gc7ssjb1u2554.jpg\" alt=\"Pto Villeta (12)\" \/><\/figure><\/div><div class=\"swiper-slide\" role=\"group\" aria-roledescription=\"slide\" aria-label=\"2 de 7\"><figure class=\"swiper-slide-inner\"><img decoding=\"async\" class=\"swiper-slide-image\" src=\"https:\/\/annp.gov.py\/wp-content\/uploads\/elementor\/thumbs\/Pto-Villeta-11-qee7hjnjq42s7bn321pwqkndy9oboujoh1ua0dzcso.jpeg\" alt=\"Pto Villeta (11)\" \/><\/figure><\/div><div class=\"swiper-slide\" role=\"group\" aria-roledescription=\"slide\" aria-label=\"3 de 7\"><figure class=\"swiper-slide-inner\"><img decoding=\"async\" class=\"swiper-slide-image\" src=\"https:\/\/annp.gov.py\/wp-content\/uploads\/elementor\/thumbs\/Pto-Villeta-7-qee7hnewhg7xhrhmg3cf0jp8bt5sjmyltkg7xhts3s.jpeg\" alt=\"Pto Villeta (7)\" \/><\/figure><\/div><div class=\"swiper-slide\" role=\"group\" aria-roledescription=\"slide\" aria-label=\"4 de 7\"><figure class=\"swiper-slide-inner\"><img decoding=\"async\" class=\"swiper-slide-image\" src=\"https:\/\/annp.gov.py\/wp-content\/uploads\/elementor\/thumbs\/Pto-Villeta-4-qee7ht1xmgfnff9fj5s6fi9zw4dzttkzucd4t5lf2g.jpeg\" alt=\"Pto Villeta (4)\" \/><\/figure><\/div><div class=\"swiper-slide\" role=\"group\" aria-roledescription=\"slide\" aria-label=\"5 de 7\"><figure class=\"swiper-slide-inner\"><img decoding=\"async\" class=\"swiper-slide-image\" src=\"https:\/\/annp.gov.py\/wp-content\/uploads\/elementor\/thumbs\/Pto-Villeta-3-qee7hxr4kmm31h2lrptb9z3av1qtwb3nizmk7jeg7c.jpeg\" alt=\"Pto Villeta (3)\" \/><\/figure><\/div><div class=\"swiper-slide\" role=\"group\" aria-roledescription=\"slide\" aria-label=\"6 de 7\"><figure class=\"swiper-slide-inner\"><img decoding=\"async\" class=\"swiper-slide-image\" src=\"https:\/\/annp.gov.py\/wp-content\/uploads\/elementor\/thumbs\/Pto-Villeta-2-qee7i2gbissinivs09ug4fwltz3nysmb7mvzlx7hc8.jpeg\" alt=\"Pto Villeta (2)\" \/><\/figure><\/div><div class=\"swiper-slide\" role=\"group\" aria-roledescription=\"slide\" aria-label=\"7 de 7\"><figure class=\"swiper-slide-inner\"><img decoding=\"async\" class=\"swiper-slide-image\" src=\"https:\/\/annp.gov.py\/wp-content\/uploads\/elementor\/thumbs\/Pto-Villeta-1-qee7i75igyyy9koy8tvkywpwswgi1a4ywa5f0b0ih4.jpeg\" alt=\"Pto Villeta (1)\" \/><\/figure><\/div>\t\t\t<\/div>\n\t\t\t\t\t\t\t\t\t\t\t\t<div class=\"elementor-swiper-button elementor-swiper-button-prev\" role=\"button\" tabindex=\"0\">\n\t\t\t\t\t\t<i aria-hidden=\"true\" class=\"eicon-chevron-left\"><\/i>\t\t\t\t\t<\/div>\n\t\t\t\t\t<div class=\"elementor-swiper-button elementor-swiper-button-next\" role=\"button\" tabindex=\"0\">\n\t\t\t\t\t\t<i aria-hidden=\"true\" class=\"eicon-chevron-right\"><\/i>\t\t\t\t\t<\/div>\n\t\t\t\t\n\t\t\t\t\t\t\t\t\t<div class=\"swiper-pagination\"><\/div>\n\t\t\t\t\t\t\t\t\t<\/div>\n\t\t\t\t\t\t<\/div>\n\t\t\t\t<\/div>\n\t\t\t\t<div class=\"elementor-element elementor-element-99e3a20 elementor-view-default elementor-widget elementor-widget-icon\" data-id=\"99e3a20\" data-element_type=\"widget\" data-e-type=\"widget\" data-widget_type=\"icon.default\">\n\t\t\t\t<div class=\"elementor-widget-container\">\n\t\t\t\t\t\t\t<div class=\"elementor-icon-wrapper\">\n\t\t\t<div class=\"elementor-icon\">\n\t\t\t<i aria-hidden=\"true\" class=\"fas fa-phone-square-alt\"><\/i>\t\t\t<\/div>\n\t\t<\/div>\n\t\t\t\t\t\t<\/div>\n\t\t\t\t<\/div>\n\t\t\t\t<div class=\"elementor-element elementor-element-a226e06 elementor-widget elementor-widget-text-editor\" data-id=\"a226e06\" data-element_type=\"widget\" data-e-type=\"widget\" data-widget_type=\"text-editor.default\">\n\t\t\t\t<div class=\"elementor-widget-container\">\n\t\t\t\t\t\t\t\t\t<h2 style=\"text-align: center;\"><span class=\"OYPEnA text-decoration-none text-strikethrough-none\">+595 981 123134<\/span><\/h2>\t\t\t\t\t\t\t\t<\/div>\n\t\t\t\t<\/div>\n\t\t\t\t\t<\/div>\n\t\t<\/div>\n\t\t\t\t\t<\/div>\n\t\t<\/section>\n\t\t\t\t<\/div>\n\t\t","protected":false},"excerpt":{"rendered":"<p>TERMINAL PORTUARIA DE VILLETA Localizaci\u00f3n: Departamento Central, a 28 Km de Asunci\u00f3n, en el Km 353 del R\u00edo Paraguay (Km 0 confluencia Paraguay \u2013 Paran\u00e1).Accesos: A trav\u00e9s de dos rutas por v\u00eda terrestre; por la ruta PY01, a 33,2 km al sur de Asunci\u00f3n y por Acceso Sur, una ruta amplia, segura y bien se\u00f1alizada, [&hellip;]<\/p>\n","protected":false},"author":2,"featured_media":635,"parent":2,"menu_order":0,"comment_status":"closed","ping_status":"closed","template":"page-templates\/home-1.php","meta":{"inline_featured_image":false,"footnotes":""},"class_list":["post-749","page","type-page","status-publish","has-post-thumbnail","hentry"],"_links":{"self":[{"href":"https:\/\/annp.gov.py\/index.php?rest_route=\/wp\/v2\/pages\/749","targetHints":{"allow":["GET"]}}],"collection":[{"href":"https:\/\/annp.gov.py\/index.php?rest_route=\/wp\/v2\/pages"}],"about":[{"href":"https:\/\/annp.gov.py\/index.php?rest_route=\/wp\/v2\/types\/page"}],"author":[{"embeddable":true,"href":"https:\/\/annp.gov.py\/index.php?rest_route=\/wp\/v2\/users\/2"}],"replies":[{"embeddable":true,"href":"https:\/\/annp.gov.py\/index.php?rest_route=%2Fwp%2Fv2%2Fcomments&post=749"}],"version-history":[{"count":28,"href":"https:\/\/annp.gov.py\/index.php?rest_route=\/wp\/v2\/pages\/749\/revisions"}],"predecessor-version":[{"id":1888,"href":"https:\/\/annp.gov.py\/index.php?rest_route=\/wp\/v2\/pages\/749\/revisions\/1888"}],"up":[{"embeddable":true,"href":"https:\/\/annp.gov.py\/index.php?rest_route=\/wp\/v2\/pages\/2"}],"wp:featuredmedia":[{"embeddable":true,"href":"https:\/\/annp.gov.py\/index.php?rest_route=\/wp\/v2\/media\/635"}],"wp:attachment":[{"href":"https:\/\/annp.gov.py\/index.php?rest_route=%2Fwp%2Fv2%2Fmedia&parent=749"}],"curies":[{"name":"wp","href":"https:\/\/api.w.org\/{rel}","templated":true}]}}