{"id":764,"date":"2023-10-25T18:45:21","date_gmt":"2023-10-25T18:45:21","guid":{"rendered":"https:\/\/migracion.annp.gov.py\/?page_id=764"},"modified":"2024-04-22T15:00:14","modified_gmt":"2024-04-22T15:00:14","slug":"puerto-ciudad-del-este","status":"publish","type":"page","link":"https:\/\/annp.gov.py\/?page_id=764","title":{"rendered":"PUERTO CIUDAD DEL ESTE"},"content":{"rendered":"\t\t<div data-elementor-type=\"wp-page\" data-elementor-id=\"764\" class=\"elementor elementor-764\">\n\t\t\t\t\t\t<section class=\"elementor-section elementor-top-section elementor-element elementor-element-634655be elementor-section-boxed elementor-section-height-default elementor-section-height-default\" data-id=\"634655be\" data-element_type=\"section\" data-e-type=\"section\">\n\t\t\t\t\t\t<div class=\"elementor-container elementor-column-gap-default\">\n\t\t\t\t\t<div class=\"elementor-column elementor-col-100 elementor-top-column elementor-element elementor-element-496c02e7\" data-id=\"496c02e7\" data-element_type=\"column\" data-e-type=\"column\">\n\t\t\t<div class=\"elementor-widget-wrap elementor-element-populated\">\n\t\t\t\t\t\t<div class=\"elementor-element elementor-element-eab1a22 elementor-widget elementor-widget-spacer\" data-id=\"eab1a22\" data-element_type=\"widget\" data-e-type=\"widget\" data-widget_type=\"spacer.default\">\n\t\t\t\t<div class=\"elementor-widget-container\">\n\t\t\t\t\t\t\t<div class=\"elementor-spacer\">\n\t\t\t<div class=\"elementor-spacer-inner\"><\/div>\n\t\t<\/div>\n\t\t\t\t\t\t<\/div>\n\t\t\t\t<\/div>\n\t\t\t\t<div class=\"elementor-element elementor-element-05dea4d elementor-widget elementor-widget-heading\" data-id=\"05dea4d\" data-element_type=\"widget\" data-e-type=\"widget\" data-widget_type=\"heading.default\">\n\t\t\t\t<div class=\"elementor-widget-container\">\n\t\t\t\t\t<h2 class=\"elementor-heading-title elementor-size-default\">TERMINAL PORTUARIA DE CIUDAD DEL ESTE<\/h2>\t\t\t\t<\/div>\n\t\t\t\t<\/div>\n\t\t\t\t<div class=\"elementor-element elementor-element-522a0e2 elementor-widget elementor-widget-spacer\" data-id=\"522a0e2\" data-element_type=\"widget\" data-e-type=\"widget\" data-widget_type=\"spacer.default\">\n\t\t\t\t<div class=\"elementor-widget-container\">\n\t\t\t\t\t\t\t<div class=\"elementor-spacer\">\n\t\t\t<div class=\"elementor-spacer-inner\"><\/div>\n\t\t<\/div>\n\t\t\t\t\t\t<\/div>\n\t\t\t\t<\/div>\n\t\t\t\t\t<\/div>\n\t\t<\/div>\n\t\t\t\t\t<\/div>\n\t\t<\/section>\n\t\t\t\t<section class=\"elementor-section elementor-top-section elementor-element elementor-element-c446b9f elementor-section-boxed elementor-section-height-default elementor-section-height-default\" data-id=\"c446b9f\" data-element_type=\"section\" data-e-type=\"section\" data-settings=\"{&quot;background_background&quot;:&quot;classic&quot;}\">\n\t\t\t\t\t\t<div class=\"elementor-container elementor-column-gap-default\">\n\t\t\t\t\t<div class=\"elementor-column elementor-col-50 elementor-top-column elementor-element elementor-element-075d89c\" data-id=\"075d89c\" data-element_type=\"column\" data-e-type=\"column\">\n\t\t\t<div class=\"elementor-widget-wrap elementor-element-populated\">\n\t\t\t\t\t\t<div class=\"elementor-element elementor-element-f443285 elementor-widget elementor-widget-spacer\" data-id=\"f443285\" data-element_type=\"widget\" data-e-type=\"widget\" data-widget_type=\"spacer.default\">\n\t\t\t\t<div class=\"elementor-widget-container\">\n\t\t\t\t\t\t\t<div class=\"elementor-spacer\">\n\t\t\t<div class=\"elementor-spacer-inner\"><\/div>\n\t\t<\/div>\n\t\t\t\t\t\t<\/div>\n\t\t\t\t<\/div>\n\t\t\t\t<div class=\"elementor-element elementor-element-f44d4a0 elementor-widget elementor-widget-text-editor\" data-id=\"f44d4a0\" data-element_type=\"widget\" data-e-type=\"widget\" data-widget_type=\"text-editor.default\">\n\t\t\t\t<div class=\"elementor-widget-container\">\n\t\t\t\t\t\t\t\t\t<p class=\"cvGsUA direction-ltr align-justify para-style-body\"><strong><span class=\"OYPEnA text-decoration-none text-strikethrough-none\">Localizaci\u00f3n:<\/span><\/strong><span class=\"OYPEnA text-decoration-none text-strikethrough-none\"> Departamento Alto Paran\u00e1, en la frontera con el Brasil, sobre el R\u00edo Paran\u00e1, en la base del Puente de la Amistad, a 325 km de Asunci\u00f3n.<\/span><\/p><p class=\"cvGsUA direction-ltr align-justify para-style-body\"><strong><span class=\"OYPEnA text-decoration-none text-strikethrough-none\">Accesos:<\/span><\/strong><span class=\"OYPEnA text-decoration-none text-strikethrough-none\"> A trav\u00e9s de las Rutas PY02 que unen Asunci\u00f3n \u2013 Cnel Oviedo \u2013 Ciudad del Este. Y la Ruta PY06 (Intersecci\u00f3n PY02)que une Encarnaci\u00f3n \u2013<\/span> <span class=\"OYPEnA text-decoration-none text-strikethrough-none\">Minga Guaz\u00fa &#8211; Ciudad del Este.<\/span><\/p><p class=\"cvGsUA direction-ltr align-justify para-style-body\"><strong><span class=\"OYPEnA text-decoration-none text-strikethrough-none\">Dimensi\u00f3n:<\/span><\/strong><span class=\"OYPEnA text-decoration-none text-strikethrough-none\"> 11,8 hect\u00e1reas, adyacente al puente, sobre la Ruta Internacional, en pleno centro del radio urbano.<\/span><\/p><p class=\"cvGsUA direction-ltr align-justify para-style-body\"><span class=\"OYPEnA text-decoration-none text-strikethrough-none\"><strong>Tipo de Operaci\u00f3n:<\/strong> <\/span><span class=\"OYPEnA text-decoration-none text-strikethrough-none\">Importaci\u00f3n, Tr\u00e1nsito de mercader\u00edas, acceso de pasajeros, Despachos Menores e Importaci\u00f3n Regional.<\/span><\/p><p class=\"cvGsUA direction-ltr align-justify para-style-body\"><strong><span class=\"OYPEnA text-decoration-none text-strikethrough-none\">Ventajas: <\/span><\/strong><span class=\"OYPEnA text-decoration-none text-strikethrough-none\">Ubicaci\u00f3n estrat\u00e9gica como punto de ingreso de mercader\u00edas provenientes de los puertos del Atl\u00e1ntico como tambi\u00e9n del Brasil. Cuenta con tres playas de estacionamiento, andenes de verificaci\u00f3n y Dep\u00f3sitos de almacenamiento.<\/span><\/p><p class=\"cvGsUA direction-ltr align-justify para-style-body\"><strong><span class=\"OYPEnA text-decoration-none text-strikethrough-none\">Infraestructura: <\/span><\/strong><span class=\"OYPEnA text-decoration-none text-strikethrough-none\">Edificio Administrativo: 2 Niveles. Alberga Oficinas de la ANNP, DGA, Despachantes, fotocopiadoras, etc. Almacenamiento: 2 dep\u00f3sitos. Dep\u00f3sito A, con 828,00 m2 de \u00e1rea cubierta. Dep\u00f3sito B con 2000 m2 de \u00e1rea cubierta. Tiene oficinas internas. Playas de estacionamiento: 2 andenes. En la playa B que incluye oficinas, dep\u00f3sitos, SSHH, y \u00e1rea de descarga para verificaci\u00f3n de mercader\u00edas. En la playa C un and\u00e9n MULTIMODAL que alberga Oficinas Administrativas, 19 unidades en 3 niveles con sus SSHH, Laboratorio, Dep\u00f3sitos para Cargas Generales. Otros: Oficinas de Control de Turismo,<\/span> <span class=\"OYPEnA text-decoration-none text-strikethrough-none\">312m2. Residencia para Funcionarios, 3 niveles 1.300m2, vivienda p\/ obreros 48 m2. Quincho<\/span> <span class=\"OYPEnA text-decoration-none text-strikethrough-none\">40 m2, Ba\u00f1o y Comedor p\/ Camioneros, 84 m2, Oficina y B\u00e1scula de Importaci\u00f3n, 48 m2, Oficina y B\u00e1scula de Exportaci\u00f3n, 2 niveles, 380 m2, 4 Oficinas de Control s\/ Ruta Internacional, 42 m2, Caseta de B\u00e1scula y Oficina SOFIA 42m2. Tinglado p\/ Verificaci\u00f3n de Mercader\u00edas al costado del Dep\u00f3sito A1.500 m2. Muro de cierre perimetral en toda la playa C. B\u00e1sculas de 100 tn de capacidad. Iluminaci\u00f3n de patio: Red de Torres de iluminaci\u00f3n de H\u00baA\u00ba,provistas de reflectores de 400 Wen todas las playas y en todo el recinto portuario. Motor Generador de 300 KVA.<\/span><\/p><p><strong><span class=\"OYPEnA text-decoration-none text-strikethrough-none\">Equipos y maquinarias:<\/span><\/strong><span class=\"OYPEnA text-decoration-none text-strikethrough-none\"> 1 Montacargas Marca GP, capacidad 2,5 Ton. 1 B\u00e1scula electr\u00f3nica Marca Longhino de 100 Ton de capacidad. 1 B\u00e1scula electr\u00f3nica Marca BALPAR de 100 Ton de<\/span> <span class=\"OYPEnA text-decoration-none text-strikethrough-none\">capacidad.<\/span><\/p>\t\t\t\t\t\t\t\t<\/div>\n\t\t\t\t<\/div>\n\t\t\t\t<div class=\"elementor-element elementor-element-ad6c899 elementor-widget elementor-widget-spacer\" data-id=\"ad6c899\" data-element_type=\"widget\" data-e-type=\"widget\" data-widget_type=\"spacer.default\">\n\t\t\t\t<div class=\"elementor-widget-container\">\n\t\t\t\t\t\t\t<div class=\"elementor-spacer\">\n\t\t\t<div class=\"elementor-spacer-inner\"><\/div>\n\t\t<\/div>\n\t\t\t\t\t\t<\/div>\n\t\t\t\t<\/div>\n\t\t\t\t\t<\/div>\n\t\t<\/div>\n\t\t\t\t<div class=\"elementor-column elementor-col-50 elementor-top-column elementor-element elementor-element-6a46d76\" data-id=\"6a46d76\" data-element_type=\"column\" data-e-type=\"column\">\n\t\t\t<div class=\"elementor-widget-wrap elementor-element-populated\">\n\t\t\t\t\t\t<div class=\"elementor-element elementor-element-c79e671 elementor-widget elementor-widget-spacer\" data-id=\"c79e671\" data-element_type=\"widget\" data-e-type=\"widget\" data-widget_type=\"spacer.default\">\n\t\t\t\t<div class=\"elementor-widget-container\">\n\t\t\t\t\t\t\t<div class=\"elementor-spacer\">\n\t\t\t<div class=\"elementor-spacer-inner\"><\/div>\n\t\t<\/div>\n\t\t\t\t\t\t<\/div>\n\t\t\t\t<\/div>\n\t\t\t\t<div class=\"elementor-element elementor-element-fe02e20 elementor-arrows-position-inside elementor-pagination-position-outside elementor-widget elementor-widget-image-carousel\" data-id=\"fe02e20\" data-element_type=\"widget\" data-e-type=\"widget\" data-settings=\"{&quot;slides_to_show&quot;:&quot;1&quot;,&quot;navigation&quot;:&quot;both&quot;,&quot;autoplay&quot;:&quot;yes&quot;,&quot;pause_on_hover&quot;:&quot;yes&quot;,&quot;pause_on_interaction&quot;:&quot;yes&quot;,&quot;autoplay_speed&quot;:5000,&quot;infinite&quot;:&quot;yes&quot;,&quot;effect&quot;:&quot;slide&quot;,&quot;speed&quot;:500}\" data-widget_type=\"image-carousel.default\">\n\t\t\t\t<div class=\"elementor-widget-container\">\n\t\t\t\t\t\t\t<div class=\"elementor-image-carousel-wrapper swiper\" role=\"region\" aria-roledescription=\"carousel\" aria-label=\"Carrusel de im\u00e1genes\" dir=\"ltr\">\n\t\t\t<div class=\"elementor-image-carousel swiper-wrapper swiper-image-stretch\" aria-live=\"off\">\n\t\t\t\t\t\t\t\t<div class=\"swiper-slide\" role=\"group\" aria-roledescription=\"slide\" aria-label=\"1 de 10\"><figure class=\"swiper-slide-inner\"><img decoding=\"async\" class=\"swiper-slide-image\" src=\"https:\/\/annp.gov.py\/wp-content\/uploads\/elementor\/thumbs\/Pto-CdE-2-1-qee7oq55xjwmw37m4ngba9f5b8a9hm1v4l8szhc39k.jpg\" alt=\"Pto CdE (2) (1)\" \/><\/figure><\/div><div class=\"swiper-slide\" role=\"group\" aria-roledescription=\"slide\" aria-label=\"2 de 10\"><figure class=\"swiper-slide-inner\"><img decoding=\"async\" class=\"swiper-slide-image\" src=\"https:\/\/annp.gov.py\/wp-content\/uploads\/elementor\/thumbs\/Pto-Ciudad-del-Este-4-qee7mhb1lstz5mh18oiebtti83cp3n4y5h51pony4o.jpeg\" alt=\"Pto Ciudad del Este (4)\" \/><\/figure><\/div><div class=\"swiper-slide\" role=\"group\" aria-roledescription=\"slide\" aria-label=\"3 de 10\"><figure class=\"swiper-slide-inner\"><img decoding=\"async\" class=\"swiper-slide-image\" src=\"https:\/\/annp.gov.py\/wp-content\/uploads\/elementor\/thumbs\/Pto-Ciudad-del-Este-3-qee7mm08jz0eroa7h8jj6amt70pj64nlu4eh42gz9k.jpeg\" alt=\"Pto Ciudad del Este (3)\" \/><\/figure><\/div><div class=\"swiper-slide\" role=\"group\" aria-roledescription=\"slide\" aria-label=\"4 de 10\"><figure class=\"swiper-slide-inner\"><img decoding=\"async\" class=\"swiper-slide-image\" src=\"https:\/\/annp.gov.py\/wp-content\/uploads\/elementor\/thumbs\/Pto-Ciudad-del-Este-2-1-qee7ojkalpnmmth672lxat2x5j6ozqbqrooemjluh4.jpeg\" alt=\"Pto Ciudad del Este (2)\" \/><\/figure><\/div><div class=\"swiper-slide\" role=\"group\" aria-roledescription=\"slide\" aria-label=\"5 de 10\"><figure class=\"swiper-slide-inner\"><img decoding=\"async\" class=\"swiper-slide-image\" src=\"https:\/\/annp.gov.py\/wp-content\/uploads\/elementor\/thumbs\/Pto-Ciudad-del-Este-1-1-qee7oo9hjvu28vacfmn259w84gjj27uegbxu0xevm0.jpeg\" alt=\"Pto Ciudad del Este (1)\" \/><\/figure><\/div><div class=\"swiper-slide\" role=\"group\" aria-roledescription=\"slide\" aria-label=\"6 de 10\"><figure class=\"swiper-slide-inner\"><img decoding=\"async\" class=\"swiper-slide-image\" src=\"https:\/\/annp.gov.py\/wp-content\/uploads\/elementor\/thumbs\/WhatsApp-Image-2023-10-31-at-12.09.29-qeztuhwe44naq7n9draip3127bz1oms3zvsggt1doo.jpeg\" alt=\"WhatsApp Image 2023-10-31 at 12.09.29\" \/><\/figure><\/div><div class=\"swiper-slide\" role=\"group\" aria-roledescription=\"slide\" aria-label=\"7 de 10\"><figure class=\"swiper-slide-inner\"><img decoding=\"async\" class=\"swiper-slide-image\" src=\"https:\/\/annp.gov.py\/wp-content\/uploads\/elementor\/thumbs\/WhatsApp-Image-2023-10-31-at-12.09.29-2-qeztujs2hspvdfkj2s3ru2jze3ps40zko53ffcylc8.jpeg\" alt=\"WhatsApp Image 2023-10-31 at 12.09.29 (2)\" \/><\/figure><\/div><div class=\"swiper-slide\" role=\"group\" aria-roledescription=\"slide\" aria-label=\"8 de 10\"><figure class=\"swiper-slide-inner\"><img decoding=\"async\" class=\"swiper-slide-image\" src=\"https:\/\/annp.gov.py\/wp-content\/uploads\/elementor\/thumbs\/WhatsApp-Image-2023-10-31-at-12.09.29-1-qeztukpwomr5p1j5xaieekbfzhl5bq3b09qwwmx760.jpeg\" alt=\"WhatsApp Image 2023-10-31 at 12.09.29 (1)\" \/><\/figure><\/div><div class=\"swiper-slide\" role=\"group\" aria-roledescription=\"slide\" aria-label=\"9 de 10\"><figure class=\"swiper-slide-inner\"><img decoding=\"async\" class=\"swiper-slide-image\" src=\"https:\/\/annp.gov.py\/wp-content\/uploads\/elementor\/thumbs\/WhatsApp-Image-2023-10-31-at-12.09.28-qeztupf3msxlb3cc5ujj914qyexze7lyox0cb0q8aw.jpeg\" alt=\"WhatsApp Image 2023-10-31 at 12.09.28\" \/><\/figure><\/div><div class=\"swiper-slide\" role=\"group\" aria-roledescription=\"slide\" aria-label=\"10 de 10\"><figure class=\"swiper-slide-inner\"><img decoding=\"async\" class=\"swiper-slide-image\" src=\"https:\/\/annp.gov.py\/wp-content\/uploads\/elementor\/thumbs\/WhatsApp-Image-2023-10-31-at-12.09.28-1-qeztut6ge52qlj6vjw61j06lbyfg900w1fma84knm0.jpeg\" alt=\"WhatsApp Image 2023-10-31 at 12.09.28 (1)\" \/><\/figure><\/div>\t\t\t<\/div>\n\t\t\t\t\t\t\t\t\t\t\t\t<div class=\"elementor-swiper-button elementor-swiper-button-prev\" role=\"button\" tabindex=\"0\">\n\t\t\t\t\t\t<i aria-hidden=\"true\" class=\"eicon-chevron-left\"><\/i>\t\t\t\t\t<\/div>\n\t\t\t\t\t<div class=\"elementor-swiper-button elementor-swiper-button-next\" role=\"button\" tabindex=\"0\">\n\t\t\t\t\t\t<i aria-hidden=\"true\" class=\"eicon-chevron-right\"><\/i>\t\t\t\t\t<\/div>\n\t\t\t\t\n\t\t\t\t\t\t\t\t\t<div class=\"swiper-pagination\"><\/div>\n\t\t\t\t\t\t\t\t\t<\/div>\n\t\t\t\t\t\t<\/div>\n\t\t\t\t<\/div>\n\t\t\t\t<div class=\"elementor-element elementor-element-2fead2e elementor-view-default elementor-widget elementor-widget-icon\" data-id=\"2fead2e\" data-element_type=\"widget\" data-e-type=\"widget\" data-widget_type=\"icon.default\">\n\t\t\t\t<div class=\"elementor-widget-container\">\n\t\t\t\t\t\t\t<div class=\"elementor-icon-wrapper\">\n\t\t\t<div class=\"elementor-icon\">\n\t\t\t<i aria-hidden=\"true\" class=\"fas fa-phone-square-alt\"><\/i>\t\t\t<\/div>\n\t\t<\/div>\n\t\t\t\t\t\t<\/div>\n\t\t\t\t<\/div>\n\t\t\t\t<div class=\"elementor-element elementor-element-6751d67 elementor-widget elementor-widget-text-editor\" data-id=\"6751d67\" data-element_type=\"widget\" data-e-type=\"widget\" data-widget_type=\"text-editor.default\">\n\t\t\t\t<div class=\"elementor-widget-container\">\n\t\t\t\t\t\t\t\t\t<h2 style=\"text-align: center;\"><span class=\"OYPEnA text-decoration-none text-strikethrough-none\">+595 971 928860<\/span><\/h2>\t\t\t\t\t\t\t\t<\/div>\n\t\t\t\t<\/div>\n\t\t\t\t\t<\/div>\n\t\t<\/div>\n\t\t\t\t\t<\/div>\n\t\t<\/section>\n\t\t\t\t<\/div>\n\t\t","protected":false},"excerpt":{"rendered":"<p>TERMINAL PORTUARIA DE CIUDAD DEL ESTE Localizaci\u00f3n: Departamento Alto Paran\u00e1, en la frontera con el Brasil, sobre el R\u00edo Paran\u00e1, en la base del Puente de la Amistad, a 325 km de Asunci\u00f3n.Accesos: A trav\u00e9s de las Rutas PY02 que unen Asunci\u00f3n \u2013 Cnel Oviedo \u2013 Ciudad del Este. Y la Ruta PY06 (Intersecci\u00f3n PY02)que [&hellip;]<\/p>\n","protected":false},"author":2,"featured_media":635,"parent":2,"menu_order":0,"comment_status":"closed","ping_status":"closed","template":"page-templates\/home-1.php","meta":{"inline_featured_image":false,"footnotes":""},"class_list":["post-764","page","type-page","status-publish","has-post-thumbnail","hentry"],"_links":{"self":[{"href":"https:\/\/annp.gov.py\/index.php?rest_route=\/wp\/v2\/pages\/764","targetHints":{"allow":["GET"]}}],"collection":[{"href":"https:\/\/annp.gov.py\/index.php?rest_route=\/wp\/v2\/pages"}],"about":[{"href":"https:\/\/annp.gov.py\/index.php?rest_route=\/wp\/v2\/types\/page"}],"author":[{"embeddable":true,"href":"https:\/\/annp.gov.py\/index.php?rest_route=\/wp\/v2\/users\/2"}],"replies":[{"embeddable":true,"href":"https:\/\/annp.gov.py\/index.php?rest_route=%2Fwp%2Fv2%2Fcomments&post=764"}],"version-history":[{"count":37,"href":"https:\/\/annp.gov.py\/index.php?rest_route=\/wp\/v2\/pages\/764\/revisions"}],"predecessor-version":[{"id":1898,"href":"https:\/\/annp.gov.py\/index.php?rest_route=\/wp\/v2\/pages\/764\/revisions\/1898"}],"up":[{"embeddable":true,"href":"https:\/\/annp.gov.py\/index.php?rest_route=\/wp\/v2\/pages\/2"}],"wp:featuredmedia":[{"embeddable":true,"href":"https:\/\/annp.gov.py\/index.php?rest_route=\/wp\/v2\/media\/635"}],"wp:attachment":[{"href":"https:\/\/annp.gov.py\/index.php?rest_route=%2Fwp%2Fv2%2Fmedia&parent=764"}],"curies":[{"name":"wp","href":"https:\/\/api.w.org\/{rel}","templated":true}]}}