{"id":819,"date":"2023-10-25T19:07:45","date_gmt":"2023-10-25T19:07:45","guid":{"rendered":"https:\/\/migracion.annp.gov.py\/?page_id=819"},"modified":"2025-08-06T11:40:47","modified_gmt":"2025-08-06T14:40:47","slug":"autoridades","status":"publish","type":"page","link":"https:\/\/annp.gov.py\/?page_id=819","title":{"rendered":"AUTORIDADES"},"content":{"rendered":"\t\t<div data-elementor-type=\"wp-page\" data-elementor-id=\"819\" class=\"elementor elementor-819\">\n\t\t\t\t\t\t<section class=\"elementor-section elementor-top-section elementor-element elementor-element-634655be elementor-section-boxed elementor-section-height-default elementor-section-height-default\" data-id=\"634655be\" data-element_type=\"section\" data-e-type=\"section\">\n\t\t\t\t\t\t<div class=\"elementor-container elementor-column-gap-default\">\n\t\t\t\t\t<div class=\"elementor-column elementor-col-100 elementor-top-column elementor-element elementor-element-496c02e7\" data-id=\"496c02e7\" data-element_type=\"column\" data-e-type=\"column\">\n\t\t\t<div class=\"elementor-widget-wrap elementor-element-populated\">\n\t\t\t\t\t\t<div class=\"elementor-element elementor-element-eab1a22 elementor-widget elementor-widget-spacer\" data-id=\"eab1a22\" data-element_type=\"widget\" data-e-type=\"widget\" data-widget_type=\"spacer.default\">\n\t\t\t\t<div class=\"elementor-widget-container\">\n\t\t\t\t\t\t\t<div class=\"elementor-spacer\">\n\t\t\t<div class=\"elementor-spacer-inner\"><\/div>\n\t\t<\/div>\n\t\t\t\t\t\t<\/div>\n\t\t\t\t<\/div>\n\t\t\t\t<div class=\"elementor-element elementor-element-05dea4d elementor-widget elementor-widget-heading\" data-id=\"05dea4d\" data-element_type=\"widget\" data-e-type=\"widget\" data-widget_type=\"heading.default\">\n\t\t\t\t<div class=\"elementor-widget-container\">\n\t\t\t\t\t<h2 class=\"elementor-heading-title elementor-size-default\">AUTORIDADES<\/h2>\t\t\t\t<\/div>\n\t\t\t\t<\/div>\n\t\t\t\t<div class=\"elementor-element elementor-element-522a0e2 elementor-widget elementor-widget-spacer\" data-id=\"522a0e2\" data-element_type=\"widget\" data-e-type=\"widget\" data-widget_type=\"spacer.default\">\n\t\t\t\t<div class=\"elementor-widget-container\">\n\t\t\t\t\t\t\t<div class=\"elementor-spacer\">\n\t\t\t<div class=\"elementor-spacer-inner\"><\/div>\n\t\t<\/div>\n\t\t\t\t\t\t<\/div>\n\t\t\t\t<\/div>\n\t\t\t\t\t<\/div>\n\t\t<\/div>\n\t\t\t\t\t<\/div>\n\t\t<\/section>\n\t\t\t\t<section class=\"elementor-section elementor-top-section elementor-element elementor-element-c446b9f elementor-section-boxed elementor-section-height-default elementor-section-height-default\" data-id=\"c446b9f\" data-element_type=\"section\" data-e-type=\"section\">\n\t\t\t\t\t\t<div class=\"elementor-container elementor-column-gap-default\">\n\t\t\t\t\t<div class=\"elementor-column elementor-col-50 elementor-top-column elementor-element elementor-element-075d89c\" data-id=\"075d89c\" data-element_type=\"column\" data-e-type=\"column\">\n\t\t\t<div class=\"elementor-widget-wrap elementor-element-populated\">\n\t\t\t\t\t\t<div class=\"elementor-element elementor-element-38d40e4 elementor-widget__width-initial elementor-widget elementor-widget-text-editor\" data-id=\"38d40e4\" data-element_type=\"widget\" data-e-type=\"widget\" data-widget_type=\"text-editor.default\">\n\t\t\t\t<div class=\"elementor-widget-container\">\n\t\t\t\t\t\t\t\t\t<div class=\"espacio10\"><div><p>Ing. Julio C\u00e9sar Vera C\u00e1ceres<\/p><p><em><strong>Presidente del Directorio de la ANNP.<\/strong><\/em><\/p><p>+595 21 4392303<\/p><p>Mag. Humberto Rub\u00e9n Peralta Beaufort<\/p><p><strong><em>Miembro del Directorio por el Ministerio de Econom\u00eda y Finanzas.<\/em><\/strong><\/p><p>+595 21 4392303<\/p><p>Abog. Mario Jos\u00e9 G\u00f3mez L\u00f3pez<\/p><p><em><strong>Miembro del Directorio por el Ministerio de Obras P\u00fablicas y Comunicaciones (MOPC). <\/strong><\/em><\/p><p>+595 21 4392303<\/p><p>Valmte.(R) Manuel Jesus Alejandro Royg Benitez<\/p><p><em><strong>Miembro del Directorio por la Armada Nacional.<\/strong><\/em><\/p><p>+595 21 4392303<\/p><p>Dr. Mario An\u00edbal Romero L\u00e9vera,<\/p><p><strong><em>Miembro del Directorio por el Centro de Armadores Fluviales y Mar\u00edtimos (CAFyM).<\/em><\/strong><\/p><p>+595 21 4392303<\/p><p>Dra. Laura Alejandra Battilana<\/p><p><em><strong>Jefe de Gabinete de Presidencia.<\/strong> <\/em><\/p><p>+595 21 4392221<\/p><p>Abog. \u00c1ngel Colman<\/p><p><em><strong> Gerente General.<\/strong> <\/em><\/p><p>+595 21 4392604<\/p><p>Abog. Cynthia Colnago<\/p><p><strong><em>Secretaria General.<\/em> <\/strong><\/p><p>+595 21 4392205<\/p><p>Sr. Orlando Gaona Avalos<\/p><p><strong><em>Gerente de Recursos Humanos.<\/em><\/strong><\/p><p>+595 21 439 2207<\/p><p>Mag. Ing. Nelson Duarte Paris<\/p><p><strong><em>Gerente de la Unidad de Tecnolog\u00eda de la Informaci\u00f3n y Comunicaci\u00f3n.<\/em> <\/strong><\/p><p>+595 21 4392159<\/p><\/div><\/div><p class=\"cvGsUA direction-ltr align-start para-style-body\"><span class=\"OYPEnA text-decoration-none text-strikethrough-none\">Econ. Maria de los Angeles Ortiz<\/span><\/p><p class=\"cvGsUA direction-ltr align-start para-style-body\"><strong><em><span class=\"OYPEnA text-decoration-none text-strikethrough-none\">Unidad de Transparencia y Anticorrupci\u00f3n.<\/span><\/em><\/strong><\/p><p class=\"cvGsUA direction-ltr align-start para-style-body\"><span class=\"OYPEnA text-decoration-none text-strikethrough-none\">+595 21 4392067;<\/span><\/p><p class=\"cvGsUA direction-ltr align-start para-style-body\"><span class=\"OYPEnA text-decoration-none text-strikethrough-none\">Econ. Robin Storni<\/span><\/p><p class=\"cvGsUA direction-ltr align-start para-style-body\"><em><strong><span class=\"OYPEnA text-decoration-none text-strikethrough-none\">Gerente de Administraci\u00f3n y Finanzas.<\/span><\/strong><\/em><\/p><p class=\"cvGsUA direction-ltr align-start para-style-body\"><span class=\"OYPEnA text-decoration-none text-strikethrough-none\">+595 21 4392231<\/span><\/p>\t\t\t\t\t\t\t\t<\/div>\n\t\t\t\t<\/div>\n\t\t\t\t\t<\/div>\n\t\t<\/div>\n\t\t\t\t<div class=\"elementor-column elementor-col-50 elementor-top-column elementor-element elementor-element-6a46d76\" data-id=\"6a46d76\" data-element_type=\"column\" data-e-type=\"column\">\n\t\t\t<div class=\"elementor-widget-wrap elementor-element-populated\">\n\t\t\t\t\t\t<div class=\"elementor-element elementor-element-802e4f8 elementor-widget elementor-widget-image\" data-id=\"802e4f8\" data-element_type=\"widget\" data-e-type=\"widget\" data-widget_type=\"image.default\">\n\t\t\t\t<div class=\"elementor-widget-container\">\n\t\t\t\t\t\t\t\t\t\t\t\t\t\t\t<img fetchpriority=\"high\" decoding=\"async\" width=\"900\" height=\"837\" src=\"https:\/\/annp.gov.py\/wp-content\/uploads\/2023\/10\/WhatsApp-Image-2023-10-24-at-13.24.29-1.jpeg\" class=\"attachment-large size-large wp-image-821\" alt=\"\" srcset=\"https:\/\/annp.gov.py\/wp-content\/uploads\/2023\/10\/WhatsApp-Image-2023-10-24-at-13.24.29-1.jpeg 960w, https:\/\/annp.gov.py\/wp-content\/uploads\/2023\/10\/WhatsApp-Image-2023-10-24-at-13.24.29-1-300x279.jpeg 300w, https:\/\/annp.gov.py\/wp-content\/uploads\/2023\/10\/WhatsApp-Image-2023-10-24-at-13.24.29-1-768x714.jpeg 768w\" sizes=\"(max-width: 900px) 100vw, 900px\" \/>\t\t\t\t\t\t\t\t\t\t\t\t\t\t\t<\/div>\n\t\t\t\t<\/div>\n\t\t\t\t<div class=\"elementor-element elementor-element-f44d4a0 elementor-widget__width-initial elementor-widget elementor-widget-text-editor\" data-id=\"f44d4a0\" data-element_type=\"widget\" data-e-type=\"widget\" data-widget_type=\"text-editor.default\">\n\t\t\t\t<div class=\"elementor-widget-container\">\n\t\t\t\t\t\t\t\t\t<p class=\"cvGsUA direction-ltr align-start para-style-body\">Lic. Carlos Matto<\/p><p class=\"cvGsUA direction-ltr align-start para-style-body\"><strong><em><span class=\"OYPEnA text-decoration-none text-strikethrough-none\">Subgerente Comercial \u2013 Gerencia de Operaciones.<\/span><\/em><\/strong><\/p><p class=\"cvGsUA direction-ltr align-start para-style-body\"><span class=\"OYPEnA text-decoration-none text-strikethrough-none\">+595 21 4392214;<\/span><\/p><p class=\"cvGsUA direction-ltr align-start para-style-body\"><span class=\"OYPEnA text-decoration-none text-strikethrough-none\">Lic. Rodolfo German G\u00f3mez Villalba.<\/span><\/p><p class=\"cvGsUA direction-ltr align-start para-style-body\"><em><strong><span class=\"OYPEnA text-decoration-none text-strikethrough-none\">Gerente de Navegaci\u00f3n e Hidrograf\u00eda.<\/span><\/strong><\/em><\/p><p class=\"cvGsUA direction-ltr align-start para-style-body\"><span class=\"OYPEnA text-decoration-none text-strikethrough-none\">+595 21 906701<\/span><\/p><p class=\"cvGsUA direction-ltr align-start para-style-body\"><span class=\"OYPEnA text-decoration-none text-strikethrough-none\">Ing. Pablo Carlos Saldivar<\/span><\/p><p class=\"cvGsUA direction-ltr align-start para-style-body\"><strong><em><span class=\"OYPEnA text-decoration-none text-strikethrough-none\">Gerente de Obras Portuarias.<\/span><\/em><\/strong><\/p><p class=\"cvGsUA direction-ltr align-start para-style-body\"><span class=\"OYPEnA text-decoration-none text-strikethrough-none\">+595 21 4392219<\/span><\/p><p class=\"cvGsUA direction-ltr align-start para-style-body\"><span class=\"OYPEnA text-decoration-none text-strikethrough-none\">CPN. Carlos Sosa<\/span><\/p><p class=\"cvGsUA direction-ltr align-start para-style-body\"><em><strong><span class=\"OYPEnA text-decoration-none text-strikethrough-none\">Auditor Interno.<\/span><\/strong><\/em><\/p><p class=\"cvGsUA direction-ltr align-start para-style-body\"><span class=\"OYPEnA text-decoration-none text-strikethrough-none\">+595 21 4392287<\/span><\/p><p class=\"cvGsUA direction-ltr align-start para-style-body\"><span class=\"OYPEnA text-decoration-none text-strikethrough-none\">Lic. Marcos Mart\u00ednez<\/span><\/p><p class=\"cvGsUA direction-ltr align-start para-style-body\"><em><strong><span class=\"OYPEnA text-decoration-none text-strikethrough-none\">Gerente T\u00e9cnico.<\/span><\/strong><\/em><\/p><p class=\"cvGsUA direction-ltr align-start para-style-body\"><span class=\"OYPEnA text-decoration-none text-strikethrough-none\">+595 21 4392218;<\/span><\/p><p class=\"cvGsUA direction-ltr align-start para-style-body\">Mag. Lic. Gloria Caballero<\/p><p class=\"cvGsUA direction-ltr align-start para-style-body\"><em><strong><span class=\"OYPEnA text-decoration-none text-strikethrough-none\">Gerente Planificaci\u00f3n.<\/span><\/strong><\/em><\/p><p class=\"cvGsUA direction-ltr align-start para-style-body\"><span class=\"OYPEnA text-decoration-none text-strikethrough-none\">+595 21 4392212;<\/span><\/p><p class=\"cvGsUA direction-ltr align-start para-style-body\"><span class=\"OYPEnA text-decoration-none text-strikethrough-none\">Abog. Flaminio Sosa<\/span><\/p><p class=\"cvGsUA direction-ltr align-start para-style-body\"><em><strong><span class=\"OYPEnA text-decoration-none text-strikethrough-none\">Asesor Jur\u00eddico.<\/span><\/strong><\/em><\/p><p class=\"cvGsUA direction-ltr align-start para-style-body\"><span class=\"OYPEnA text-decoration-none text-strikethrough-none\">+595 21 4392208<\/span><\/p><p class=\"cvGsUA direction-ltr align-start para-style-body\"><span class=\"OYPEnA text-decoration-none text-strikethrough-none\">Abog. Carlos Martin Figueredo<\/span><\/p><p class=\"cvGsUA direction-ltr align-start para-style-body\"><em><strong><span class=\"OYPEnA text-decoration-none text-strikethrough-none\">Gerente de la Unidad Operativa de Contrataciones.<\/span><\/strong><\/em><\/p><p class=\"cvGsUA direction-ltr align-start para-style-body\"><span class=\"OYPEnA text-decoration-none text-strikethrough-none\">+595 21 4392161<\/span><\/p><p class=\"cvGsUA direction-ltr align-start para-style-body\"><span class=\"OYPEnA text-decoration-none text-strikethrough-none\">Lic. Belarmino Duarte<\/span><\/p><p class=\"cvGsUA direction-ltr align-start para-style-body\"><em><strong><span class=\"OYPEnA text-decoration-none text-strikethrough-none\">Gerente de Operaciones.<\/span><\/strong><\/em><\/p><p class=\"cvGsUA direction-ltr align-start para-style-body\"><span class=\"OYPEnA text-decoration-none text-strikethrough-none\">+595 21 4392214<\/span><\/p>\t\t\t\t\t\t\t\t<\/div>\n\t\t\t\t<\/div>\n\t\t\t\t\t<\/div>\n\t\t<\/div>\n\t\t\t\t\t<\/div>\n\t\t<\/section>\n\t\t\t\t<section class=\"elementor-section elementor-top-section elementor-element elementor-element-115ad77 elementor-section-boxed elementor-section-height-default elementor-section-height-default\" data-id=\"115ad77\" data-element_type=\"section\" data-e-type=\"section\">\n\t\t\t\t\t\t<div class=\"elementor-container elementor-column-gap-default\">\n\t\t\t\t\t<div class=\"elementor-column elementor-col-100 elementor-top-column elementor-element elementor-element-548e945\" data-id=\"548e945\" data-element_type=\"column\" data-e-type=\"column\">\n\t\t\t<div class=\"elementor-widget-wrap elementor-element-populated\">\n\t\t\t\t\t\t<div class=\"elementor-element elementor-element-758db1c elementor-widget elementor-widget-spacer\" data-id=\"758db1c\" data-element_type=\"widget\" data-e-type=\"widget\" data-widget_type=\"spacer.default\">\n\t\t\t\t<div class=\"elementor-widget-container\">\n\t\t\t\t\t\t\t<div class=\"elementor-spacer\">\n\t\t\t<div class=\"elementor-spacer-inner\"><\/div>\n\t\t<\/div>\n\t\t\t\t\t\t<\/div>\n\t\t\t\t<\/div>\n\t\t\t\t\t<\/div>\n\t\t<\/div>\n\t\t\t\t\t<\/div>\n\t\t<\/section>\n\t\t\t\t<\/div>\n\t\t","protected":false},"excerpt":{"rendered":"<p>AUTORIDADES Ing. Julio C\u00e9sar Vera C\u00e1ceresPresidente del Directorio de la ANNP.+595 21 4392303Mag. Humberto Rub\u00e9n Peralta BeaufortMiembro del Directorio por el Ministerio de Econom\u00eda y Finanzas.+595 21 4392303Abog. Mario Jos\u00e9 G\u00f3mez L\u00f3pezMiembro del Directorio por el Ministerio de Obras P\u00fablicas y Comunicaciones (MOPC). +595 21 4392303Valmte.(R) Manuel Jesus Alejandro Royg BenitezMiembro del Directorio por la [&hellip;]<\/p>\n","protected":false},"author":2,"featured_media":635,"parent":2,"menu_order":0,"comment_status":"closed","ping_status":"closed","template":"page-templates\/home-1.php","meta":{"inline_featured_image":false,"footnotes":""},"class_list":["post-819","page","type-page","status-publish","has-post-thumbnail","hentry"],"_links":{"self":[{"href":"https:\/\/annp.gov.py\/index.php?rest_route=\/wp\/v2\/pages\/819","targetHints":{"allow":["GET"]}}],"collection":[{"href":"https:\/\/annp.gov.py\/index.php?rest_route=\/wp\/v2\/pages"}],"about":[{"href":"https:\/\/annp.gov.py\/index.php?rest_route=\/wp\/v2\/types\/page"}],"author":[{"embeddable":true,"href":"https:\/\/annp.gov.py\/index.php?rest_route=\/wp\/v2\/users\/2"}],"replies":[{"embeddable":true,"href":"https:\/\/annp.gov.py\/index.php?rest_route=%2Fwp%2Fv2%2Fcomments&post=819"}],"version-history":[{"count":40,"href":"https:\/\/annp.gov.py\/index.php?rest_route=\/wp\/v2\/pages\/819\/revisions"}],"predecessor-version":[{"id":5138,"href":"https:\/\/annp.gov.py\/index.php?rest_route=\/wp\/v2\/pages\/819\/revisions\/5138"}],"up":[{"embeddable":true,"href":"https:\/\/annp.gov.py\/index.php?rest_route=\/wp\/v2\/pages\/2"}],"wp:featuredmedia":[{"embeddable":true,"href":"https:\/\/annp.gov.py\/index.php?rest_route=\/wp\/v2\/media\/635"}],"wp:attachment":[{"href":"https:\/\/annp.gov.py\/index.php?rest_route=%2Fwp%2Fv2%2Fmedia&parent=819"}],"curies":[{"name":"wp","href":"https:\/\/api.w.org\/{rel}","templated":true}]}}